{"id":11201,"date":"2018-10-02T18:49:14","date_gmt":"2018-10-02T16:49:14","guid":{"rendered":"http:\/\/ditibchorweiler.de\/?page_id=11201"},"modified":"2018-10-02T21:51:49","modified_gmt":"2018-10-02T19:51:49","slug":"startseite","status":"publish","type":"page","link":"https:\/\/ditib-chorweiler.de\/tr\/startseite\/","title":{"rendered":"Anasayfa"},"content":{"rendered":"<p>[vc_row][vc_column][rev_slider_vc alias=&#8221;startseite_de&#8221;][\/vc_column][\/vc_row][vc_row css=&#8221;.vc_custom_1538343400671{padding-top: 20px !important;padding-bottom: 20px !important;}&#8221;][vc_column][karma_builder_heading animate=&#8221;animate_none&#8221; heading_text=&#8221;Ho\u015fgeldiniz&#8221; sub_heading_text=&#8221;D\u0130T\u0130B K\u00f6ln Chorweiler Merkez Camii ve K\u00fclt\u00fcr Merkezi olarak websitemize ho\u015fgeldiniz diyoruz ve sizi derne\u011fimizde a\u011f\u0131rlayabilmeyi can\u0131 g\u00f6n\u00fclden umuyoruz.&#8221; sub_heading_color=&#8221;#555555&#8243; heading_type=&#8221;h1&#8243; heading_style=&#8221;uppercase&#8221;][\/karma_builder_heading][\/vc_column][\/vc_row][vc_row css=&#8221;.vc_custom_1538421348010{padding-bottom: 30px !important;}&#8221;][vc_column][heading_horizontal type=&#8221;h1&#8243;]BLOG[\/heading_horizontal][\/vc_column][\/vc_row][vc_row][vc_column][blog_posts animate=&#8221;animate_none&#8221; layout=&#8221;three_col_large&#8221; style=&#8221;shadow&#8221; count=&#8221;3&#8243; character_count=&#8221;115&#8243; link_text=&#8221;Devam oku&#8221;][\/vc_column][\/vc_row][vc_row css=&#8221;.vc_custom_1538421261995{padding-top: 30px !important;}&#8221;][vc_column][karma_separator_line style=&#8221;separator_shadow&#8221;][\/vc_column][\/vc_row][vc_row equal_height=&#8221;yes&#8221; css=&#8221;.vc_custom_1538498932651{padding-top: 30px !important;padding-bottom: 80px !important;}&#8221;][vc_column width=&#8221;1\/3&#8243;][karma_builder_imagebox_2 animate=&#8221;animate_none&#8221; type=&#8221;fontawesome&#8221; icon_fontawesome=&#8221;fa fa-book&#8221; box_bg_color=&#8221;#ffffff&#8221; icon_bg_color=&#8221;#e08121&#8243; icon_color=&#8221;#ffffff&#8221; link_color=&#8221;#e08121&#8243; icon=&#8221;fa-video-camera&#8221; attachment_id=&#8221;11147&#8243; custom_css_class=&#8221;box-1&#8243; url=&#8221;|||&#8221; link_text=&#8221;Lorem ipsum dolor&#8221;]<\/p>\n<h2>Kur&#8217;an Kurslar\u0131<\/h2>\n<p>Haftasonu ve tatillerde d\u00fczenli olarak nezih s\u0131n\u0131f ortamlar\u0131nda \u00e7ocuklar\u0131m\u0131za Kur\u2019an kurslar\u0131 sunuyoruz. Hocalar\u0131m\u0131z \u00e7ocuklar\u0131n\u0131zla ilgileniyorlar ve Kur\u2019an okumas\u0131n\u0131 \u00f6\u011fretmenin yan\u0131 s\u0131ra \u0130slam\u0131n hikmetlerini de \u00f6\u011fretiyorlar.[\/karma_builder_imagebox_2][\/vc_column][vc_column width=&#8221;1\/3&#8243;][karma_builder_imagebox_2 animate=&#8221;animate_none&#8221; type=&#8221;fontawesome&#8221; icon_fontawesome=&#8221;fa fa-users&#8221; box_bg_color=&#8221;#ffffff&#8221; icon_bg_color=&#8221;#86b946&#8243; icon_color=&#8221;#ffffff&#8221; link_color=&#8221;#86b946&#8243; icon=&#8221;fa-camera&#8221; attachment_id=&#8221;11148&#8243; custom_css_class=&#8221;box-2&#8243; url=&#8221;|||&#8221; link_text=&#8221;Lorem ipsum dolor&#8221;]<\/p>\n<h2>Salon<\/h2>\n<p>Salonumuzda yerden kal\u00f6rifer, ses ve video sistemi mevcuttur. Salonumuzun kapasitesi mevl\u00fct, konferans, seminer veya ni\u015fan gibi etkinlikleri kolayl\u0131kla kald\u0131rabilecek b\u00fcy\u00fckl\u00fcktedir.[\/karma_builder_imagebox_2][\/vc_column][vc_column width=&#8221;1\/3&#8243;][karma_builder_imagebox_2 animate=&#8221;animate_none&#8221; type=&#8221;fontawesome&#8221; icon_fontawesome=&#8221;fa fa-question-circle-o&#8221; box_bg_color=&#8221;#ffffff&#8221; icon_bg_color=&#8221;#5599d1&#8243; icon_color=&#8221;#ffffff&#8221; link_color=&#8221;#5599d1&#8243; icon=&#8221;fa-play&#8221; custom_css_class=&#8221;box-3&#8243; url=&#8221;|||&#8221; attachment_id=&#8221;365&#8243; link_text=&#8221;Lorem ipsum dolor&#8221;]<\/p>\n<h2>Soru &amp; Cevap<\/h2>\n<p>\u0130slam\u2019la ilgili sorular\u0131n\u0131z\u0131 bize Soru\u00a0&amp; Cevap b\u00f6l\u00fcm\u00fcnde Almanca veya T\u00fcrk\u00e7e olarak, ve dilerseniz isminizi belirtmeden iletebilirsiniz.\u00a0Cevab\u0131n\u0131z haz\u0131rlan\u0131nca biz sizi bilgilendirece\u011fiz.[\/karma_builder_imagebox_2][\/vc_column][\/vc_row][vc_row full_width=&#8221;stretch_row&#8221; gap=&#8221;35&#8243; equal_height=&#8221;yes&#8221; css=&#8221;.vc_custom_1538509375783{background-color: #ffffff !important;}&#8221;][vc_column width=&#8221;1\/3&#8243;][vc_single_image image=&#8221;2600&#8243; img_size=&#8221;medium&#8221; alignment=&#8221;right&#8221; style=&#8221;vc_box_shadow_3d&#8221;][\/vc_column][vc_column width=&#8221;2\/3&#8243;][karma_builder_heading animate=&#8221;animate_none&#8221; heading_text=&#8221;Camimizin hay\u0131r \u00e7al\u0131\u015fmalar\u0131na sen de katk\u0131 sa\u011fla&#8221; sub_heading_color=&#8221;#555555&#8243; heading_type=&#8221;h1&#8243; heading_style=&#8221;uppercase&#8221;][\/karma_builder_heading][vc_btn title=&#8221;\u00dcYE OL&#8221; style=&#8221;gradient-custom&#8221; gradient_custom_color_1=&#8221;#b61f14&#8243; gradient_custom_color_2=&#8221;#6f1613&#8243; align=&#8221;center&#8221; link=&#8221;url:http%3A%2F%2Fditibchorweiler.de%2Ftr%2Fueyelik%2F|||&#8221;][\/vc_column][\/vc_row]<\/p>\n","protected":false},"excerpt":{"rendered":"<p>[vc_row][vc_column][rev_slider_vc alias=&#8221;startseite_de&#8221;][\/vc_column][\/vc_row][vc_row css=&#8221;.vc_custom_1538343400671{padding-top: 20px !important;padding-bottom: 20px !important;}&#8221;][vc_column][karma_builder_heading animate=&#8221;animate_none&#8221; heading_text=&#8221;Ho\u015fgeldiniz&#8221; sub_heading_text=&#8221;D\u0130T\u0130B  [&#8230;]<\/p>\n","protected":false},"author":1,"featured_media":0,"parent":0,"menu_order":0,"comment_status":"closed","ping_status":"closed","template":"template-page-builder.php","meta":{"_acf_changed":false,"footnotes":""},"class_list":["post-11201","page","type-page","status-publish","hentry"],"acf":[],"yoast_head":"<!-- This site is optimized with the Yoast SEO plugin v27.3 - https:\/\/yoast.com\/product\/yoast-seo-wordpress\/ -->\n<title>Anasayfa - DITIB K\u00f6ln Chorweiler Moschee<\/title>\n<meta name=\"robots\" content=\"index, follow, max-snippet:-1, max-image-preview:large, max-video-preview:-1\" \/>\n<link rel=\"canonical\" href=\"https:\/\/ditib-chorweiler.de\/startseite\/\" \/>\n<meta property=\"og:locale\" content=\"tr_TR\" \/>\n<meta property=\"og:type\" content=\"article\" \/>\n<meta property=\"og:title\" content=\"Anasayfa - DITIB K\u00f6ln Chorweiler Moschee\" \/>\n<meta property=\"og:description\" content=\"[vc_row][vc_column][rev_slider_vc alias=&#8221;startseite_de&#8221;][\/vc_column][\/vc_row][vc_row css=&#8221;.vc_custom_1538343400671{padding-top: 20px !important;padding-bottom: 20px !important;}&#8221;][vc_column][karma_builder_heading animate=&#8221;animate_none&#8221; heading_text=&#8221;Ho\u015fgeldiniz&#8221; sub_heading_text=&#8221;D\u0130T\u0130B [...]\" \/>\n<meta property=\"og:url\" content=\"https:\/\/ditib-chorweiler.de\/startseite\/\" \/>\n<meta property=\"og:site_name\" content=\"DITIB K\u00f6ln Chorweiler Moschee\" \/>\n<meta property=\"article:modified_time\" content=\"2018-10-02T19:51:49+00:00\" \/>\n<meta name=\"twitter:card\" content=\"summary_large_image\" \/>\n<meta name=\"twitter:label1\" content=\"Tahmini okuma s\u00fcresi\" \/>\n\t<meta name=\"twitter:data1\" content=\"3 dakika\" \/>\n<script type=\"application\/ld+json\" class=\"yoast-schema-graph\">{\"@context\":\"https:\\\/\\\/schema.org\",\"@graph\":[{\"@type\":\"WebPage\",\"@id\":\"https:\\\/\\\/ditib-chorweiler.de\\\/startseite\\\/\",\"url\":\"https:\\\/\\\/ditib-chorweiler.de\\\/startseite\\\/\",\"name\":\"Anasayfa - DITIB K\u00f6ln Chorweiler Moschee\",\"isPartOf\":{\"@id\":\"https:\\\/\\\/ditib-chorweiler.de\\\/#website\"},\"datePublished\":\"2018-10-02T16:49:14+00:00\",\"dateModified\":\"2018-10-02T19:51:49+00:00\",\"breadcrumb\":{\"@id\":\"https:\\\/\\\/ditib-chorweiler.de\\\/startseite\\\/#breadcrumb\"},\"inLanguage\":\"tr\",\"potentialAction\":[{\"@type\":\"ReadAction\",\"target\":[\"https:\\\/\\\/ditib-chorweiler.de\\\/startseite\\\/\"]}]},{\"@type\":\"BreadcrumbList\",\"@id\":\"https:\\\/\\\/ditib-chorweiler.de\\\/startseite\\\/#breadcrumb\",\"itemListElement\":[{\"@type\":\"ListItem\",\"position\":1,\"name\":\"Start\",\"item\":\"https:\\\/\\\/ditib-chorweiler.de\\\/\"},{\"@type\":\"ListItem\",\"position\":2,\"name\":\"Anasayfa\"}]},{\"@type\":\"WebSite\",\"@id\":\"https:\\\/\\\/ditib-chorweiler.de\\\/#website\",\"url\":\"https:\\\/\\\/ditib-chorweiler.de\\\/\",\"name\":\"DITIB K\u00f6ln Chorweiler Moschee\",\"description\":\"Ein Ort des Gebets, der Begegnung und der Gemeinschaft in K\u00f6ln-Chorweiler\",\"potentialAction\":[{\"@type\":\"SearchAction\",\"target\":{\"@type\":\"EntryPoint\",\"urlTemplate\":\"https:\\\/\\\/ditib-chorweiler.de\\\/?s={search_term_string}\"},\"query-input\":{\"@type\":\"PropertyValueSpecification\",\"valueRequired\":true,\"valueName\":\"search_term_string\"}}],\"inLanguage\":\"tr\"}]}<\/script>\n<!-- \/ Yoast SEO plugin. -->","yoast_head_json":{"title":"Anasayfa - DITIB K\u00f6ln Chorweiler Moschee","robots":{"index":"index","follow":"follow","max-snippet":"max-snippet:-1","max-image-preview":"max-image-preview:large","max-video-preview":"max-video-preview:-1"},"canonical":"https:\/\/ditib-chorweiler.de\/startseite\/","og_locale":"tr_TR","og_type":"article","og_title":"Anasayfa - DITIB K\u00f6ln Chorweiler Moschee","og_description":"[vc_row][vc_column][rev_slider_vc alias=&#8221;startseite_de&#8221;][\/vc_column][\/vc_row][vc_row css=&#8221;.vc_custom_1538343400671{padding-top: 20px !important;padding-bottom: 20px !important;}&#8221;][vc_column][karma_builder_heading animate=&#8221;animate_none&#8221; heading_text=&#8221;Ho\u015fgeldiniz&#8221; sub_heading_text=&#8221;D\u0130T\u0130B [...]","og_url":"https:\/\/ditib-chorweiler.de\/startseite\/","og_site_name":"DITIB K\u00f6ln Chorweiler Moschee","article_modified_time":"2018-10-02T19:51:49+00:00","twitter_card":"summary_large_image","twitter_misc":{"Tahmini okuma s\u00fcresi":"3 dakika"},"schema":{"@context":"https:\/\/schema.org","@graph":[{"@type":"WebPage","@id":"https:\/\/ditib-chorweiler.de\/startseite\/","url":"https:\/\/ditib-chorweiler.de\/startseite\/","name":"Anasayfa - DITIB K\u00f6ln Chorweiler Moschee","isPartOf":{"@id":"https:\/\/ditib-chorweiler.de\/#website"},"datePublished":"2018-10-02T16:49:14+00:00","dateModified":"2018-10-02T19:51:49+00:00","breadcrumb":{"@id":"https:\/\/ditib-chorweiler.de\/startseite\/#breadcrumb"},"inLanguage":"tr","potentialAction":[{"@type":"ReadAction","target":["https:\/\/ditib-chorweiler.de\/startseite\/"]}]},{"@type":"BreadcrumbList","@id":"https:\/\/ditib-chorweiler.de\/startseite\/#breadcrumb","itemListElement":[{"@type":"ListItem","position":1,"name":"Start","item":"https:\/\/ditib-chorweiler.de\/"},{"@type":"ListItem","position":2,"name":"Anasayfa"}]},{"@type":"WebSite","@id":"https:\/\/ditib-chorweiler.de\/#website","url":"https:\/\/ditib-chorweiler.de\/","name":"DITIB K\u00f6ln Chorweiler Moschee","description":"Ein Ort des Gebets, der Begegnung und der Gemeinschaft in K\u00f6ln-Chorweiler","potentialAction":[{"@type":"SearchAction","target":{"@type":"EntryPoint","urlTemplate":"https:\/\/ditib-chorweiler.de\/?s={search_term_string}"},"query-input":{"@type":"PropertyValueSpecification","valueRequired":true,"valueName":"search_term_string"}}],"inLanguage":"tr"}]}},"_links":{"self":[{"href":"https:\/\/ditib-chorweiler.de\/tr\/wp-json\/wp\/v2\/pages\/11201","targetHints":{"allow":["GET"]}}],"collection":[{"href":"https:\/\/ditib-chorweiler.de\/tr\/wp-json\/wp\/v2\/pages"}],"about":[{"href":"https:\/\/ditib-chorweiler.de\/tr\/wp-json\/wp\/v2\/types\/page"}],"author":[{"embeddable":true,"href":"https:\/\/ditib-chorweiler.de\/tr\/wp-json\/wp\/v2\/users\/1"}],"replies":[{"embeddable":true,"href":"https:\/\/ditib-chorweiler.de\/tr\/wp-json\/wp\/v2\/comments?post=11201"}],"version-history":[{"count":5,"href":"https:\/\/ditib-chorweiler.de\/tr\/wp-json\/wp\/v2\/pages\/11201\/revisions"}],"predecessor-version":[{"id":12134,"href":"https:\/\/ditib-chorweiler.de\/tr\/wp-json\/wp\/v2\/pages\/11201\/revisions\/12134"}],"wp:attachment":[{"href":"https:\/\/ditib-chorweiler.de\/tr\/wp-json\/wp\/v2\/media?parent=11201"}],"curies":[{"name":"wp","href":"https:\/\/api.w.org\/{rel}","templated":true}]}}