{"id":11206,"date":"2018-10-02T19:02:04","date_gmt":"2018-10-02T17:02:04","guid":{"rendered":"http:\/\/ditibchorweiler.de\/?page_id=11206"},"modified":"2018-10-02T19:02:04","modified_gmt":"2018-10-02T17:02:04","slug":"islam","status":"publish","type":"page","link":"https:\/\/ditib-chorweiler.de\/tr\/islam\/","title":{"rendered":"Islam"},"content":{"rendered":"<p>[vc_row][vc_column][karma_builder_heading animate=&#8221;animate_none&#8221; heading_text=&#8221;\u0130slam Dini nedir?&#8221; sub_heading_color=&#8221;#555555&#8243; heading_type=&#8221;h1&#8243; heading_style=&#8221;uppercase&#8221;][\/karma_builder_heading][vc_column_text]Din: Allah taraf\u0131ndan peygamberler arac\u0131l\u0131\u011f\u0131 ile insanlara ula\u015ft\u0131r\u0131lan ilahi bir kanundur. Dinin kurucusu Allah, muhatab\u0131 insanlard\u0131r.<\/p>\n<p>Dinin amac\u0131, insanlar\u0131 iyi ile k\u00f6t\u00fcy\u00fc, do\u011fru ile yanl\u0131\u015f\u0131, g\u00fczel ile \u00e7irkini bildirmektir, onlar\u0131 d\u00fcnya ve ahiret mutlulu\u011funa kavu\u015fturmakt\u0131r.<\/p>\n<p>\u0130sl\u00e2m: &#8220;\u0130sl\u00e2m&#8221;, Arap\u00e7a bir kelimedir. K\u00f6k\u00fc &#8220;bar\u0131\u015f&#8221; anlam\u0131na gelen &#8220;silm (selm)&#8221; kelimesine dayan\u0131r. S\u00f6zl\u00fckte itaat etme, boyun e\u011fme anlam\u0131na gelir. Herhangi bir zorlama olmaks\u0131z\u0131n g\u00f6n\u00fclden ve i\u00e7tenlikle Allah&#8217;a itaat etmek, O&#8217;na teslim olmak, emir ve yasaklar\u0131na kay\u0131ts\u0131z \u015farts\u0131z boyun e\u011fmek demektir.<\/p>\n<p>\u0130sl\u00e2m, Y\u00fcce Allah&#8217;\u0131n son Peygamber Hz. Muhammed&#8217;e vahiy yoluyla bildirdi\u011fi O&#8217;nun da insanlara ula\u015ft\u0131rd\u0131\u011f\u0131 \u015feylerin t\u00fcm\u00fcn\u00fc kabul ederek onlar\u0131 ya\u015famak, s\u00f6zleri ve i\u015fleriyle onlar\u0131 kabul etti\u011fini g\u00f6stermek, Allah&#8217;a ve Rasul\u00fcne itaat etmektir.<\/p>\n<p>\u0130man: S\u00f6zl\u00fck anlam\u0131 do\u011frulamak tasdik etmek bir \u015feye teredd\u00fcts\u00fcz ve kesin olarak y\u00fcrekten inanmak anlam\u0131na gelen iman, \u0130sl\u00e2m\u00ee bir deyim olarak Allah&#8217;a ve Hz. Muhammed&#8217;in Allah taraf\u0131ndan haber verdi\u011fi kesin olarak belli olan \u015feylerin do\u011fru oldu\u011funa teredd\u00fcts\u00fcz inanmakt\u0131r.[\/vc_column_text][\/vc_column][\/vc_row]<\/p>\n","protected":false},"excerpt":{"rendered":"<p>[vc_row][vc_column][karma_builder_heading animate=&#8221;animate_none&#8221; heading_text=&#8221;\u0130slam Dini nedir?&#8221; sub_heading_color=&#8221;#555555&#8243; heading_type=&#8221;h1&#8243; heading_style=&#8221;uppercase&#8221;][\/karma_builder_heading][vc_column_text]Din: Allah taraf\u0131ndan  [&#8230;]<\/p>\n","protected":false},"author":1,"featured_media":0,"parent":0,"menu_order":0,"comment_status":"closed","ping_status":"closed","template":"100-width.php","meta":{"_acf_changed":false,"footnotes":""},"class_list":["post-11206","page","type-page","status-publish","hentry"],"acf":[],"yoast_head":"<!-- This site is optimized with the Yoast SEO plugin v27.3 - https:\/\/yoast.com\/product\/yoast-seo-wordpress\/ -->\n<title>Islam - DITIB K\u00f6ln Chorweiler Moschee<\/title>\n<meta name=\"robots\" content=\"index, follow, max-snippet:-1, max-image-preview:large, max-video-preview:-1\" \/>\n<link rel=\"canonical\" href=\"https:\/\/ditib-chorweiler.de\/islam\/\" \/>\n<meta property=\"og:locale\" content=\"tr_TR\" \/>\n<meta property=\"og:type\" content=\"article\" \/>\n<meta property=\"og:title\" content=\"Islam - DITIB K\u00f6ln Chorweiler Moschee\" \/>\n<meta property=\"og:description\" content=\"[vc_row][vc_column][karma_builder_heading animate=&#8221;animate_none&#8221; heading_text=&#8221;\u0130slam Dini nedir?&#8221; sub_heading_color=&#8221;#555555&#8243; heading_type=&#8221;h1&#8243; heading_style=&#8221;uppercase&#8221;][\/karma_builder_heading][vc_column_text]Din: Allah taraf\u0131ndan [...]\" \/>\n<meta property=\"og:url\" content=\"https:\/\/ditib-chorweiler.de\/islam\/\" \/>\n<meta property=\"og:site_name\" content=\"DITIB K\u00f6ln Chorweiler Moschee\" \/>\n<meta name=\"twitter:card\" content=\"summary_large_image\" \/>\n<meta name=\"twitter:label1\" content=\"Tahmini okuma s\u00fcresi\" \/>\n\t<meta name=\"twitter:data1\" content=\"1 dakika\" \/>\n<script type=\"application\/ld+json\" class=\"yoast-schema-graph\">{\"@context\":\"https:\\\/\\\/schema.org\",\"@graph\":[{\"@type\":\"WebPage\",\"@id\":\"https:\\\/\\\/ditib-chorweiler.de\\\/islam\\\/\",\"url\":\"https:\\\/\\\/ditib-chorweiler.de\\\/islam\\\/\",\"name\":\"Islam - DITIB K\u00f6ln Chorweiler Moschee\",\"isPartOf\":{\"@id\":\"https:\\\/\\\/ditib-chorweiler.de\\\/#website\"},\"datePublished\":\"2018-10-02T17:02:04+00:00\",\"breadcrumb\":{\"@id\":\"https:\\\/\\\/ditib-chorweiler.de\\\/islam\\\/#breadcrumb\"},\"inLanguage\":\"tr\",\"potentialAction\":[{\"@type\":\"ReadAction\",\"target\":[\"https:\\\/\\\/ditib-chorweiler.de\\\/islam\\\/\"]}]},{\"@type\":\"BreadcrumbList\",\"@id\":\"https:\\\/\\\/ditib-chorweiler.de\\\/islam\\\/#breadcrumb\",\"itemListElement\":[{\"@type\":\"ListItem\",\"position\":1,\"name\":\"Start\",\"item\":\"https:\\\/\\\/ditib-chorweiler.de\\\/\"},{\"@type\":\"ListItem\",\"position\":2,\"name\":\"Islam\"}]},{\"@type\":\"WebSite\",\"@id\":\"https:\\\/\\\/ditib-chorweiler.de\\\/#website\",\"url\":\"https:\\\/\\\/ditib-chorweiler.de\\\/\",\"name\":\"DITIB K\u00f6ln Chorweiler Moschee\",\"description\":\"Ein Ort des Gebets, der Begegnung und der Gemeinschaft in K\u00f6ln-Chorweiler\",\"potentialAction\":[{\"@type\":\"SearchAction\",\"target\":{\"@type\":\"EntryPoint\",\"urlTemplate\":\"https:\\\/\\\/ditib-chorweiler.de\\\/?s={search_term_string}\"},\"query-input\":{\"@type\":\"PropertyValueSpecification\",\"valueRequired\":true,\"valueName\":\"search_term_string\"}}],\"inLanguage\":\"tr\"}]}<\/script>\n<!-- \/ Yoast SEO plugin. -->","yoast_head_json":{"title":"Islam - DITIB K\u00f6ln Chorweiler Moschee","robots":{"index":"index","follow":"follow","max-snippet":"max-snippet:-1","max-image-preview":"max-image-preview:large","max-video-preview":"max-video-preview:-1"},"canonical":"https:\/\/ditib-chorweiler.de\/islam\/","og_locale":"tr_TR","og_type":"article","og_title":"Islam - DITIB K\u00f6ln Chorweiler Moschee","og_description":"[vc_row][vc_column][karma_builder_heading animate=&#8221;animate_none&#8221; heading_text=&#8221;\u0130slam Dini nedir?&#8221; sub_heading_color=&#8221;#555555&#8243; heading_type=&#8221;h1&#8243; heading_style=&#8221;uppercase&#8221;][\/karma_builder_heading][vc_column_text]Din: Allah taraf\u0131ndan [...]","og_url":"https:\/\/ditib-chorweiler.de\/islam\/","og_site_name":"DITIB K\u00f6ln Chorweiler Moschee","twitter_card":"summary_large_image","twitter_misc":{"Tahmini okuma s\u00fcresi":"1 dakika"},"schema":{"@context":"https:\/\/schema.org","@graph":[{"@type":"WebPage","@id":"https:\/\/ditib-chorweiler.de\/islam\/","url":"https:\/\/ditib-chorweiler.de\/islam\/","name":"Islam - DITIB K\u00f6ln Chorweiler Moschee","isPartOf":{"@id":"https:\/\/ditib-chorweiler.de\/#website"},"datePublished":"2018-10-02T17:02:04+00:00","breadcrumb":{"@id":"https:\/\/ditib-chorweiler.de\/islam\/#breadcrumb"},"inLanguage":"tr","potentialAction":[{"@type":"ReadAction","target":["https:\/\/ditib-chorweiler.de\/islam\/"]}]},{"@type":"BreadcrumbList","@id":"https:\/\/ditib-chorweiler.de\/islam\/#breadcrumb","itemListElement":[{"@type":"ListItem","position":1,"name":"Start","item":"https:\/\/ditib-chorweiler.de\/"},{"@type":"ListItem","position":2,"name":"Islam"}]},{"@type":"WebSite","@id":"https:\/\/ditib-chorweiler.de\/#website","url":"https:\/\/ditib-chorweiler.de\/","name":"DITIB K\u00f6ln Chorweiler Moschee","description":"Ein Ort des Gebets, der Begegnung und der Gemeinschaft in K\u00f6ln-Chorweiler","potentialAction":[{"@type":"SearchAction","target":{"@type":"EntryPoint","urlTemplate":"https:\/\/ditib-chorweiler.de\/?s={search_term_string}"},"query-input":{"@type":"PropertyValueSpecification","valueRequired":true,"valueName":"search_term_string"}}],"inLanguage":"tr"}]}},"_links":{"self":[{"href":"https:\/\/ditib-chorweiler.de\/tr\/wp-json\/wp\/v2\/pages\/11206","targetHints":{"allow":["GET"]}}],"collection":[{"href":"https:\/\/ditib-chorweiler.de\/tr\/wp-json\/wp\/v2\/pages"}],"about":[{"href":"https:\/\/ditib-chorweiler.de\/tr\/wp-json\/wp\/v2\/types\/page"}],"author":[{"embeddable":true,"href":"https:\/\/ditib-chorweiler.de\/tr\/wp-json\/wp\/v2\/users\/1"}],"replies":[{"embeddable":true,"href":"https:\/\/ditib-chorweiler.de\/tr\/wp-json\/wp\/v2\/comments?post=11206"}],"version-history":[{"count":1,"href":"https:\/\/ditib-chorweiler.de\/tr\/wp-json\/wp\/v2\/pages\/11206\/revisions"}],"predecessor-version":[{"id":11207,"href":"https:\/\/ditib-chorweiler.de\/tr\/wp-json\/wp\/v2\/pages\/11206\/revisions\/11207"}],"wp:attachment":[{"href":"https:\/\/ditib-chorweiler.de\/tr\/wp-json\/wp\/v2\/media?parent=11206"}],"curies":[{"name":"wp","href":"https:\/\/api.w.org\/{rel}","templated":true}]}}