{"id":11208,"date":"2018-10-02T19:17:05","date_gmt":"2018-10-02T17:17:05","guid":{"rendered":"http:\/\/ditibchorweiler.de\/?page_id=11208"},"modified":"2018-10-02T19:17:05","modified_gmt":"2018-10-02T17:17:05","slug":"hzmuhammed","status":"publish","type":"page","link":"https:\/\/ditib-chorweiler.de\/tr\/islam\/hzmuhammed\/","title":{"rendered":"Hz. Muhammed (s.a.v)"},"content":{"rendered":"<p>[vc_row][vc_column][karma_builder_heading animate=&#8221;animate_none&#8221; heading_text=&#8221;Hz. Muhammed (s.a.s.)&#8221; sub_heading_color=&#8221;#555555&#8243; heading_type=&#8221;h1&#8243; heading_style=&#8221;uppercase&#8221;][\/karma_builder_heading][vc_column_text]Hz. Muhammed (sav), 571 y\u0131l\u0131nda Mekke&#8217;de do\u011fdu. Mekke&#8217;nin ve Arabistan&#8217;\u0131n en n\u00fcfuslu kabilesi olan Kurey\u015f&#8217;in, Beniha\u015fim (Ha\u015fimo\u011fullar\u0131) boyundand\u0131r. Babas\u0131 Kurey\u015f kabilesinin lideri ve Mekke y\u00f6neticisi olan Abd\u00fclmuttalip&#8217;in o\u011flu <strong>Abdullah, <\/strong>annesi ise \u00a0Vehb bin Abd Menaf&#8217;\u0131n k\u0131z\u0131 <strong>Amine <\/strong>idi. S\u00fct annesinin ismi ise <strong>Halime<\/strong>&#8216;dir.<\/p>\n<p>Babas\u0131n\u0131 do\u011fmadan, annesini ise alt\u0131 ya\u015f\u0131nda kaybeden Hz. Muhammed (sav), dedesi Abd\u00fclmuttalip&#8217;in himayesine girdi. Hz.Muhammed (sav), sekiz ya\u015f\u0131nda iken Abd\u00fclmuttalip de \u00f6l\u00fcnce, amcas\u0131 Ebu Talib&#8217;in yan\u0131na al\u0131nd\u0131. 10-12 ya\u015flar\u0131nda \u00e7obanl\u0131k yapmak zorunda kald\u0131. Bu a\u011f\u0131r ko\u015fullara ra\u011fmen Hz. Muhammed (sav) mazbut bir hayat s\u00fcrmekte, d\u00fcr\u00fcstl\u00fc\u011f\u00fc ve do\u011frulu\u011fu ile tan\u0131nmaktayd\u0131. Bu y\u00fczden hen\u00fcz gen\u00e7li\u011finde herkesin takdir ve sayg\u0131s\u0131n\u0131 kazanm\u0131\u015f, <strong>&#8220;Muhammed el-Emin&#8221;<\/strong> diye an\u0131lmaya ba\u015flam\u0131\u015ft\u0131.<\/p>\n<p>Hz. Muhammed (sav) gen\u00e7li\u011finde, ticaretle u\u011fra\u015fan amcas\u0131 ile Suriye&#8217;ye gitti. Daha sonra Hz. Hatice bint Huveylit ad\u0131nda zengin bir dul kad\u0131n\u0131n, ticari i\u015flerini y\u00fcr\u00fctmesi i\u00e7in yapt\u0131\u011f\u0131 teklifi kabul etti. Hz. Muhammed (sav) 595 y\u0131l\u0131nda Hz. Hatice ile evlendi\u011finde 25, Hz. Hatice ise bu s\u0131rada 40 ya\u015f\u0131ndayd\u0131. Hz. Muhammed (sav) bu evlilikten sonra da bir s\u00fcre ticaretle u\u011fra\u015ft\u0131.<\/p>\n<p><strong><em>\u00a0 \u00a0 \u00a0 \u00a0 \u00a0 \u00a0 \u00a0Hz. Muhammed (sav) 40 ya\u015f\u0131nda iken, Hira da\u011f\u0131nda kendisine ilk vahiy geldi.<\/em><\/strong> Bu vahiy, Allah taraf\u0131ndan Cebrail (as) adl\u0131 melek arac\u0131l\u0131\u011f\u0131 ile g\u00f6nderilmi\u015fti ve <strong>&#8220;\u0130kra&#8221; <\/strong>diye ba\u015flayan surenin ilk ayetleriydi. Bunun \u00fczerine b\u00fcy\u00fck bir heyecan i\u00e7inde titremeye ba\u015flayan Hz. Muhammed (sav) evine d\u00f6nd\u00fc ve e\u015fi Hz. Hatice&#8217;den kendisini \u00f6rtmesini istedi. S\u00fckunet bulduktan sonra ya\u015fad\u0131\u011f\u0131 bu olay\u0131 e\u015fine anlatt\u0131 ve vahyedilen ayetleri okudu. Hz. Hatice (ra) hemen peygamberli\u011fine inand\u0131 ve ilk M\u00fcsl\u00fcman oldu. Daha sonra Hz. Ebu Bekir (ra), Hz. Ali (ra) ve azat etti\u011fi k\u00f6lesi Zeyd&#8217;e peygamberli\u011fini a\u00e7\u0131klad\u0131. Hepsi inan\u0131p M\u00fcsl\u00fcman oldular.<\/p>\n<p>632 y\u0131l\u0131nda 100.000 ki\u015filik bir kafileyle hacca giden Hz. Muhammed (sav) \u00fcnl\u00fc veda hutbesini okudu. Bu hutbe \u0130sl\u00e2m dinin bir\u00e7ok \u00f6nemli ilkesinin anlat\u0131ld\u0131\u011f\u0131 bir konu\u015fma idi. \u0130nsanlar aras\u0131ndaki e\u015fitlik, kad\u0131n haklar\u0131na sayg\u0131 g\u00f6sterilmesi, tefecili\u011fin ve kan davalar\u0131n\u0131n yasaklanmas\u0131 gibi bir\u00e7ok sosyal konuyu kaps\u0131yordu.<\/p>\n<p>Veda hacc\u0131ndan sonra Medine&#8217;ye d\u00f6nen Hz. Muhammed (sav) aniden rahats\u0131zland\u0131. 8 Haziran 632 tarihinde vefat etti. Hz. Ai\u015fe (ra)&#8217;nin odas\u0131na defnedildi.<\/p>\n<p>Hz.Muhammed (s.a.v) d\u00f6rt k\u0131z\u0131 \u00fc\u00e7 tane de o\u011flu d\u00fcnyaya gelmi\u015ftir. Bunlar\u0131n isimleri: Zeynep, Rukiye, \u00dcmm\u00fc G\u00fcls\u00fcm, Fat\u0131ma, Kas\u0131m, Abdullah ve \u0130brahim dir.<\/p>\n<p>Hz. Muhammed (sav)&#8217;in erkek \u00e7ocuklar\u0131n\u0131n \u00fc\u00e7\u00fc de evlenme \u00e7a\u011f\u0131na gelmeden \u00f6lm\u00fc\u015fler, d\u00f6rt k\u0131z \u00e7ocu\u011fundan yaln\u0131z Hz. Ali (ra) ile evlenen Hz. Fatma (ra) \u00e7ocuk sahibi olmu\u015ftur.&#8221;<\/p>\n<p>Hz. Muhammed (sav)&#8217;in \u00a0torunlar\u0131n\u0131n isimleri: Hasan ve H\u00fcseyin (rad\u0131yallah\u00fc anhuma) hazretleridir.<\/p>\n<p>Hz. Muhammed (sav)&#8217;in\u00a0g\u00fczel isimleri \u00e7oktur. Fakat d\u00f6rd\u00fcn\u00fc bilmek laz\u0131md\u0131r. Bunlar: <strong><em>Muhammed, Mustafa, Ahmed, Mahmud&#8217;dur.<\/em><\/strong><\/p>\n<p>Hz. Muhammed\u00a0(s.a.v) in m\u00fcbarek han\u0131mlar\u0131n\u0131n isimleri: Hz. Hatice, Hz. Sevde binti Zem&#8217;a, Hz. Ai\u015fe, Hz. Hafsa, Hz. \u00dcmm\u00fc Seleme, Hz. Zeynep binti Cah\u015f, Hz. Cuveyriye, Hz. \u00dcmm\u00fc Habibe, Hz. Safiyye, Hz. Meymune, Hz. Mariye (r.a.)[\/vc_column_text][\/vc_column][\/vc_row]<\/p>\n","protected":false},"excerpt":{"rendered":"<p>[vc_row][vc_column][karma_builder_heading animate=&#8221;animate_none&#8221; heading_text=&#8221;Hz. Muhammed (s.a.s.)&#8221; sub_heading_color=&#8221;#555555&#8243; heading_type=&#8221;h1&#8243; heading_style=&#8221;uppercase&#8221;][\/karma_builder_heading][vc_column_text]Hz. Muhammed (sav),  [&#8230;]<\/p>\n","protected":false},"author":1,"featured_media":0,"parent":11206,"menu_order":0,"comment_status":"closed","ping_status":"closed","template":"template_leftnav.php","meta":{"_acf_changed":false,"footnotes":""},"class_list":["post-11208","page","type-page","status-publish","hentry"],"acf":[],"yoast_head":"<!-- This site is optimized with the Yoast SEO plugin v27.3 - https:\/\/yoast.com\/product\/yoast-seo-wordpress\/ -->\n<title>Hz. Muhammed (s.a.v) - DITIB K\u00f6ln Chorweiler Moschee<\/title>\n<meta name=\"robots\" content=\"index, follow, max-snippet:-1, max-image-preview:large, max-video-preview:-1\" \/>\n<link rel=\"canonical\" href=\"https:\/\/ditib-chorweiler.de\/islam\/hzmuhammed\/\" \/>\n<meta property=\"og:locale\" content=\"tr_TR\" \/>\n<meta property=\"og:type\" content=\"article\" \/>\n<meta property=\"og:title\" content=\"Hz. Muhammed (s.a.v) - DITIB K\u00f6ln Chorweiler Moschee\" \/>\n<meta property=\"og:description\" content=\"[vc_row][vc_column][karma_builder_heading animate=&#8221;animate_none&#8221; heading_text=&#8221;Hz. Muhammed (s.a.s.)&#8221; sub_heading_color=&#8221;#555555&#8243; heading_type=&#8221;h1&#8243; heading_style=&#8221;uppercase&#8221;][\/karma_builder_heading][vc_column_text]Hz. Muhammed (sav), [...]\" \/>\n<meta property=\"og:url\" content=\"https:\/\/ditib-chorweiler.de\/islam\/hzmuhammed\/\" \/>\n<meta property=\"og:site_name\" content=\"DITIB K\u00f6ln Chorweiler Moschee\" \/>\n<meta name=\"twitter:card\" content=\"summary_large_image\" \/>\n<meta name=\"twitter:label1\" content=\"Tahmini okuma s\u00fcresi\" \/>\n\t<meta name=\"twitter:data1\" content=\"3 dakika\" \/>\n<script type=\"application\/ld+json\" class=\"yoast-schema-graph\">{\"@context\":\"https:\\\/\\\/schema.org\",\"@graph\":[{\"@type\":\"WebPage\",\"@id\":\"https:\\\/\\\/ditib-chorweiler.de\\\/islam\\\/hzmuhammed\\\/\",\"url\":\"https:\\\/\\\/ditib-chorweiler.de\\\/islam\\\/hzmuhammed\\\/\",\"name\":\"Hz. Muhammed (s.a.v) - DITIB K\u00f6ln Chorweiler Moschee\",\"isPartOf\":{\"@id\":\"https:\\\/\\\/ditib-chorweiler.de\\\/#website\"},\"datePublished\":\"2018-10-02T17:17:05+00:00\",\"breadcrumb\":{\"@id\":\"https:\\\/\\\/ditib-chorweiler.de\\\/islam\\\/hzmuhammed\\\/#breadcrumb\"},\"inLanguage\":\"tr\",\"potentialAction\":[{\"@type\":\"ReadAction\",\"target\":[\"https:\\\/\\\/ditib-chorweiler.de\\\/islam\\\/hzmuhammed\\\/\"]}]},{\"@type\":\"BreadcrumbList\",\"@id\":\"https:\\\/\\\/ditib-chorweiler.de\\\/islam\\\/hzmuhammed\\\/#breadcrumb\",\"itemListElement\":[{\"@type\":\"ListItem\",\"position\":1,\"name\":\"Start\",\"item\":\"https:\\\/\\\/ditib-chorweiler.de\\\/\"},{\"@type\":\"ListItem\",\"position\":2,\"name\":\"Islam\",\"item\":\"https:\\\/\\\/ditib-chorweiler.de\\\/islam\\\/\"},{\"@type\":\"ListItem\",\"position\":3,\"name\":\"Hz. Muhammed (s.a.v)\"}]},{\"@type\":\"WebSite\",\"@id\":\"https:\\\/\\\/ditib-chorweiler.de\\\/#website\",\"url\":\"https:\\\/\\\/ditib-chorweiler.de\\\/\",\"name\":\"DITIB K\u00f6ln Chorweiler Moschee\",\"description\":\"Ein Ort des Gebets, der Begegnung und der Gemeinschaft in K\u00f6ln-Chorweiler\",\"potentialAction\":[{\"@type\":\"SearchAction\",\"target\":{\"@type\":\"EntryPoint\",\"urlTemplate\":\"https:\\\/\\\/ditib-chorweiler.de\\\/?s={search_term_string}\"},\"query-input\":{\"@type\":\"PropertyValueSpecification\",\"valueRequired\":true,\"valueName\":\"search_term_string\"}}],\"inLanguage\":\"tr\"}]}<\/script>\n<!-- \/ Yoast SEO plugin. -->","yoast_head_json":{"title":"Hz. Muhammed (s.a.v) - DITIB K\u00f6ln Chorweiler Moschee","robots":{"index":"index","follow":"follow","max-snippet":"max-snippet:-1","max-image-preview":"max-image-preview:large","max-video-preview":"max-video-preview:-1"},"canonical":"https:\/\/ditib-chorweiler.de\/islam\/hzmuhammed\/","og_locale":"tr_TR","og_type":"article","og_title":"Hz. Muhammed (s.a.v) - DITIB K\u00f6ln Chorweiler Moschee","og_description":"[vc_row][vc_column][karma_builder_heading animate=&#8221;animate_none&#8221; heading_text=&#8221;Hz. Muhammed (s.a.s.)&#8221; sub_heading_color=&#8221;#555555&#8243; heading_type=&#8221;h1&#8243; heading_style=&#8221;uppercase&#8221;][\/karma_builder_heading][vc_column_text]Hz. Muhammed (sav), [...]","og_url":"https:\/\/ditib-chorweiler.de\/islam\/hzmuhammed\/","og_site_name":"DITIB K\u00f6ln Chorweiler Moschee","twitter_card":"summary_large_image","twitter_misc":{"Tahmini okuma s\u00fcresi":"3 dakika"},"schema":{"@context":"https:\/\/schema.org","@graph":[{"@type":"WebPage","@id":"https:\/\/ditib-chorweiler.de\/islam\/hzmuhammed\/","url":"https:\/\/ditib-chorweiler.de\/islam\/hzmuhammed\/","name":"Hz. Muhammed (s.a.v) - DITIB K\u00f6ln Chorweiler Moschee","isPartOf":{"@id":"https:\/\/ditib-chorweiler.de\/#website"},"datePublished":"2018-10-02T17:17:05+00:00","breadcrumb":{"@id":"https:\/\/ditib-chorweiler.de\/islam\/hzmuhammed\/#breadcrumb"},"inLanguage":"tr","potentialAction":[{"@type":"ReadAction","target":["https:\/\/ditib-chorweiler.de\/islam\/hzmuhammed\/"]}]},{"@type":"BreadcrumbList","@id":"https:\/\/ditib-chorweiler.de\/islam\/hzmuhammed\/#breadcrumb","itemListElement":[{"@type":"ListItem","position":1,"name":"Start","item":"https:\/\/ditib-chorweiler.de\/"},{"@type":"ListItem","position":2,"name":"Islam","item":"https:\/\/ditib-chorweiler.de\/islam\/"},{"@type":"ListItem","position":3,"name":"Hz. Muhammed (s.a.v)"}]},{"@type":"WebSite","@id":"https:\/\/ditib-chorweiler.de\/#website","url":"https:\/\/ditib-chorweiler.de\/","name":"DITIB K\u00f6ln Chorweiler Moschee","description":"Ein Ort des Gebets, der Begegnung und der Gemeinschaft in K\u00f6ln-Chorweiler","potentialAction":[{"@type":"SearchAction","target":{"@type":"EntryPoint","urlTemplate":"https:\/\/ditib-chorweiler.de\/?s={search_term_string}"},"query-input":{"@type":"PropertyValueSpecification","valueRequired":true,"valueName":"search_term_string"}}],"inLanguage":"tr"}]}},"_links":{"self":[{"href":"https:\/\/ditib-chorweiler.de\/tr\/wp-json\/wp\/v2\/pages\/11208","targetHints":{"allow":["GET"]}}],"collection":[{"href":"https:\/\/ditib-chorweiler.de\/tr\/wp-json\/wp\/v2\/pages"}],"about":[{"href":"https:\/\/ditib-chorweiler.de\/tr\/wp-json\/wp\/v2\/types\/page"}],"author":[{"embeddable":true,"href":"https:\/\/ditib-chorweiler.de\/tr\/wp-json\/wp\/v2\/users\/1"}],"replies":[{"embeddable":true,"href":"https:\/\/ditib-chorweiler.de\/tr\/wp-json\/wp\/v2\/comments?post=11208"}],"version-history":[{"count":2,"href":"https:\/\/ditib-chorweiler.de\/tr\/wp-json\/wp\/v2\/pages\/11208\/revisions"}],"predecessor-version":[{"id":11210,"href":"https:\/\/ditib-chorweiler.de\/tr\/wp-json\/wp\/v2\/pages\/11208\/revisions\/11210"}],"up":[{"embeddable":true,"href":"https:\/\/ditib-chorweiler.de\/tr\/wp-json\/wp\/v2\/pages\/11206"}],"wp:attachment":[{"href":"https:\/\/ditib-chorweiler.de\/tr\/wp-json\/wp\/v2\/media?parent=11208"}],"curies":[{"name":"wp","href":"https:\/\/api.w.org\/{rel}","templated":true}]}}