{"id":11211,"date":"2018-10-02T19:20:05","date_gmt":"2018-10-02T17:20:05","guid":{"rendered":"http:\/\/ditibchorweiler.de\/?page_id=11211"},"modified":"2018-10-02T19:20:05","modified_gmt":"2018-10-02T17:20:05","slug":"kitap-oenerileri","status":"publish","type":"page","link":"https:\/\/ditib-chorweiler.de\/tr\/islam\/kitap-oenerileri\/","title":{"rendered":"Kitap \u00d6nerileri"},"content":{"rendered":"<p>[vc_row equal_height=&#8221;yes&#8221;][vc_column width=&#8221;1\/4&#8243;][vc_single_image image=&#8221;903&#8243; img_size=&#8221;medium&#8221;][\/vc_column][vc_column width=&#8221;3\/4&#8243;][vc_column_text]<\/p>\n<h2><strong>Die Tr\u00e4nen des Propheten<\/strong><\/h2>\n<p>Autor: Abu Muhammad\u00a0Humais<br \/>\nVerleger: Ilm Verlag[\/vc_column_text][\/vc_column][\/vc_row][vc_row equal_height=&#8221;yes&#8221;][vc_column width=&#8221;1\/4&#8243;][vc_single_image image=&#8221;902&#8243; img_size=&#8221;medium&#8221;][\/vc_column][vc_column width=&#8221;3\/4&#8243;][vc_column_text]<\/p>\n<h2><strong>Handbuch Islam<\/strong><\/h2>\n<p>Autor: Ahmad A. Reidegeld<br \/>\nVerleger: Spohr Verlag[\/vc_column_text][\/vc_column][\/vc_row][vc_row equal_height=&#8221;yes&#8221;][vc_column width=&#8221;1\/4&#8243;][vc_single_image image=&#8221;901&#8243; img_size=&#8221;medium&#8221;][\/vc_column][vc_column width=&#8221;3\/4&#8243;][vc_column_text]<\/p>\n<h2><strong>Allahs Liebe zu den Menschen<\/strong><\/h2>\n<p>Autor: Amr Khaled<br \/>\n\u00dcbersetzung: Abu Yunus<br \/>\nVerleger: Andalusia Verlag[\/vc_column_text][\/vc_column][\/vc_row][vc_row][vc_column][vc_column_text]<strong><br \/>\n<\/strong><a href=\"http:\/\/www.ditib-chorweiler.de\/wp-content\/uploads\/2011\/03\/7978_o.jpg\"><img decoding=\"async\" class=\"alignleft size-full wp-image-905\" title=\"7978_o\" src=\"http:\/\/www.ditib-chorweiler.de\/wp-content\/uploads\/2011\/03\/7978_o.jpg\" alt=\"\" width=\"150\" height=\"221\" \/><\/a><\/p>\n<p>Anadolu&#8221;da \u0130slam K\u00fclt\u00fcr Ve Medeniyeti<\/p>\n<p>Yazar: Mehmet G\u00f6rmez<\/p>\n<p>Yay\u0131nevi: Dib<\/p>\n<p>&nbsp;<\/p>\n<p>&nbsp;<\/p>\n<p>&nbsp;<\/p>\n<p>&nbsp;<\/p>\n<p>&nbsp;<\/p>\n<p><a href=\"http:\/\/www.ditib-chorweiler.de\/wp-content\/uploads\/2011\/03\/4695_o.jpg\"><img decoding=\"async\" class=\"alignleft size-full wp-image-906\" title=\"4695_o\" src=\"http:\/\/www.ditib-chorweiler.de\/wp-content\/uploads\/2011\/03\/4695_o.jpg\" alt=\"\" width=\"150\" height=\"221\" \/><\/a><\/p>\n<p>Hz. Muhammed Ve Hayat\u0131<\/p>\n<p>Yazar: Ali Himmet Berki<\/p>\n<p>Yay\u0131nevi: Dib<\/p>\n<p>&nbsp;<\/p>\n<p>&nbsp;<\/p>\n<p>&nbsp;<\/p>\n<p>&nbsp;<\/p>\n<p>&nbsp;<\/p>\n<p><a href=\"http:\/\/www.ditib-chorweiler.de\/wp-content\/uploads\/2011\/03\/4694_o.jpg\"><img decoding=\"async\" class=\"alignleft size-full wp-image-907\" title=\"4694_o\" src=\"http:\/\/www.ditib-chorweiler.de\/wp-content\/uploads\/2011\/03\/4694_o.jpg\" alt=\"\" width=\"150\" height=\"221\" \/><\/a><\/p>\n<p>Tevrat \u0130nciller Ve Kuran<\/p>\n<p>Yazar: Mehmet Ali S\u00f6nmez<\/p>\n<p>Yay\u0131nevi: Dib[:][\/vc_column_text][\/vc_column][\/vc_row]<\/p>\n","protected":false},"excerpt":{"rendered":"<p>[vc_row equal_height=&#8221;yes&#8221;][vc_column width=&#8221;1\/4&#8243;][vc_single_image image=&#8221;903&#8243; img_size=&#8221;medium&#8221;][\/vc_column][vc_column width=&#8221;3\/4&#8243;][vc_column_text] Die Tr\u00e4nen des Propheten  [&#8230;]<\/p>\n","protected":false},"author":1,"featured_media":0,"parent":11206,"menu_order":0,"comment_status":"closed","ping_status":"closed","template":"template_leftnav.php","meta":{"_acf_changed":false,"footnotes":""},"class_list":["post-11211","page","type-page","status-publish","hentry"],"acf":[],"yoast_head":"<!-- This site is optimized with the Yoast SEO plugin v27.3 - https:\/\/yoast.com\/product\/yoast-seo-wordpress\/ -->\n<title>Kitap \u00d6nerileri - DITIB K\u00f6ln Chorweiler Moschee<\/title>\n<meta name=\"robots\" content=\"index, follow, max-snippet:-1, max-image-preview:large, max-video-preview:-1\" \/>\n<link rel=\"canonical\" href=\"https:\/\/ditib-chorweiler.de\/islam\/kitap-oenerileri\/\" \/>\n<meta property=\"og:locale\" content=\"tr_TR\" \/>\n<meta property=\"og:type\" content=\"article\" \/>\n<meta property=\"og:title\" content=\"Kitap \u00d6nerileri - DITIB K\u00f6ln Chorweiler Moschee\" \/>\n<meta property=\"og:description\" content=\"[vc_row equal_height=&#8221;yes&#8221;][vc_column width=&#8221;1\/4&#8243;][vc_single_image image=&#8221;903&#8243; img_size=&#8221;medium&#8221;][\/vc_column][vc_column width=&#8221;3\/4&#8243;][vc_column_text] Die Tr\u00e4nen des Propheten [...]\" \/>\n<meta property=\"og:url\" content=\"https:\/\/ditib-chorweiler.de\/islam\/kitap-oenerileri\/\" \/>\n<meta property=\"og:site_name\" content=\"DITIB K\u00f6ln Chorweiler Moschee\" \/>\n<meta property=\"og:image\" content=\"http:\/\/www.ditib-chorweiler.de\/wp-content\/uploads\/2011\/03\/7978_o.jpg\" \/>\n<meta name=\"twitter:card\" content=\"summary_large_image\" \/>\n<meta name=\"twitter:label1\" content=\"Tahmini okuma s\u00fcresi\" \/>\n\t<meta name=\"twitter:data1\" content=\"1 dakika\" \/>\n<script type=\"application\/ld+json\" class=\"yoast-schema-graph\">{\"@context\":\"https:\\\/\\\/schema.org\",\"@graph\":[{\"@type\":\"WebPage\",\"@id\":\"https:\\\/\\\/ditib-chorweiler.de\\\/islam\\\/kitap-oenerileri\\\/\",\"url\":\"https:\\\/\\\/ditib-chorweiler.de\\\/islam\\\/kitap-oenerileri\\\/\",\"name\":\"Kitap \u00d6nerileri - DITIB K\u00f6ln Chorweiler Moschee\",\"isPartOf\":{\"@id\":\"https:\\\/\\\/ditib-chorweiler.de\\\/#website\"},\"primaryImageOfPage\":{\"@id\":\"https:\\\/\\\/ditib-chorweiler.de\\\/islam\\\/kitap-oenerileri\\\/#primaryimage\"},\"image\":{\"@id\":\"https:\\\/\\\/ditib-chorweiler.de\\\/islam\\\/kitap-oenerileri\\\/#primaryimage\"},\"thumbnailUrl\":\"http:\\\/\\\/www.ditib-chorweiler.de\\\/wp-content\\\/uploads\\\/2011\\\/03\\\/7978_o.jpg\",\"datePublished\":\"2018-10-02T17:20:05+00:00\",\"breadcrumb\":{\"@id\":\"https:\\\/\\\/ditib-chorweiler.de\\\/islam\\\/kitap-oenerileri\\\/#breadcrumb\"},\"inLanguage\":\"tr\",\"potentialAction\":[{\"@type\":\"ReadAction\",\"target\":[\"https:\\\/\\\/ditib-chorweiler.de\\\/islam\\\/kitap-oenerileri\\\/\"]}]},{\"@type\":\"ImageObject\",\"inLanguage\":\"tr\",\"@id\":\"https:\\\/\\\/ditib-chorweiler.de\\\/islam\\\/kitap-oenerileri\\\/#primaryimage\",\"url\":\"http:\\\/\\\/www.ditib-chorweiler.de\\\/wp-content\\\/uploads\\\/2011\\\/03\\\/7978_o.jpg\",\"contentUrl\":\"http:\\\/\\\/www.ditib-chorweiler.de\\\/wp-content\\\/uploads\\\/2011\\\/03\\\/7978_o.jpg\"},{\"@type\":\"BreadcrumbList\",\"@id\":\"https:\\\/\\\/ditib-chorweiler.de\\\/islam\\\/kitap-oenerileri\\\/#breadcrumb\",\"itemListElement\":[{\"@type\":\"ListItem\",\"position\":1,\"name\":\"Start\",\"item\":\"https:\\\/\\\/ditib-chorweiler.de\\\/\"},{\"@type\":\"ListItem\",\"position\":2,\"name\":\"Islam\",\"item\":\"https:\\\/\\\/ditib-chorweiler.de\\\/islam\\\/\"},{\"@type\":\"ListItem\",\"position\":3,\"name\":\"Kitap \u00d6nerileri\"}]},{\"@type\":\"WebSite\",\"@id\":\"https:\\\/\\\/ditib-chorweiler.de\\\/#website\",\"url\":\"https:\\\/\\\/ditib-chorweiler.de\\\/\",\"name\":\"DITIB K\u00f6ln Chorweiler Moschee\",\"description\":\"Ein Ort des Gebets, der Begegnung und der Gemeinschaft in K\u00f6ln-Chorweiler\",\"potentialAction\":[{\"@type\":\"SearchAction\",\"target\":{\"@type\":\"EntryPoint\",\"urlTemplate\":\"https:\\\/\\\/ditib-chorweiler.de\\\/?s={search_term_string}\"},\"query-input\":{\"@type\":\"PropertyValueSpecification\",\"valueRequired\":true,\"valueName\":\"search_term_string\"}}],\"inLanguage\":\"tr\"}]}<\/script>\n<!-- \/ Yoast SEO plugin. -->","yoast_head_json":{"title":"Kitap \u00d6nerileri - DITIB K\u00f6ln Chorweiler Moschee","robots":{"index":"index","follow":"follow","max-snippet":"max-snippet:-1","max-image-preview":"max-image-preview:large","max-video-preview":"max-video-preview:-1"},"canonical":"https:\/\/ditib-chorweiler.de\/islam\/kitap-oenerileri\/","og_locale":"tr_TR","og_type":"article","og_title":"Kitap \u00d6nerileri - DITIB K\u00f6ln Chorweiler Moschee","og_description":"[vc_row equal_height=&#8221;yes&#8221;][vc_column width=&#8221;1\/4&#8243;][vc_single_image image=&#8221;903&#8243; img_size=&#8221;medium&#8221;][\/vc_column][vc_column width=&#8221;3\/4&#8243;][vc_column_text] Die Tr\u00e4nen des Propheten [...]","og_url":"https:\/\/ditib-chorweiler.de\/islam\/kitap-oenerileri\/","og_site_name":"DITIB K\u00f6ln Chorweiler Moschee","og_image":[{"url":"http:\/\/www.ditib-chorweiler.de\/wp-content\/uploads\/2011\/03\/7978_o.jpg","type":"","width":"","height":""}],"twitter_card":"summary_large_image","twitter_misc":{"Tahmini okuma s\u00fcresi":"1 dakika"},"schema":{"@context":"https:\/\/schema.org","@graph":[{"@type":"WebPage","@id":"https:\/\/ditib-chorweiler.de\/islam\/kitap-oenerileri\/","url":"https:\/\/ditib-chorweiler.de\/islam\/kitap-oenerileri\/","name":"Kitap \u00d6nerileri - DITIB K\u00f6ln Chorweiler Moschee","isPartOf":{"@id":"https:\/\/ditib-chorweiler.de\/#website"},"primaryImageOfPage":{"@id":"https:\/\/ditib-chorweiler.de\/islam\/kitap-oenerileri\/#primaryimage"},"image":{"@id":"https:\/\/ditib-chorweiler.de\/islam\/kitap-oenerileri\/#primaryimage"},"thumbnailUrl":"http:\/\/www.ditib-chorweiler.de\/wp-content\/uploads\/2011\/03\/7978_o.jpg","datePublished":"2018-10-02T17:20:05+00:00","breadcrumb":{"@id":"https:\/\/ditib-chorweiler.de\/islam\/kitap-oenerileri\/#breadcrumb"},"inLanguage":"tr","potentialAction":[{"@type":"ReadAction","target":["https:\/\/ditib-chorweiler.de\/islam\/kitap-oenerileri\/"]}]},{"@type":"ImageObject","inLanguage":"tr","@id":"https:\/\/ditib-chorweiler.de\/islam\/kitap-oenerileri\/#primaryimage","url":"http:\/\/www.ditib-chorweiler.de\/wp-content\/uploads\/2011\/03\/7978_o.jpg","contentUrl":"http:\/\/www.ditib-chorweiler.de\/wp-content\/uploads\/2011\/03\/7978_o.jpg"},{"@type":"BreadcrumbList","@id":"https:\/\/ditib-chorweiler.de\/islam\/kitap-oenerileri\/#breadcrumb","itemListElement":[{"@type":"ListItem","position":1,"name":"Start","item":"https:\/\/ditib-chorweiler.de\/"},{"@type":"ListItem","position":2,"name":"Islam","item":"https:\/\/ditib-chorweiler.de\/islam\/"},{"@type":"ListItem","position":3,"name":"Kitap \u00d6nerileri"}]},{"@type":"WebSite","@id":"https:\/\/ditib-chorweiler.de\/#website","url":"https:\/\/ditib-chorweiler.de\/","name":"DITIB K\u00f6ln Chorweiler Moschee","description":"Ein Ort des Gebets, der Begegnung und der Gemeinschaft in K\u00f6ln-Chorweiler","potentialAction":[{"@type":"SearchAction","target":{"@type":"EntryPoint","urlTemplate":"https:\/\/ditib-chorweiler.de\/?s={search_term_string}"},"query-input":{"@type":"PropertyValueSpecification","valueRequired":true,"valueName":"search_term_string"}}],"inLanguage":"tr"}]}},"_links":{"self":[{"href":"https:\/\/ditib-chorweiler.de\/tr\/wp-json\/wp\/v2\/pages\/11211","targetHints":{"allow":["GET"]}}],"collection":[{"href":"https:\/\/ditib-chorweiler.de\/tr\/wp-json\/wp\/v2\/pages"}],"about":[{"href":"https:\/\/ditib-chorweiler.de\/tr\/wp-json\/wp\/v2\/types\/page"}],"author":[{"embeddable":true,"href":"https:\/\/ditib-chorweiler.de\/tr\/wp-json\/wp\/v2\/users\/1"}],"replies":[{"embeddable":true,"href":"https:\/\/ditib-chorweiler.de\/tr\/wp-json\/wp\/v2\/comments?post=11211"}],"version-history":[{"count":1,"href":"https:\/\/ditib-chorweiler.de\/tr\/wp-json\/wp\/v2\/pages\/11211\/revisions"}],"predecessor-version":[{"id":11212,"href":"https:\/\/ditib-chorweiler.de\/tr\/wp-json\/wp\/v2\/pages\/11211\/revisions\/11212"}],"up":[{"embeddable":true,"href":"https:\/\/ditib-chorweiler.de\/tr\/wp-json\/wp\/v2\/pages\/11206"}],"wp:attachment":[{"href":"https:\/\/ditib-chorweiler.de\/tr\/wp-json\/wp\/v2\/media?parent=11211"}],"curies":[{"name":"wp","href":"https:\/\/api.w.org\/{rel}","templated":true}]}}