{"id":11864,"date":"2018-10-02T19:27:47","date_gmt":"2018-10-02T17:27:47","guid":{"rendered":"http:\/\/ditibchorweiler.de\/?page_id=11864"},"modified":"2018-10-02T19:29:18","modified_gmt":"2018-10-02T17:29:18","slug":"kurum","status":"publish","type":"page","link":"https:\/\/ditib-chorweiler.de\/tr\/kurum\/","title":{"rendered":"Kurum"},"content":{"rendered":"<p>[vc_row][vc_column][vc_column_text]Camimizde namaz k\u0131lman\u0131n veya Kuran kurslar\u0131n\u0131n yani s\u0131ra bir \u00e7ok etkinlikler ve hizmetler sunulmaktad\u0131r. Bu etkinliklerin ve hizmetlerin \u00e7esitliliklerini sa\u011flamak i\u00e7in gerekli m\u00fc\u015ftemilatlar\u0131 camimiz sunmaktad\u0131r. Hangi m\u00fc\u015ftemilat hangi donan\u0131ma veya kapasiteye sahip oldu\u011funu \u00f6\u011frenmek i\u00e7in soldaki men\u00fcden se\u00e7erek \u00f6\u011frenebilirsiniz.[\/vc_column_text][\/vc_column][\/vc_row]<\/p>\n","protected":false},"excerpt":{"rendered":"<p>[vc_row][vc_column][vc_column_text]Camimizde namaz k\u0131lman\u0131n veya Kuran kurslar\u0131n\u0131n yani s\u0131ra bir \u00e7ok  [&#8230;]<\/p>\n","protected":false},"author":1,"featured_media":0,"parent":0,"menu_order":0,"comment_status":"closed","ping_status":"closed","template":"template_leftnav.php","meta":{"_acf_changed":false,"footnotes":""},"class_list":["post-11864","page","type-page","status-publish","hentry"],"acf":[],"yoast_head":"<!-- This site is optimized with the Yoast SEO plugin v27.3 - https:\/\/yoast.com\/product\/yoast-seo-wordpress\/ -->\n<title>Kurum - DITIB K\u00f6ln Chorweiler Moschee<\/title>\n<meta name=\"robots\" content=\"index, follow, max-snippet:-1, max-image-preview:large, max-video-preview:-1\" \/>\n<link rel=\"canonical\" href=\"https:\/\/ditib-chorweiler.de\/kurum\/\" \/>\n<meta property=\"og:locale\" content=\"tr_TR\" \/>\n<meta property=\"og:type\" content=\"article\" \/>\n<meta property=\"og:title\" content=\"Kurum - DITIB K\u00f6ln Chorweiler Moschee\" \/>\n<meta property=\"og:description\" content=\"[vc_row][vc_column][vc_column_text]Camimizde namaz k\u0131lman\u0131n veya Kuran kurslar\u0131n\u0131n yani s\u0131ra bir \u00e7ok [...]\" \/>\n<meta property=\"og:url\" content=\"https:\/\/ditib-chorweiler.de\/kurum\/\" \/>\n<meta property=\"og:site_name\" content=\"DITIB K\u00f6ln Chorweiler Moschee\" \/>\n<meta property=\"article:modified_time\" content=\"2018-10-02T17:29:18+00:00\" \/>\n<meta name=\"twitter:card\" content=\"summary_large_image\" \/>\n<script type=\"application\/ld+json\" class=\"yoast-schema-graph\">{\"@context\":\"https:\\\/\\\/schema.org\",\"@graph\":[{\"@type\":\"WebPage\",\"@id\":\"https:\\\/\\\/ditib-chorweiler.de\\\/kurum\\\/\",\"url\":\"https:\\\/\\\/ditib-chorweiler.de\\\/kurum\\\/\",\"name\":\"Kurum - DITIB K\u00f6ln Chorweiler Moschee\",\"isPartOf\":{\"@id\":\"https:\\\/\\\/ditib-chorweiler.de\\\/#website\"},\"datePublished\":\"2018-10-02T17:27:47+00:00\",\"dateModified\":\"2018-10-02T17:29:18+00:00\",\"breadcrumb\":{\"@id\":\"https:\\\/\\\/ditib-chorweiler.de\\\/kurum\\\/#breadcrumb\"},\"inLanguage\":\"tr\",\"potentialAction\":[{\"@type\":\"ReadAction\",\"target\":[\"https:\\\/\\\/ditib-chorweiler.de\\\/kurum\\\/\"]}]},{\"@type\":\"BreadcrumbList\",\"@id\":\"https:\\\/\\\/ditib-chorweiler.de\\\/kurum\\\/#breadcrumb\",\"itemListElement\":[{\"@type\":\"ListItem\",\"position\":1,\"name\":\"Start\",\"item\":\"https:\\\/\\\/ditib-chorweiler.de\\\/\"},{\"@type\":\"ListItem\",\"position\":2,\"name\":\"Kurum\"}]},{\"@type\":\"WebSite\",\"@id\":\"https:\\\/\\\/ditib-chorweiler.de\\\/#website\",\"url\":\"https:\\\/\\\/ditib-chorweiler.de\\\/\",\"name\":\"DITIB K\u00f6ln Chorweiler Moschee\",\"description\":\"Ein Ort des Gebets, der Begegnung und der Gemeinschaft in K\u00f6ln-Chorweiler\",\"potentialAction\":[{\"@type\":\"SearchAction\",\"target\":{\"@type\":\"EntryPoint\",\"urlTemplate\":\"https:\\\/\\\/ditib-chorweiler.de\\\/?s={search_term_string}\"},\"query-input\":{\"@type\":\"PropertyValueSpecification\",\"valueRequired\":true,\"valueName\":\"search_term_string\"}}],\"inLanguage\":\"tr\"}]}<\/script>\n<!-- \/ Yoast SEO plugin. -->","yoast_head_json":{"title":"Kurum - DITIB K\u00f6ln Chorweiler Moschee","robots":{"index":"index","follow":"follow","max-snippet":"max-snippet:-1","max-image-preview":"max-image-preview:large","max-video-preview":"max-video-preview:-1"},"canonical":"https:\/\/ditib-chorweiler.de\/kurum\/","og_locale":"tr_TR","og_type":"article","og_title":"Kurum - DITIB K\u00f6ln Chorweiler Moschee","og_description":"[vc_row][vc_column][vc_column_text]Camimizde namaz k\u0131lman\u0131n veya Kuran kurslar\u0131n\u0131n yani s\u0131ra bir \u00e7ok [...]","og_url":"https:\/\/ditib-chorweiler.de\/kurum\/","og_site_name":"DITIB K\u00f6ln Chorweiler Moschee","article_modified_time":"2018-10-02T17:29:18+00:00","twitter_card":"summary_large_image","schema":{"@context":"https:\/\/schema.org","@graph":[{"@type":"WebPage","@id":"https:\/\/ditib-chorweiler.de\/kurum\/","url":"https:\/\/ditib-chorweiler.de\/kurum\/","name":"Kurum - DITIB K\u00f6ln Chorweiler Moschee","isPartOf":{"@id":"https:\/\/ditib-chorweiler.de\/#website"},"datePublished":"2018-10-02T17:27:47+00:00","dateModified":"2018-10-02T17:29:18+00:00","breadcrumb":{"@id":"https:\/\/ditib-chorweiler.de\/kurum\/#breadcrumb"},"inLanguage":"tr","potentialAction":[{"@type":"ReadAction","target":["https:\/\/ditib-chorweiler.de\/kurum\/"]}]},{"@type":"BreadcrumbList","@id":"https:\/\/ditib-chorweiler.de\/kurum\/#breadcrumb","itemListElement":[{"@type":"ListItem","position":1,"name":"Start","item":"https:\/\/ditib-chorweiler.de\/"},{"@type":"ListItem","position":2,"name":"Kurum"}]},{"@type":"WebSite","@id":"https:\/\/ditib-chorweiler.de\/#website","url":"https:\/\/ditib-chorweiler.de\/","name":"DITIB K\u00f6ln Chorweiler Moschee","description":"Ein Ort des Gebets, der Begegnung und der Gemeinschaft in K\u00f6ln-Chorweiler","potentialAction":[{"@type":"SearchAction","target":{"@type":"EntryPoint","urlTemplate":"https:\/\/ditib-chorweiler.de\/?s={search_term_string}"},"query-input":{"@type":"PropertyValueSpecification","valueRequired":true,"valueName":"search_term_string"}}],"inLanguage":"tr"}]}},"_links":{"self":[{"href":"https:\/\/ditib-chorweiler.de\/tr\/wp-json\/wp\/v2\/pages\/11864","targetHints":{"allow":["GET"]}}],"collection":[{"href":"https:\/\/ditib-chorweiler.de\/tr\/wp-json\/wp\/v2\/pages"}],"about":[{"href":"https:\/\/ditib-chorweiler.de\/tr\/wp-json\/wp\/v2\/types\/page"}],"author":[{"embeddable":true,"href":"https:\/\/ditib-chorweiler.de\/tr\/wp-json\/wp\/v2\/users\/1"}],"replies":[{"embeddable":true,"href":"https:\/\/ditib-chorweiler.de\/tr\/wp-json\/wp\/v2\/comments?post=11864"}],"version-history":[{"count":3,"href":"https:\/\/ditib-chorweiler.de\/tr\/wp-json\/wp\/v2\/pages\/11864\/revisions"}],"predecessor-version":[{"id":12031,"href":"https:\/\/ditib-chorweiler.de\/tr\/wp-json\/wp\/v2\/pages\/11864\/revisions\/12031"}],"wp:attachment":[{"href":"https:\/\/ditib-chorweiler.de\/tr\/wp-json\/wp\/v2\/media?parent=11864"}],"curies":[{"name":"wp","href":"https:\/\/api.w.org\/{rel}","templated":true}]}}