{"id":12033,"date":"2018-10-02T19:37:09","date_gmt":"2018-10-02T17:37:09","guid":{"rendered":"http:\/\/ditibchorweiler.de\/?page_id=12033"},"modified":"2018-10-02T19:37:09","modified_gmt":"2018-10-02T17:37:09","slug":"salon","status":"publish","type":"page","link":"https:\/\/ditib-chorweiler.de\/tr\/kurum\/salon\/","title":{"rendered":"Ni\u015fan &#038; Konferans Salonu"},"content":{"rendered":"<p>[vc_row][vc_column][vc_single_image image=&#8221;1550&#8243; img_size=&#8221;large&#8221; style=&#8221;vc_box_shadow_3d&#8221;][karma_builder_heading animate=&#8221;animate_none&#8221; heading_text=&#8221;Ni\u015fan &amp; Konferans Salonu&#8221; sub_heading_color=&#8221;#555555&#8243; heading_type=&#8221;h1&#8243; heading_style=&#8221;uppercase&#8221;][\/karma_builder_heading][\/vc_column][\/vc_row][vc_row][vc_column width=&#8221;1\/2&#8243;][vc_column_text]300 m\u00b2 olan salon konferans d\u00fczeninde 500 ile 550 ki\u015fi, yemek d\u00fczeninde ise 300 ki\u015fiye hizmet verme kapasitesine sahiptir. Her t\u00fcrl\u00fc etkinli\u011fe cevap vere bilecek donan\u0131ma sahiptir. Yemekli etkinlikerde mutfa\u011f\u0131m\u0131z kullan\u0131labilir.[\/vc_column_text][\/vc_column][vc_column width=&#8221;1\/2&#8243;][vc_column_text]<\/p>\n<ul>\n<li>yerden \u0131s\u0131tma sistemi<\/li>\n<li>ses ve video sistemi<\/li>\n<li>sahne<\/li>\n<li>k\u00fcrs\u00fc<\/li>\n<li>kablosuz mikrofon<\/li>\n<li>\u0131\u015f\u0131kland\u0131rma<\/li>\n<li>i\u00e7 a\u00e7\u0131c\u0131 dekorasyon<\/li>\n<li>projekt\u00f6r<\/li>\n<\/ul>\n<p>[\/vc_column_text][\/vc_column][\/vc_row][vc_row][vc_column][karma_separator_line style=&#8221;separator_shadow&#8221;][vc_column_text]<\/p>\n<h2 style=\"text-align: center;\">Daha fazla bilgi ve rezervasyon i\u00e7in: 01578 178 72 03 veya<\/h2>\n<p>[\/vc_column_text][vc_btn title=&#8221;B\u0130ZE YAZIN&#8221; style=&#8221;gradient-custom&#8221; gradient_custom_color_1=&#8221;#b61f14&#8243; gradient_custom_color_2=&#8221;#6f1613&#8243; shape=&#8221;square&#8221; align=&#8221;center&#8221;][\/vc_column][\/vc_row]<\/p>\n","protected":false},"excerpt":{"rendered":"<p>[vc_row][vc_column][vc_single_image image=&#8221;1550&#8243; img_size=&#8221;large&#8221; style=&#8221;vc_box_shadow_3d&#8221;][karma_builder_heading animate=&#8221;animate_none&#8221; heading_text=&#8221;Ni\u015fan &amp; Konferans Salonu&#8221; sub_heading_color=&#8221;#555555&#8243;  [&#8230;]<\/p>\n","protected":false},"author":1,"featured_media":0,"parent":11864,"menu_order":0,"comment_status":"closed","ping_status":"closed","template":"template_leftnav.php","meta":{"_acf_changed":false,"footnotes":""},"class_list":["post-12033","page","type-page","status-publish","hentry"],"acf":[],"yoast_head":"<!-- This site is optimized with the Yoast SEO plugin v27.3 - https:\/\/yoast.com\/product\/yoast-seo-wordpress\/ -->\n<title>Ni\u015fan &amp; Konferans Salonu - DITIB K\u00f6ln Chorweiler Moschee<\/title>\n<meta name=\"robots\" content=\"index, follow, max-snippet:-1, max-image-preview:large, max-video-preview:-1\" \/>\n<link rel=\"canonical\" href=\"https:\/\/ditib-chorweiler.de\/kurum\/salon\/\" \/>\n<meta property=\"og:locale\" content=\"tr_TR\" \/>\n<meta property=\"og:type\" content=\"article\" \/>\n<meta property=\"og:title\" content=\"Ni\u015fan &amp; Konferans Salonu - DITIB K\u00f6ln Chorweiler Moschee\" \/>\n<meta property=\"og:description\" content=\"[vc_row][vc_column][vc_single_image image=&#8221;1550&#8243; img_size=&#8221;large&#8221; style=&#8221;vc_box_shadow_3d&#8221;][karma_builder_heading animate=&#8221;animate_none&#8221; heading_text=&#8221;Ni\u015fan &amp; Konferans Salonu&#8221; sub_heading_color=&#8221;#555555&#8243; [...]\" \/>\n<meta property=\"og:url\" content=\"https:\/\/ditib-chorweiler.de\/kurum\/salon\/\" \/>\n<meta property=\"og:site_name\" content=\"DITIB K\u00f6ln Chorweiler Moschee\" \/>\n<meta name=\"twitter:card\" content=\"summary_large_image\" \/>\n<meta name=\"twitter:label1\" content=\"Tahmini okuma s\u00fcresi\" \/>\n\t<meta name=\"twitter:data1\" content=\"1 dakika\" \/>\n<script type=\"application\/ld+json\" class=\"yoast-schema-graph\">{\"@context\":\"https:\\\/\\\/schema.org\",\"@graph\":[{\"@type\":\"WebPage\",\"@id\":\"https:\\\/\\\/ditib-chorweiler.de\\\/kurum\\\/salon\\\/\",\"url\":\"https:\\\/\\\/ditib-chorweiler.de\\\/kurum\\\/salon\\\/\",\"name\":\"Ni\u015fan & Konferans Salonu - DITIB K\u00f6ln Chorweiler Moschee\",\"isPartOf\":{\"@id\":\"https:\\\/\\\/ditib-chorweiler.de\\\/#website\"},\"datePublished\":\"2018-10-02T17:37:09+00:00\",\"breadcrumb\":{\"@id\":\"https:\\\/\\\/ditib-chorweiler.de\\\/kurum\\\/salon\\\/#breadcrumb\"},\"inLanguage\":\"tr\",\"potentialAction\":[{\"@type\":\"ReadAction\",\"target\":[\"https:\\\/\\\/ditib-chorweiler.de\\\/kurum\\\/salon\\\/\"]}]},{\"@type\":\"BreadcrumbList\",\"@id\":\"https:\\\/\\\/ditib-chorweiler.de\\\/kurum\\\/salon\\\/#breadcrumb\",\"itemListElement\":[{\"@type\":\"ListItem\",\"position\":1,\"name\":\"Start\",\"item\":\"https:\\\/\\\/ditib-chorweiler.de\\\/\"},{\"@type\":\"ListItem\",\"position\":2,\"name\":\"Kurum\",\"item\":\"https:\\\/\\\/ditib-chorweiler.de\\\/kurum\\\/\"},{\"@type\":\"ListItem\",\"position\":3,\"name\":\"Ni\u015fan &#038; Konferans Salonu\"}]},{\"@type\":\"WebSite\",\"@id\":\"https:\\\/\\\/ditib-chorweiler.de\\\/#website\",\"url\":\"https:\\\/\\\/ditib-chorweiler.de\\\/\",\"name\":\"DITIB K\u00f6ln Chorweiler Moschee\",\"description\":\"Ein Ort des Gebets, der Begegnung und der Gemeinschaft in K\u00f6ln-Chorweiler\",\"potentialAction\":[{\"@type\":\"SearchAction\",\"target\":{\"@type\":\"EntryPoint\",\"urlTemplate\":\"https:\\\/\\\/ditib-chorweiler.de\\\/?s={search_term_string}\"},\"query-input\":{\"@type\":\"PropertyValueSpecification\",\"valueRequired\":true,\"valueName\":\"search_term_string\"}}],\"inLanguage\":\"tr\"}]}<\/script>\n<!-- \/ Yoast SEO plugin. -->","yoast_head_json":{"title":"Ni\u015fan & Konferans Salonu - DITIB K\u00f6ln Chorweiler Moschee","robots":{"index":"index","follow":"follow","max-snippet":"max-snippet:-1","max-image-preview":"max-image-preview:large","max-video-preview":"max-video-preview:-1"},"canonical":"https:\/\/ditib-chorweiler.de\/kurum\/salon\/","og_locale":"tr_TR","og_type":"article","og_title":"Ni\u015fan & Konferans Salonu - DITIB K\u00f6ln Chorweiler Moschee","og_description":"[vc_row][vc_column][vc_single_image image=&#8221;1550&#8243; img_size=&#8221;large&#8221; style=&#8221;vc_box_shadow_3d&#8221;][karma_builder_heading animate=&#8221;animate_none&#8221; heading_text=&#8221;Ni\u015fan &amp; Konferans Salonu&#8221; sub_heading_color=&#8221;#555555&#8243; [...]","og_url":"https:\/\/ditib-chorweiler.de\/kurum\/salon\/","og_site_name":"DITIB K\u00f6ln Chorweiler Moschee","twitter_card":"summary_large_image","twitter_misc":{"Tahmini okuma s\u00fcresi":"1 dakika"},"schema":{"@context":"https:\/\/schema.org","@graph":[{"@type":"WebPage","@id":"https:\/\/ditib-chorweiler.de\/kurum\/salon\/","url":"https:\/\/ditib-chorweiler.de\/kurum\/salon\/","name":"Ni\u015fan & Konferans Salonu - DITIB K\u00f6ln Chorweiler Moschee","isPartOf":{"@id":"https:\/\/ditib-chorweiler.de\/#website"},"datePublished":"2018-10-02T17:37:09+00:00","breadcrumb":{"@id":"https:\/\/ditib-chorweiler.de\/kurum\/salon\/#breadcrumb"},"inLanguage":"tr","potentialAction":[{"@type":"ReadAction","target":["https:\/\/ditib-chorweiler.de\/kurum\/salon\/"]}]},{"@type":"BreadcrumbList","@id":"https:\/\/ditib-chorweiler.de\/kurum\/salon\/#breadcrumb","itemListElement":[{"@type":"ListItem","position":1,"name":"Start","item":"https:\/\/ditib-chorweiler.de\/"},{"@type":"ListItem","position":2,"name":"Kurum","item":"https:\/\/ditib-chorweiler.de\/kurum\/"},{"@type":"ListItem","position":3,"name":"Ni\u015fan &#038; Konferans Salonu"}]},{"@type":"WebSite","@id":"https:\/\/ditib-chorweiler.de\/#website","url":"https:\/\/ditib-chorweiler.de\/","name":"DITIB K\u00f6ln Chorweiler Moschee","description":"Ein Ort des Gebets, der Begegnung und der Gemeinschaft in K\u00f6ln-Chorweiler","potentialAction":[{"@type":"SearchAction","target":{"@type":"EntryPoint","urlTemplate":"https:\/\/ditib-chorweiler.de\/?s={search_term_string}"},"query-input":{"@type":"PropertyValueSpecification","valueRequired":true,"valueName":"search_term_string"}}],"inLanguage":"tr"}]}},"_links":{"self":[{"href":"https:\/\/ditib-chorweiler.de\/tr\/wp-json\/wp\/v2\/pages\/12033","targetHints":{"allow":["GET"]}}],"collection":[{"href":"https:\/\/ditib-chorweiler.de\/tr\/wp-json\/wp\/v2\/pages"}],"about":[{"href":"https:\/\/ditib-chorweiler.de\/tr\/wp-json\/wp\/v2\/types\/page"}],"author":[{"embeddable":true,"href":"https:\/\/ditib-chorweiler.de\/tr\/wp-json\/wp\/v2\/users\/1"}],"replies":[{"embeddable":true,"href":"https:\/\/ditib-chorweiler.de\/tr\/wp-json\/wp\/v2\/comments?post=12033"}],"version-history":[{"count":1,"href":"https:\/\/ditib-chorweiler.de\/tr\/wp-json\/wp\/v2\/pages\/12033\/revisions"}],"predecessor-version":[{"id":12039,"href":"https:\/\/ditib-chorweiler.de\/tr\/wp-json\/wp\/v2\/pages\/12033\/revisions\/12039"}],"up":[{"embeddable":true,"href":"https:\/\/ditib-chorweiler.de\/tr\/wp-json\/wp\/v2\/pages\/11864"}],"wp:attachment":[{"href":"https:\/\/ditib-chorweiler.de\/tr\/wp-json\/wp\/v2\/media?parent=12033"}],"curies":[{"name":"wp","href":"https:\/\/api.w.org\/{rel}","templated":true}]}}