{"id":12034,"date":"2018-10-02T19:38:07","date_gmt":"2018-10-02T17:38:07","guid":{"rendered":"http:\/\/ditibchorweiler.de\/?page_id=12034"},"modified":"2018-10-02T19:41:11","modified_gmt":"2018-10-02T17:41:11","slug":"sinif","status":"publish","type":"page","link":"https:\/\/ditib-chorweiler.de\/tr\/kurum\/sinif\/","title":{"rendered":"S\u0131n\u0131flar"},"content":{"rendered":"<p>[vc_row][vc_column][karma_builder_heading animate=&#8221;animate_none&#8221; heading_text=&#8221;S\u0131n\u0131flar&#8221; sub_heading_color=&#8221;#555555&#8243; heading_type=&#8221;h1&#8243; heading_style=&#8221;uppercase&#8221;][\/karma_builder_heading][\/vc_column][\/vc_row][vc_row][vc_column][vc_column_text]Cami kompleksinin \u00f6nemli yerlerinden birisi de e\u011fitim ve \u00f6\u011fretim alanlar\u0131 olan dersliklerdir. Camii zemin katta 5, birinci katta 4 toplam\u00a09 adet dersli\u011fe sahiptir.\u00a0S\u0131n\u0131flar\u0131n toplam kapasitesi 150 \u00f6\u011frenci civar\u0131ndad\u0131r. S\u0131n\u0131flar 15-20 ki\u015filik olup dersler 7 e\u011fitimci taraf\u0131ndan \u00a0verilmektedir. \u00d6\u011frenciler masa ve sandalyeli s\u0131n\u0131flarda e\u011fitim g\u00f6rmektedirler. Bunlar\u0131n yan\u0131 s\u0131ra s\u0131n\u0131flar beyaz yaz\u0131 tahtas\u0131, kablosuz internet eri\u015fimi, ilan tahtas\u0131, kal\u00f6rifer, kilitli dolaplar ve ayakkab\u0131l\u0131k gibi donan\u0131mlara sahiptir.[\/vc_column_text][\/vc_column][\/vc_row]<\/p>\n","protected":false},"excerpt":{"rendered":"<p>[vc_row][vc_column][karma_builder_heading animate=&#8221;animate_none&#8221; heading_text=&#8221;S\u0131n\u0131flar&#8221; sub_heading_color=&#8221;#555555&#8243; heading_type=&#8221;h1&#8243; heading_style=&#8221;uppercase&#8221;][\/karma_builder_heading][\/vc_column][\/vc_row][vc_row][vc_column][vc_column_text]Cami kompleksinin \u00f6nemli yerlerinden birisi  [&#8230;]<\/p>\n","protected":false},"author":1,"featured_media":0,"parent":11864,"menu_order":0,"comment_status":"closed","ping_status":"closed","template":"template_leftnav.php","meta":{"_acf_changed":false,"footnotes":""},"class_list":["post-12034","page","type-page","status-publish","hentry"],"acf":[],"yoast_head":"<!-- This site is optimized with the Yoast SEO plugin v27.3 - https:\/\/yoast.com\/product\/yoast-seo-wordpress\/ -->\n<title>S\u0131n\u0131flar - DITIB K\u00f6ln Chorweiler Moschee<\/title>\n<meta name=\"robots\" content=\"index, follow, max-snippet:-1, max-image-preview:large, max-video-preview:-1\" \/>\n<link rel=\"canonical\" href=\"https:\/\/ditib-chorweiler.de\/kurum\/sinif\/\" \/>\n<meta property=\"og:locale\" content=\"tr_TR\" \/>\n<meta property=\"og:type\" content=\"article\" \/>\n<meta property=\"og:title\" content=\"S\u0131n\u0131flar - DITIB K\u00f6ln Chorweiler Moschee\" \/>\n<meta property=\"og:description\" content=\"[vc_row][vc_column][karma_builder_heading animate=&#8221;animate_none&#8221; heading_text=&#8221;S\u0131n\u0131flar&#8221; sub_heading_color=&#8221;#555555&#8243; heading_type=&#8221;h1&#8243; heading_style=&#8221;uppercase&#8221;][\/karma_builder_heading][\/vc_column][\/vc_row][vc_row][vc_column][vc_column_text]Cami kompleksinin \u00f6nemli yerlerinden birisi [...]\" \/>\n<meta property=\"og:url\" content=\"https:\/\/ditib-chorweiler.de\/kurum\/sinif\/\" \/>\n<meta property=\"og:site_name\" content=\"DITIB K\u00f6ln Chorweiler Moschee\" \/>\n<meta property=\"article:modified_time\" content=\"2018-10-02T17:41:11+00:00\" \/>\n<meta name=\"twitter:card\" content=\"summary_large_image\" \/>\n<meta name=\"twitter:label1\" content=\"Tahmini okuma s\u00fcresi\" \/>\n\t<meta name=\"twitter:data1\" content=\"1 dakika\" \/>\n<script type=\"application\/ld+json\" class=\"yoast-schema-graph\">{\"@context\":\"https:\\\/\\\/schema.org\",\"@graph\":[{\"@type\":\"WebPage\",\"@id\":\"https:\\\/\\\/ditib-chorweiler.de\\\/kurum\\\/sinif\\\/\",\"url\":\"https:\\\/\\\/ditib-chorweiler.de\\\/kurum\\\/sinif\\\/\",\"name\":\"S\u0131n\u0131flar - DITIB K\u00f6ln Chorweiler Moschee\",\"isPartOf\":{\"@id\":\"https:\\\/\\\/ditib-chorweiler.de\\\/#website\"},\"datePublished\":\"2018-10-02T17:38:07+00:00\",\"dateModified\":\"2018-10-02T17:41:11+00:00\",\"breadcrumb\":{\"@id\":\"https:\\\/\\\/ditib-chorweiler.de\\\/kurum\\\/sinif\\\/#breadcrumb\"},\"inLanguage\":\"tr\",\"potentialAction\":[{\"@type\":\"ReadAction\",\"target\":[\"https:\\\/\\\/ditib-chorweiler.de\\\/kurum\\\/sinif\\\/\"]}]},{\"@type\":\"BreadcrumbList\",\"@id\":\"https:\\\/\\\/ditib-chorweiler.de\\\/kurum\\\/sinif\\\/#breadcrumb\",\"itemListElement\":[{\"@type\":\"ListItem\",\"position\":1,\"name\":\"Start\",\"item\":\"https:\\\/\\\/ditib-chorweiler.de\\\/\"},{\"@type\":\"ListItem\",\"position\":2,\"name\":\"Kurum\",\"item\":\"https:\\\/\\\/ditib-chorweiler.de\\\/kurum\\\/\"},{\"@type\":\"ListItem\",\"position\":3,\"name\":\"S\u0131n\u0131flar\"}]},{\"@type\":\"WebSite\",\"@id\":\"https:\\\/\\\/ditib-chorweiler.de\\\/#website\",\"url\":\"https:\\\/\\\/ditib-chorweiler.de\\\/\",\"name\":\"DITIB K\u00f6ln Chorweiler Moschee\",\"description\":\"Ein Ort des Gebets, der Begegnung und der Gemeinschaft in K\u00f6ln-Chorweiler\",\"potentialAction\":[{\"@type\":\"SearchAction\",\"target\":{\"@type\":\"EntryPoint\",\"urlTemplate\":\"https:\\\/\\\/ditib-chorweiler.de\\\/?s={search_term_string}\"},\"query-input\":{\"@type\":\"PropertyValueSpecification\",\"valueRequired\":true,\"valueName\":\"search_term_string\"}}],\"inLanguage\":\"tr\"}]}<\/script>\n<!-- \/ Yoast SEO plugin. -->","yoast_head_json":{"title":"S\u0131n\u0131flar - DITIB K\u00f6ln Chorweiler Moschee","robots":{"index":"index","follow":"follow","max-snippet":"max-snippet:-1","max-image-preview":"max-image-preview:large","max-video-preview":"max-video-preview:-1"},"canonical":"https:\/\/ditib-chorweiler.de\/kurum\/sinif\/","og_locale":"tr_TR","og_type":"article","og_title":"S\u0131n\u0131flar - DITIB K\u00f6ln Chorweiler Moschee","og_description":"[vc_row][vc_column][karma_builder_heading animate=&#8221;animate_none&#8221; heading_text=&#8221;S\u0131n\u0131flar&#8221; sub_heading_color=&#8221;#555555&#8243; heading_type=&#8221;h1&#8243; heading_style=&#8221;uppercase&#8221;][\/karma_builder_heading][\/vc_column][\/vc_row][vc_row][vc_column][vc_column_text]Cami kompleksinin \u00f6nemli yerlerinden birisi [...]","og_url":"https:\/\/ditib-chorweiler.de\/kurum\/sinif\/","og_site_name":"DITIB K\u00f6ln Chorweiler Moschee","article_modified_time":"2018-10-02T17:41:11+00:00","twitter_card":"summary_large_image","twitter_misc":{"Tahmini okuma s\u00fcresi":"1 dakika"},"schema":{"@context":"https:\/\/schema.org","@graph":[{"@type":"WebPage","@id":"https:\/\/ditib-chorweiler.de\/kurum\/sinif\/","url":"https:\/\/ditib-chorweiler.de\/kurum\/sinif\/","name":"S\u0131n\u0131flar - DITIB K\u00f6ln Chorweiler Moschee","isPartOf":{"@id":"https:\/\/ditib-chorweiler.de\/#website"},"datePublished":"2018-10-02T17:38:07+00:00","dateModified":"2018-10-02T17:41:11+00:00","breadcrumb":{"@id":"https:\/\/ditib-chorweiler.de\/kurum\/sinif\/#breadcrumb"},"inLanguage":"tr","potentialAction":[{"@type":"ReadAction","target":["https:\/\/ditib-chorweiler.de\/kurum\/sinif\/"]}]},{"@type":"BreadcrumbList","@id":"https:\/\/ditib-chorweiler.de\/kurum\/sinif\/#breadcrumb","itemListElement":[{"@type":"ListItem","position":1,"name":"Start","item":"https:\/\/ditib-chorweiler.de\/"},{"@type":"ListItem","position":2,"name":"Kurum","item":"https:\/\/ditib-chorweiler.de\/kurum\/"},{"@type":"ListItem","position":3,"name":"S\u0131n\u0131flar"}]},{"@type":"WebSite","@id":"https:\/\/ditib-chorweiler.de\/#website","url":"https:\/\/ditib-chorweiler.de\/","name":"DITIB K\u00f6ln Chorweiler Moschee","description":"Ein Ort des Gebets, der Begegnung und der Gemeinschaft in K\u00f6ln-Chorweiler","potentialAction":[{"@type":"SearchAction","target":{"@type":"EntryPoint","urlTemplate":"https:\/\/ditib-chorweiler.de\/?s={search_term_string}"},"query-input":{"@type":"PropertyValueSpecification","valueRequired":true,"valueName":"search_term_string"}}],"inLanguage":"tr"}]}},"_links":{"self":[{"href":"https:\/\/ditib-chorweiler.de\/tr\/wp-json\/wp\/v2\/pages\/12034","targetHints":{"allow":["GET"]}}],"collection":[{"href":"https:\/\/ditib-chorweiler.de\/tr\/wp-json\/wp\/v2\/pages"}],"about":[{"href":"https:\/\/ditib-chorweiler.de\/tr\/wp-json\/wp\/v2\/types\/page"}],"author":[{"embeddable":true,"href":"https:\/\/ditib-chorweiler.de\/tr\/wp-json\/wp\/v2\/users\/1"}],"replies":[{"embeddable":true,"href":"https:\/\/ditib-chorweiler.de\/tr\/wp-json\/wp\/v2\/comments?post=12034"}],"version-history":[{"count":2,"href":"https:\/\/ditib-chorweiler.de\/tr\/wp-json\/wp\/v2\/pages\/12034\/revisions"}],"predecessor-version":[{"id":12044,"href":"https:\/\/ditib-chorweiler.de\/tr\/wp-json\/wp\/v2\/pages\/12034\/revisions\/12044"}],"up":[{"embeddable":true,"href":"https:\/\/ditib-chorweiler.de\/tr\/wp-json\/wp\/v2\/pages\/11864"}],"wp:attachment":[{"href":"https:\/\/ditib-chorweiler.de\/tr\/wp-json\/wp\/v2\/media?parent=12034"}],"curies":[{"name":"wp","href":"https:\/\/api.w.org\/{rel}","templated":true}]}}