{"id":12035,"date":"2018-10-02T19:39:13","date_gmt":"2018-10-02T17:39:13","guid":{"rendered":"http:\/\/ditibchorweiler.de\/?page_id=12035"},"modified":"2018-10-02T19:39:13","modified_gmt":"2018-10-02T17:39:13","slug":"genclik-merkezi","status":"publish","type":"page","link":"https:\/\/ditib-chorweiler.de\/tr\/kurum\/genclik-merkezi\/","title":{"rendered":"Gen\u00e7lik Merkezi"},"content":{"rendered":"<p>[vc_row][vc_column][karma_builder_heading animate=&#8221;animate_none&#8221; heading_text=&#8221;Gen\u00e7lik Merkezi&#8221; sub_heading_color=&#8221;#555555&#8243; heading_type=&#8221;h2&#8243; heading_style=&#8221;uppercase&#8221;][\/karma_builder_heading][\/vc_column][\/vc_row][vc_row][vc_column width=&#8221;1\/2&#8243;][vc_column_text]80m\u00b2 b\u00fcy\u00fckl\u00fc\u011f\u00fcne sahip Gen\u00e7lik merkezi gen\u00e7lerimize \u00e7esitli aktiviteler yapabilme imkan\u0131 sunmaktad\u0131r. Seminerler, Sohbetler, Kahvalt\u0131lar ve buna benzer aktiviteler gen\u00e7lik merkezimizde rahat\u00e7a yap\u0131labilir.\u00a03m x 2,5m\u2019lik projeksiyon perdesinde Futbol (ma\u00e7) ve Film izlemek , Playstation ve xBox benzeri oyunlar \u00a0oynamak b\u00fcy\u00fck zevk vermektedir.[\/vc_column_text][\/vc_column][vc_column width=&#8221;1\/2&#8243;][vc_column_text]Gen\u00e7lik Merkezi y\u00fcksek \u00e7\u00f6z\u00fcn\u00fcrl\u00fckl\u00fc projeksiyon cihaz\u0131, 3m x 2,5m\u2019lik projeksiyon perdesi, Digit\u00fcrk, 5.1 sisteminde sinema hoparl\u00f6rleri gibi teknolojik donan\u0131mlara sahiptir.\u00a0Teknolojik donan\u0131mlar\u0131n yan\u0131 s\u0131ra bilardo masas\u0131, lang\u0131rt, masa tenisi ve \u015fark k\u00f6\u015fesi gibi e\u011flence fakt\u00f6r\u00fcn\u00fc art\u0131ran donan\u0131mlarada sahiptir. Ayn\u0131 zamanda gen\u00e7lik merkezimizdeki mutfa\u011f\u0131m\u0131z su, \u00e7ay ve yemek ihtiya\u00e7lar\u0131n\u0131n kar\u015f\u0131lanmas\u0131 i\u00e7in olduk\u00e7a elveri\u015flidir.[\/vc_column_text][\/vc_column][\/vc_row]<\/p>\n","protected":false},"excerpt":{"rendered":"<p>[vc_row][vc_column][karma_builder_heading animate=&#8221;animate_none&#8221; heading_text=&#8221;Gen\u00e7lik Merkezi&#8221; sub_heading_color=&#8221;#555555&#8243; heading_type=&#8221;h2&#8243; heading_style=&#8221;uppercase&#8221;][\/karma_builder_heading][\/vc_column][\/vc_row][vc_row][vc_column width=&#8221;1\/2&#8243;][vc_column_text]80m\u00b2 b\u00fcy\u00fckl\u00fc\u011f\u00fcne sahip  [&#8230;]<\/p>\n","protected":false},"author":1,"featured_media":0,"parent":11864,"menu_order":0,"comment_status":"closed","ping_status":"closed","template":"template_leftnav.php","meta":{"_acf_changed":false,"footnotes":""},"class_list":["post-12035","page","type-page","status-publish","hentry"],"acf":[],"yoast_head":"<!-- This site is optimized with the Yoast SEO plugin v27.3 - https:\/\/yoast.com\/product\/yoast-seo-wordpress\/ -->\n<title>Gen\u00e7lik Merkezi - DITIB K\u00f6ln Chorweiler Moschee<\/title>\n<meta name=\"robots\" content=\"index, follow, max-snippet:-1, max-image-preview:large, max-video-preview:-1\" \/>\n<link rel=\"canonical\" href=\"https:\/\/ditib-chorweiler.de\/kurum\/genclik-merkezi\/\" \/>\n<meta property=\"og:locale\" content=\"tr_TR\" \/>\n<meta property=\"og:type\" content=\"article\" \/>\n<meta property=\"og:title\" content=\"Gen\u00e7lik Merkezi - DITIB K\u00f6ln Chorweiler Moschee\" \/>\n<meta property=\"og:description\" content=\"[vc_row][vc_column][karma_builder_heading animate=&#8221;animate_none&#8221; heading_text=&#8221;Gen\u00e7lik Merkezi&#8221; sub_heading_color=&#8221;#555555&#8243; heading_type=&#8221;h2&#8243; heading_style=&#8221;uppercase&#8221;][\/karma_builder_heading][\/vc_column][\/vc_row][vc_row][vc_column width=&#8221;1\/2&#8243;][vc_column_text]80m\u00b2 b\u00fcy\u00fckl\u00fc\u011f\u00fcne sahip [...]\" \/>\n<meta property=\"og:url\" content=\"https:\/\/ditib-chorweiler.de\/kurum\/genclik-merkezi\/\" \/>\n<meta property=\"og:site_name\" content=\"DITIB K\u00f6ln Chorweiler Moschee\" \/>\n<meta name=\"twitter:card\" content=\"summary_large_image\" \/>\n<meta name=\"twitter:label1\" content=\"Tahmini okuma s\u00fcresi\" \/>\n\t<meta name=\"twitter:data1\" content=\"1 dakika\" \/>\n<script type=\"application\/ld+json\" class=\"yoast-schema-graph\">{\"@context\":\"https:\\\/\\\/schema.org\",\"@graph\":[{\"@type\":\"WebPage\",\"@id\":\"https:\\\/\\\/ditib-chorweiler.de\\\/kurum\\\/genclik-merkezi\\\/\",\"url\":\"https:\\\/\\\/ditib-chorweiler.de\\\/kurum\\\/genclik-merkezi\\\/\",\"name\":\"Gen\u00e7lik Merkezi - DITIB K\u00f6ln Chorweiler Moschee\",\"isPartOf\":{\"@id\":\"https:\\\/\\\/ditib-chorweiler.de\\\/#website\"},\"datePublished\":\"2018-10-02T17:39:13+00:00\",\"breadcrumb\":{\"@id\":\"https:\\\/\\\/ditib-chorweiler.de\\\/kurum\\\/genclik-merkezi\\\/#breadcrumb\"},\"inLanguage\":\"tr\",\"potentialAction\":[{\"@type\":\"ReadAction\",\"target\":[\"https:\\\/\\\/ditib-chorweiler.de\\\/kurum\\\/genclik-merkezi\\\/\"]}]},{\"@type\":\"BreadcrumbList\",\"@id\":\"https:\\\/\\\/ditib-chorweiler.de\\\/kurum\\\/genclik-merkezi\\\/#breadcrumb\",\"itemListElement\":[{\"@type\":\"ListItem\",\"position\":1,\"name\":\"Start\",\"item\":\"https:\\\/\\\/ditib-chorweiler.de\\\/\"},{\"@type\":\"ListItem\",\"position\":2,\"name\":\"Kurum\",\"item\":\"https:\\\/\\\/ditib-chorweiler.de\\\/kurum\\\/\"},{\"@type\":\"ListItem\",\"position\":3,\"name\":\"Gen\u00e7lik Merkezi\"}]},{\"@type\":\"WebSite\",\"@id\":\"https:\\\/\\\/ditib-chorweiler.de\\\/#website\",\"url\":\"https:\\\/\\\/ditib-chorweiler.de\\\/\",\"name\":\"DITIB K\u00f6ln Chorweiler Moschee\",\"description\":\"Ein Ort des Gebets, der Begegnung und der Gemeinschaft in K\u00f6ln-Chorweiler\",\"potentialAction\":[{\"@type\":\"SearchAction\",\"target\":{\"@type\":\"EntryPoint\",\"urlTemplate\":\"https:\\\/\\\/ditib-chorweiler.de\\\/?s={search_term_string}\"},\"query-input\":{\"@type\":\"PropertyValueSpecification\",\"valueRequired\":true,\"valueName\":\"search_term_string\"}}],\"inLanguage\":\"tr\"}]}<\/script>\n<!-- \/ Yoast SEO plugin. -->","yoast_head_json":{"title":"Gen\u00e7lik Merkezi - DITIB K\u00f6ln Chorweiler Moschee","robots":{"index":"index","follow":"follow","max-snippet":"max-snippet:-1","max-image-preview":"max-image-preview:large","max-video-preview":"max-video-preview:-1"},"canonical":"https:\/\/ditib-chorweiler.de\/kurum\/genclik-merkezi\/","og_locale":"tr_TR","og_type":"article","og_title":"Gen\u00e7lik Merkezi - DITIB K\u00f6ln Chorweiler Moschee","og_description":"[vc_row][vc_column][karma_builder_heading animate=&#8221;animate_none&#8221; heading_text=&#8221;Gen\u00e7lik Merkezi&#8221; sub_heading_color=&#8221;#555555&#8243; heading_type=&#8221;h2&#8243; heading_style=&#8221;uppercase&#8221;][\/karma_builder_heading][\/vc_column][\/vc_row][vc_row][vc_column width=&#8221;1\/2&#8243;][vc_column_text]80m\u00b2 b\u00fcy\u00fckl\u00fc\u011f\u00fcne sahip [...]","og_url":"https:\/\/ditib-chorweiler.de\/kurum\/genclik-merkezi\/","og_site_name":"DITIB K\u00f6ln Chorweiler Moschee","twitter_card":"summary_large_image","twitter_misc":{"Tahmini okuma s\u00fcresi":"1 dakika"},"schema":{"@context":"https:\/\/schema.org","@graph":[{"@type":"WebPage","@id":"https:\/\/ditib-chorweiler.de\/kurum\/genclik-merkezi\/","url":"https:\/\/ditib-chorweiler.de\/kurum\/genclik-merkezi\/","name":"Gen\u00e7lik Merkezi - DITIB K\u00f6ln Chorweiler Moschee","isPartOf":{"@id":"https:\/\/ditib-chorweiler.de\/#website"},"datePublished":"2018-10-02T17:39:13+00:00","breadcrumb":{"@id":"https:\/\/ditib-chorweiler.de\/kurum\/genclik-merkezi\/#breadcrumb"},"inLanguage":"tr","potentialAction":[{"@type":"ReadAction","target":["https:\/\/ditib-chorweiler.de\/kurum\/genclik-merkezi\/"]}]},{"@type":"BreadcrumbList","@id":"https:\/\/ditib-chorweiler.de\/kurum\/genclik-merkezi\/#breadcrumb","itemListElement":[{"@type":"ListItem","position":1,"name":"Start","item":"https:\/\/ditib-chorweiler.de\/"},{"@type":"ListItem","position":2,"name":"Kurum","item":"https:\/\/ditib-chorweiler.de\/kurum\/"},{"@type":"ListItem","position":3,"name":"Gen\u00e7lik Merkezi"}]},{"@type":"WebSite","@id":"https:\/\/ditib-chorweiler.de\/#website","url":"https:\/\/ditib-chorweiler.de\/","name":"DITIB K\u00f6ln Chorweiler Moschee","description":"Ein Ort des Gebets, der Begegnung und der Gemeinschaft in K\u00f6ln-Chorweiler","potentialAction":[{"@type":"SearchAction","target":{"@type":"EntryPoint","urlTemplate":"https:\/\/ditib-chorweiler.de\/?s={search_term_string}"},"query-input":{"@type":"PropertyValueSpecification","valueRequired":true,"valueName":"search_term_string"}}],"inLanguage":"tr"}]}},"_links":{"self":[{"href":"https:\/\/ditib-chorweiler.de\/tr\/wp-json\/wp\/v2\/pages\/12035","targetHints":{"allow":["GET"]}}],"collection":[{"href":"https:\/\/ditib-chorweiler.de\/tr\/wp-json\/wp\/v2\/pages"}],"about":[{"href":"https:\/\/ditib-chorweiler.de\/tr\/wp-json\/wp\/v2\/types\/page"}],"author":[{"embeddable":true,"href":"https:\/\/ditib-chorweiler.de\/tr\/wp-json\/wp\/v2\/users\/1"}],"replies":[{"embeddable":true,"href":"https:\/\/ditib-chorweiler.de\/tr\/wp-json\/wp\/v2\/comments?post=12035"}],"version-history":[{"count":1,"href":"https:\/\/ditib-chorweiler.de\/tr\/wp-json\/wp\/v2\/pages\/12035\/revisions"}],"predecessor-version":[{"id":12041,"href":"https:\/\/ditib-chorweiler.de\/tr\/wp-json\/wp\/v2\/pages\/12035\/revisions\/12041"}],"up":[{"embeddable":true,"href":"https:\/\/ditib-chorweiler.de\/tr\/wp-json\/wp\/v2\/pages\/11864"}],"wp:attachment":[{"href":"https:\/\/ditib-chorweiler.de\/tr\/wp-json\/wp\/v2\/media?parent=12035"}],"curies":[{"name":"wp","href":"https:\/\/api.w.org\/{rel}","templated":true}]}}