{"id":12037,"date":"2018-10-02T19:40:48","date_gmt":"2018-10-02T17:40:48","guid":{"rendered":"http:\/\/ditibchorweiler.de\/?page_id=12037"},"modified":"2018-10-02T19:41:35","modified_gmt":"2018-10-02T17:41:35","slug":"spor-salonu","status":"publish","type":"page","link":"https:\/\/ditib-chorweiler.de\/tr\/kurum\/spor-salonu\/","title":{"rendered":"Spor Salonu"},"content":{"rendered":"<p>[vc_row][vc_column][karma_builder_heading animate=&#8221;animate_none&#8221; heading_text=&#8221;Spor Salonu&#8221; sub_heading_color=&#8221;#555555&#8243; heading_type=&#8221;h1&#8243; heading_style=&#8221;uppercase&#8221;][\/karma_builder_heading][\/vc_column][\/vc_row][vc_row][vc_column][vc_column_text]50m\u00b2 b\u00fcy\u00fckl\u00fc\u011f\u00fcndeki spor salonumuz cami kompleksinin alt kat\u0131nda bulunmaktad\u0131r. Spor salonumuzun taban\u0131 tamamiyle spor minderleri ile d\u00f6\u015felidir. Salonda idmanlarda d\u00f6v\u00fc\u015f sanatlar\u0131n\u0131n icra edilebilmesi i\u00e7in tavanda as\u0131l\u0131 olarak \u00fc\u00e7 adet kum torbas\u0131, boks eldivenleri gibi \u00e7e\u015fitli spor malzemeleri mevcuttur. Sporcular\u0131m\u0131z\u0131n gerekli motivasyonu elde edebilmeleri amac\u0131yla ses sistemi sabit olarak kuruludur. Saym\u0131\u015f oldu\u011fumuz donan\u0131mlar\u0131n\u0131n yan\u0131 s\u0131ra spor salonumuz bay ve bayan soyunma odalar\u0131na da sahiptir.[\/vc_column_text][\/vc_column][\/vc_row]<\/p>\n","protected":false},"excerpt":{"rendered":"<p>[vc_row][vc_column][karma_builder_heading animate=&#8221;animate_none&#8221; heading_text=&#8221;Spor Salonu&#8221; sub_heading_color=&#8221;#555555&#8243; heading_type=&#8221;h1&#8243; heading_style=&#8221;uppercase&#8221;][\/karma_builder_heading][\/vc_column][\/vc_row][vc_row][vc_column][vc_column_text]50m\u00b2 b\u00fcy\u00fckl\u00fc\u011f\u00fcndeki spor salonumuz  [&#8230;]<\/p>\n","protected":false},"author":1,"featured_media":0,"parent":11864,"menu_order":0,"comment_status":"closed","ping_status":"closed","template":"template_leftnav.php","meta":{"_acf_changed":false,"footnotes":""},"class_list":["post-12037","page","type-page","status-publish","hentry"],"acf":[],"yoast_head":"<!-- This site is optimized with the Yoast SEO plugin v27.3 - https:\/\/yoast.com\/product\/yoast-seo-wordpress\/ -->\n<title>Spor Salonu - DITIB K\u00f6ln Chorweiler Moschee<\/title>\n<meta name=\"robots\" content=\"index, follow, max-snippet:-1, max-image-preview:large, max-video-preview:-1\" \/>\n<link rel=\"canonical\" href=\"https:\/\/ditib-chorweiler.de\/kurum\/spor-salonu\/\" \/>\n<meta property=\"og:locale\" content=\"tr_TR\" \/>\n<meta property=\"og:type\" content=\"article\" \/>\n<meta property=\"og:title\" content=\"Spor Salonu - DITIB K\u00f6ln Chorweiler Moschee\" \/>\n<meta property=\"og:description\" content=\"[vc_row][vc_column][karma_builder_heading animate=&#8221;animate_none&#8221; heading_text=&#8221;Spor Salonu&#8221; sub_heading_color=&#8221;#555555&#8243; heading_type=&#8221;h1&#8243; heading_style=&#8221;uppercase&#8221;][\/karma_builder_heading][\/vc_column][\/vc_row][vc_row][vc_column][vc_column_text]50m\u00b2 b\u00fcy\u00fckl\u00fc\u011f\u00fcndeki spor salonumuz [...]\" \/>\n<meta property=\"og:url\" content=\"https:\/\/ditib-chorweiler.de\/kurum\/spor-salonu\/\" \/>\n<meta property=\"og:site_name\" content=\"DITIB K\u00f6ln Chorweiler Moschee\" \/>\n<meta property=\"article:modified_time\" content=\"2018-10-02T17:41:35+00:00\" \/>\n<meta name=\"twitter:card\" content=\"summary_large_image\" \/>\n<meta name=\"twitter:label1\" content=\"Tahmini okuma s\u00fcresi\" \/>\n\t<meta name=\"twitter:data1\" content=\"1 dakika\" \/>\n<script type=\"application\/ld+json\" class=\"yoast-schema-graph\">{\"@context\":\"https:\\\/\\\/schema.org\",\"@graph\":[{\"@type\":\"WebPage\",\"@id\":\"https:\\\/\\\/ditib-chorweiler.de\\\/kurum\\\/spor-salonu\\\/\",\"url\":\"https:\\\/\\\/ditib-chorweiler.de\\\/kurum\\\/spor-salonu\\\/\",\"name\":\"Spor Salonu - DITIB K\u00f6ln Chorweiler Moschee\",\"isPartOf\":{\"@id\":\"https:\\\/\\\/ditib-chorweiler.de\\\/#website\"},\"datePublished\":\"2018-10-02T17:40:48+00:00\",\"dateModified\":\"2018-10-02T17:41:35+00:00\",\"breadcrumb\":{\"@id\":\"https:\\\/\\\/ditib-chorweiler.de\\\/kurum\\\/spor-salonu\\\/#breadcrumb\"},\"inLanguage\":\"tr\",\"potentialAction\":[{\"@type\":\"ReadAction\",\"target\":[\"https:\\\/\\\/ditib-chorweiler.de\\\/kurum\\\/spor-salonu\\\/\"]}]},{\"@type\":\"BreadcrumbList\",\"@id\":\"https:\\\/\\\/ditib-chorweiler.de\\\/kurum\\\/spor-salonu\\\/#breadcrumb\",\"itemListElement\":[{\"@type\":\"ListItem\",\"position\":1,\"name\":\"Start\",\"item\":\"https:\\\/\\\/ditib-chorweiler.de\\\/\"},{\"@type\":\"ListItem\",\"position\":2,\"name\":\"Kurum\",\"item\":\"https:\\\/\\\/ditib-chorweiler.de\\\/kurum\\\/\"},{\"@type\":\"ListItem\",\"position\":3,\"name\":\"Spor Salonu\"}]},{\"@type\":\"WebSite\",\"@id\":\"https:\\\/\\\/ditib-chorweiler.de\\\/#website\",\"url\":\"https:\\\/\\\/ditib-chorweiler.de\\\/\",\"name\":\"DITIB K\u00f6ln Chorweiler Moschee\",\"description\":\"Ein Ort des Gebets, der Begegnung und der Gemeinschaft in K\u00f6ln-Chorweiler\",\"potentialAction\":[{\"@type\":\"SearchAction\",\"target\":{\"@type\":\"EntryPoint\",\"urlTemplate\":\"https:\\\/\\\/ditib-chorweiler.de\\\/?s={search_term_string}\"},\"query-input\":{\"@type\":\"PropertyValueSpecification\",\"valueRequired\":true,\"valueName\":\"search_term_string\"}}],\"inLanguage\":\"tr\"}]}<\/script>\n<!-- \/ Yoast SEO plugin. -->","yoast_head_json":{"title":"Spor Salonu - DITIB K\u00f6ln Chorweiler Moschee","robots":{"index":"index","follow":"follow","max-snippet":"max-snippet:-1","max-image-preview":"max-image-preview:large","max-video-preview":"max-video-preview:-1"},"canonical":"https:\/\/ditib-chorweiler.de\/kurum\/spor-salonu\/","og_locale":"tr_TR","og_type":"article","og_title":"Spor Salonu - DITIB K\u00f6ln Chorweiler Moschee","og_description":"[vc_row][vc_column][karma_builder_heading animate=&#8221;animate_none&#8221; heading_text=&#8221;Spor Salonu&#8221; sub_heading_color=&#8221;#555555&#8243; heading_type=&#8221;h1&#8243; heading_style=&#8221;uppercase&#8221;][\/karma_builder_heading][\/vc_column][\/vc_row][vc_row][vc_column][vc_column_text]50m\u00b2 b\u00fcy\u00fckl\u00fc\u011f\u00fcndeki spor salonumuz [...]","og_url":"https:\/\/ditib-chorweiler.de\/kurum\/spor-salonu\/","og_site_name":"DITIB K\u00f6ln Chorweiler Moschee","article_modified_time":"2018-10-02T17:41:35+00:00","twitter_card":"summary_large_image","twitter_misc":{"Tahmini okuma s\u00fcresi":"1 dakika"},"schema":{"@context":"https:\/\/schema.org","@graph":[{"@type":"WebPage","@id":"https:\/\/ditib-chorweiler.de\/kurum\/spor-salonu\/","url":"https:\/\/ditib-chorweiler.de\/kurum\/spor-salonu\/","name":"Spor Salonu - DITIB K\u00f6ln Chorweiler Moschee","isPartOf":{"@id":"https:\/\/ditib-chorweiler.de\/#website"},"datePublished":"2018-10-02T17:40:48+00:00","dateModified":"2018-10-02T17:41:35+00:00","breadcrumb":{"@id":"https:\/\/ditib-chorweiler.de\/kurum\/spor-salonu\/#breadcrumb"},"inLanguage":"tr","potentialAction":[{"@type":"ReadAction","target":["https:\/\/ditib-chorweiler.de\/kurum\/spor-salonu\/"]}]},{"@type":"BreadcrumbList","@id":"https:\/\/ditib-chorweiler.de\/kurum\/spor-salonu\/#breadcrumb","itemListElement":[{"@type":"ListItem","position":1,"name":"Start","item":"https:\/\/ditib-chorweiler.de\/"},{"@type":"ListItem","position":2,"name":"Kurum","item":"https:\/\/ditib-chorweiler.de\/kurum\/"},{"@type":"ListItem","position":3,"name":"Spor Salonu"}]},{"@type":"WebSite","@id":"https:\/\/ditib-chorweiler.de\/#website","url":"https:\/\/ditib-chorweiler.de\/","name":"DITIB K\u00f6ln Chorweiler Moschee","description":"Ein Ort des Gebets, der Begegnung und der Gemeinschaft in K\u00f6ln-Chorweiler","potentialAction":[{"@type":"SearchAction","target":{"@type":"EntryPoint","urlTemplate":"https:\/\/ditib-chorweiler.de\/?s={search_term_string}"},"query-input":{"@type":"PropertyValueSpecification","valueRequired":true,"valueName":"search_term_string"}}],"inLanguage":"tr"}]}},"_links":{"self":[{"href":"https:\/\/ditib-chorweiler.de\/tr\/wp-json\/wp\/v2\/pages\/12037","targetHints":{"allow":["GET"]}}],"collection":[{"href":"https:\/\/ditib-chorweiler.de\/tr\/wp-json\/wp\/v2\/pages"}],"about":[{"href":"https:\/\/ditib-chorweiler.de\/tr\/wp-json\/wp\/v2\/types\/page"}],"author":[{"embeddable":true,"href":"https:\/\/ditib-chorweiler.de\/tr\/wp-json\/wp\/v2\/users\/1"}],"replies":[{"embeddable":true,"href":"https:\/\/ditib-chorweiler.de\/tr\/wp-json\/wp\/v2\/comments?post=12037"}],"version-history":[{"count":2,"href":"https:\/\/ditib-chorweiler.de\/tr\/wp-json\/wp\/v2\/pages\/12037\/revisions"}],"predecessor-version":[{"id":12045,"href":"https:\/\/ditib-chorweiler.de\/tr\/wp-json\/wp\/v2\/pages\/12037\/revisions\/12045"}],"up":[{"embeddable":true,"href":"https:\/\/ditib-chorweiler.de\/tr\/wp-json\/wp\/v2\/pages\/11864"}],"wp:attachment":[{"href":"https:\/\/ditib-chorweiler.de\/tr\/wp-json\/wp\/v2\/media?parent=12037"}],"curies":[{"name":"wp","href":"https:\/\/api.w.org\/{rel}","templated":true}]}}