{"id":12048,"date":"2018-10-02T19:45:40","date_gmt":"2018-10-02T17:45:40","guid":{"rendered":"http:\/\/ditibchorweiler.de\/?page_id=12048"},"modified":"2018-10-02T19:45:40","modified_gmt":"2018-10-02T17:45:40","slug":"sohbet","status":"publish","type":"page","link":"https:\/\/ditib-chorweiler.de\/tr\/etkinlikler\/sohbet\/","title":{"rendered":"Sohbet"},"content":{"rendered":"<p>[vc_row][vc_column][karma_builder_heading animate=&#8221;animate_none&#8221; heading_text=&#8221;Sohbet&#8221; sub_heading_color=&#8221;#555555&#8243; heading_type=&#8221;h1&#8243; heading_style=&#8221;uppercase&#8221;][\/karma_builder_heading][\/vc_column][\/vc_row][vc_row][vc_column width=&#8221;1\/2&#8243;][vc_column_text]Sohbetlerimizi sizler i\u00e7in daha iyi ve verimli yapabilmek i\u00e7in ya\u015f guruplar\u0131na g\u00f6re sohbetler d\u00fczenliyoruz. Gen\u00e7ler ve yeti\u015fkinler \u00a0 i\u00e7in sosyal ve k\u00fclt\u00fcrel a\u00e7\u0131dan gerekli konular se\u00e7ilmektedir.Bu sohbetlerde dini konulara ve Peygamber Efendimiz Sallallahu\u00a0aleyhi vesellemin hayat\u0131 ve \u00a0\u00f6rnek al\u0131narak karakter e\u011fitimi \u00fczerinde durulmaktad\u0131r.\u00a0Ayr\u0131ca T\u00fcrk -\u0130slam tarihinden \u00f6nemli tarihi konular i\u015flenmektedir. Sohbet program\u0131 ard\u0131ndan \u00e7ay ikram\u0131yla birlikte soru cevap \u00a0\u015feklinde sohbetimizi sonland\u0131r\u0131yoruz.[\/vc_column_text][\/vc_column][vc_column width=&#8221;1\/2&#8243;][vc_column_text]<strong>Gen\u00e7 erkekler<\/strong> i\u00e7in\u00a0sohbet k\u0131\u015f d\u00f6neminde ak\u015fam ile yats\u0131 namaz\u0131 aras\u0131nda, yaz d\u00f6nemlerinde ise 20:00 da her cuma g\u00fcn\u00fc yap\u0131lmaktad\u0131r.<strong>Yeti\u015fkin erkekler<\/strong> i\u00e7in sohbet (Riyaz\u00fcs Salihin) her Cumartesi g\u00fcn\u00fc Ak\u015fam namaz\u0131 ile yats\u0131 namaz\u0131 aras\u0131nda \u00a0yap\u0131lmaktad\u0131r. <strong>Yeti\u015fkin bayanlar \u00a0<\/strong>i\u00e7in Sohbet \u00a0ve Dini Bilgiler dersleri \u00a0her \u00e7ar\u015famba ve per\u015fembe g\u00fcnleri \u00f6\u011fle namaz\u0131ndan sonra, her sal\u0131 g\u00fcn\u00fc 10:30 da Chorweiler da ev sohbetleri , her cuma g\u00fcn\u00fc 20:00 de \u00e7al\u0131\u015fan bayanlara y\u00f6nelik sohbet yap\u0131lmaktad\u0131r.\u00a0<strong>Gen\u00e7 k\u0131zlara<\/strong> <strong>y\u00f6nelik<\/strong>\u00a0her pazar g\u00fcn\u00fc \u00f6\u011fle namaz\u0131ndan sonra sohbet yap\u0131lmaktad\u0131r. Yaz ve k\u0131\u015f d\u00f6nemlerinde \u00a0sohbet saatleri de\u011fi\u015febilece\u011finden tam sohbet saatlerini \u00f6\u011frenmek i\u00e7in l\u00fctfen bize ula\u015f\u0131n.[\/vc_column_text][\/vc_column][\/vc_row]<\/p>\n","protected":false},"excerpt":{"rendered":"<p>[vc_row][vc_column][karma_builder_heading animate=&#8221;animate_none&#8221; heading_text=&#8221;Sohbet&#8221; sub_heading_color=&#8221;#555555&#8243; heading_type=&#8221;h1&#8243; heading_style=&#8221;uppercase&#8221;][\/karma_builder_heading][\/vc_column][\/vc_row][vc_row][vc_column width=&#8221;1\/2&#8243;][vc_column_text]Sohbetlerimizi sizler i\u00e7in daha  [&#8230;]<\/p>\n","protected":false},"author":1,"featured_media":0,"parent":12058,"menu_order":0,"comment_status":"closed","ping_status":"closed","template":"template_leftnav.php","meta":{"_acf_changed":false,"footnotes":""},"class_list":["post-12048","page","type-page","status-publish","hentry"],"acf":[],"yoast_head":"<!-- This site is optimized with the Yoast SEO plugin v27.3 - https:\/\/yoast.com\/product\/yoast-seo-wordpress\/ -->\n<title>Sohbet - DITIB K\u00f6ln Chorweiler Moschee<\/title>\n<meta name=\"robots\" content=\"index, follow, max-snippet:-1, max-image-preview:large, max-video-preview:-1\" \/>\n<link rel=\"canonical\" href=\"https:\/\/ditib-chorweiler.de\/etkinlikler\/sohbet\/\" \/>\n<meta property=\"og:locale\" content=\"tr_TR\" \/>\n<meta property=\"og:type\" content=\"article\" \/>\n<meta property=\"og:title\" content=\"Sohbet - DITIB K\u00f6ln Chorweiler Moschee\" \/>\n<meta property=\"og:description\" content=\"[vc_row][vc_column][karma_builder_heading animate=&#8221;animate_none&#8221; heading_text=&#8221;Sohbet&#8221; sub_heading_color=&#8221;#555555&#8243; heading_type=&#8221;h1&#8243; heading_style=&#8221;uppercase&#8221;][\/karma_builder_heading][\/vc_column][\/vc_row][vc_row][vc_column width=&#8221;1\/2&#8243;][vc_column_text]Sohbetlerimizi sizler i\u00e7in daha [...]\" \/>\n<meta property=\"og:url\" content=\"https:\/\/ditib-chorweiler.de\/etkinlikler\/sohbet\/\" \/>\n<meta property=\"og:site_name\" content=\"DITIB K\u00f6ln Chorweiler Moschee\" \/>\n<meta name=\"twitter:card\" content=\"summary_large_image\" \/>\n<meta name=\"twitter:label1\" content=\"Tahmini okuma s\u00fcresi\" \/>\n\t<meta name=\"twitter:data1\" content=\"1 dakika\" \/>\n<script type=\"application\/ld+json\" class=\"yoast-schema-graph\">{\"@context\":\"https:\\\/\\\/schema.org\",\"@graph\":[{\"@type\":\"WebPage\",\"@id\":\"https:\\\/\\\/ditib-chorweiler.de\\\/etkinlikler\\\/sohbet\\\/\",\"url\":\"https:\\\/\\\/ditib-chorweiler.de\\\/etkinlikler\\\/sohbet\\\/\",\"name\":\"Sohbet - DITIB K\u00f6ln Chorweiler Moschee\",\"isPartOf\":{\"@id\":\"https:\\\/\\\/ditib-chorweiler.de\\\/#website\"},\"datePublished\":\"2018-10-02T17:45:40+00:00\",\"breadcrumb\":{\"@id\":\"https:\\\/\\\/ditib-chorweiler.de\\\/etkinlikler\\\/sohbet\\\/#breadcrumb\"},\"inLanguage\":\"tr\",\"potentialAction\":[{\"@type\":\"ReadAction\",\"target\":[\"https:\\\/\\\/ditib-chorweiler.de\\\/etkinlikler\\\/sohbet\\\/\"]}]},{\"@type\":\"BreadcrumbList\",\"@id\":\"https:\\\/\\\/ditib-chorweiler.de\\\/etkinlikler\\\/sohbet\\\/#breadcrumb\",\"itemListElement\":[{\"@type\":\"ListItem\",\"position\":1,\"name\":\"Start\",\"item\":\"https:\\\/\\\/ditib-chorweiler.de\\\/\"},{\"@type\":\"ListItem\",\"position\":2,\"name\":\"Etkinlikler\",\"item\":\"https:\\\/\\\/ditib-chorweiler.de\\\/etkinlikler\\\/\"},{\"@type\":\"ListItem\",\"position\":3,\"name\":\"Sohbet\"}]},{\"@type\":\"WebSite\",\"@id\":\"https:\\\/\\\/ditib-chorweiler.de\\\/#website\",\"url\":\"https:\\\/\\\/ditib-chorweiler.de\\\/\",\"name\":\"DITIB K\u00f6ln Chorweiler Moschee\",\"description\":\"Ein Ort des Gebets, der Begegnung und der Gemeinschaft in K\u00f6ln-Chorweiler\",\"potentialAction\":[{\"@type\":\"SearchAction\",\"target\":{\"@type\":\"EntryPoint\",\"urlTemplate\":\"https:\\\/\\\/ditib-chorweiler.de\\\/?s={search_term_string}\"},\"query-input\":{\"@type\":\"PropertyValueSpecification\",\"valueRequired\":true,\"valueName\":\"search_term_string\"}}],\"inLanguage\":\"tr\"}]}<\/script>\n<!-- \/ Yoast SEO plugin. -->","yoast_head_json":{"title":"Sohbet - DITIB K\u00f6ln Chorweiler Moschee","robots":{"index":"index","follow":"follow","max-snippet":"max-snippet:-1","max-image-preview":"max-image-preview:large","max-video-preview":"max-video-preview:-1"},"canonical":"https:\/\/ditib-chorweiler.de\/etkinlikler\/sohbet\/","og_locale":"tr_TR","og_type":"article","og_title":"Sohbet - DITIB K\u00f6ln Chorweiler Moschee","og_description":"[vc_row][vc_column][karma_builder_heading animate=&#8221;animate_none&#8221; heading_text=&#8221;Sohbet&#8221; sub_heading_color=&#8221;#555555&#8243; heading_type=&#8221;h1&#8243; heading_style=&#8221;uppercase&#8221;][\/karma_builder_heading][\/vc_column][\/vc_row][vc_row][vc_column width=&#8221;1\/2&#8243;][vc_column_text]Sohbetlerimizi sizler i\u00e7in daha [...]","og_url":"https:\/\/ditib-chorweiler.de\/etkinlikler\/sohbet\/","og_site_name":"DITIB K\u00f6ln Chorweiler Moschee","twitter_card":"summary_large_image","twitter_misc":{"Tahmini okuma s\u00fcresi":"1 dakika"},"schema":{"@context":"https:\/\/schema.org","@graph":[{"@type":"WebPage","@id":"https:\/\/ditib-chorweiler.de\/etkinlikler\/sohbet\/","url":"https:\/\/ditib-chorweiler.de\/etkinlikler\/sohbet\/","name":"Sohbet - DITIB K\u00f6ln Chorweiler Moschee","isPartOf":{"@id":"https:\/\/ditib-chorweiler.de\/#website"},"datePublished":"2018-10-02T17:45:40+00:00","breadcrumb":{"@id":"https:\/\/ditib-chorweiler.de\/etkinlikler\/sohbet\/#breadcrumb"},"inLanguage":"tr","potentialAction":[{"@type":"ReadAction","target":["https:\/\/ditib-chorweiler.de\/etkinlikler\/sohbet\/"]}]},{"@type":"BreadcrumbList","@id":"https:\/\/ditib-chorweiler.de\/etkinlikler\/sohbet\/#breadcrumb","itemListElement":[{"@type":"ListItem","position":1,"name":"Start","item":"https:\/\/ditib-chorweiler.de\/"},{"@type":"ListItem","position":2,"name":"Etkinlikler","item":"https:\/\/ditib-chorweiler.de\/etkinlikler\/"},{"@type":"ListItem","position":3,"name":"Sohbet"}]},{"@type":"WebSite","@id":"https:\/\/ditib-chorweiler.de\/#website","url":"https:\/\/ditib-chorweiler.de\/","name":"DITIB K\u00f6ln Chorweiler Moschee","description":"Ein Ort des Gebets, der Begegnung und der Gemeinschaft in K\u00f6ln-Chorweiler","potentialAction":[{"@type":"SearchAction","target":{"@type":"EntryPoint","urlTemplate":"https:\/\/ditib-chorweiler.de\/?s={search_term_string}"},"query-input":{"@type":"PropertyValueSpecification","valueRequired":true,"valueName":"search_term_string"}}],"inLanguage":"tr"}]}},"_links":{"self":[{"href":"https:\/\/ditib-chorweiler.de\/tr\/wp-json\/wp\/v2\/pages\/12048","targetHints":{"allow":["GET"]}}],"collection":[{"href":"https:\/\/ditib-chorweiler.de\/tr\/wp-json\/wp\/v2\/pages"}],"about":[{"href":"https:\/\/ditib-chorweiler.de\/tr\/wp-json\/wp\/v2\/types\/page"}],"author":[{"embeddable":true,"href":"https:\/\/ditib-chorweiler.de\/tr\/wp-json\/wp\/v2\/users\/1"}],"replies":[{"embeddable":true,"href":"https:\/\/ditib-chorweiler.de\/tr\/wp-json\/wp\/v2\/comments?post=12048"}],"version-history":[{"count":1,"href":"https:\/\/ditib-chorweiler.de\/tr\/wp-json\/wp\/v2\/pages\/12048\/revisions"}],"predecessor-version":[{"id":12049,"href":"https:\/\/ditib-chorweiler.de\/tr\/wp-json\/wp\/v2\/pages\/12048\/revisions\/12049"}],"up":[{"embeddable":true,"href":"https:\/\/ditib-chorweiler.de\/tr\/wp-json\/wp\/v2\/pages\/12058"}],"wp:attachment":[{"href":"https:\/\/ditib-chorweiler.de\/tr\/wp-json\/wp\/v2\/media?parent=12048"}],"curies":[{"name":"wp","href":"https:\/\/api.w.org\/{rel}","templated":true}]}}