{"id":12056,"date":"2018-10-02T19:56:27","date_gmt":"2018-10-02T17:56:27","guid":{"rendered":"http:\/\/ditibchorweiler.de\/?page_id=12056"},"modified":"2018-10-02T19:56:27","modified_gmt":"2018-10-02T17:56:27","slug":"okul-oencesi-egitim","status":"publish","type":"page","link":"https:\/\/ditib-chorweiler.de\/tr\/etkinlikler\/okul-oencesi-egitim\/","title":{"rendered":"Okul \u00f6ncesi e\u011fitim"},"content":{"rendered":"<p>[vc_row][vc_column width=&#8221;1\/2&#8243;][vc_single_image image=&#8221;1798&#8243; img_size=&#8221;large&#8221; style=&#8221;vc_box_shadow_3d&#8221;][\/vc_column][vc_column width=&#8221;1\/2&#8243;][vc_column_text][h2]\u00c7ocuklar\u0131m\u0131z gelece\u011fimizdir[\/h2]<\/p>\n<p>6 ila 3 ya\u015f aras\u0131nda bulunan k\u00fc\u00e7\u00fck \u00e7ocuklar\u0131m\u0131z i\u00e7in Camiimizde taban\u0131 yumu\u015fak minderlerle d\u00f6\u015fenmi\u015f olan b\u00fcy\u00fck bir salon ile k\u00fc\u00e7\u00fck bir bah\u00e7e ayr\u0131lm\u0131\u015ft\u0131r. Cumartesi ve pazar olmak \u00fczere haftada iki g\u00fcn e\u011fitim verilmekte. Buradaki temel ama\u00e7 \u00e7ocuklar\u0131n sa\u011fl\u0131kl\u0131 bir \u015fekilde sosyal geli\u015fimlerini sa\u011flamakt\u0131r.\u00a0\u00c7ocu\u011funuzu camimizde kay\u0131t edebilece\u011finiz gibi, kay\u0131t formunu internet sitemizden temin edebilirsiniz.<\/p>\n<p>[button url=&#8221;http:\/\/www.ditib-chorweiler.de\/kontakt&#8221; \u00a0target=&#8221;_self&#8221;\u00a0size=&#8221;medium&#8221; style=&#8221;cherry&#8221; ]Bize ulasin[\/button][\/vc_column_text][\/vc_column][\/vc_row][vc_row][vc_column width=&#8221;1\/2&#8243;][vc_column_text][h2]Konsept[\/h2]<\/p>\n<p>\u00c7ocuklar 3 ila 6 ya\u015f aras\u0131nda bulunduklar\u0131 d\u00f6nemde kendi inan\u00e7 ve dinlerine kar\u015f\u0131 ilk defa ilgi duymaya ba\u015flarlar. Bu ya\u015f aral\u0131\u011f\u0131nda bulunan \u00e7ocuklara ya\u015flar\u0131na uygun programlar e\u015fli\u011finde ilgilerini peki\u015ftirecek ve geli\u015fimlerini destekleyecek e\u011fitim verilmektedir.\u00a0E\u011fitimcilerimiz \u0130slamiyet hakk\u0131nda oyunlar ile \u00e7e\u015fitli projeler icra ederek \u00e7ocuklara dinleri hakk\u0131ndaki ilk bilgileri vermektedir.3 \u2013 6 ya\u015f aras\u0131nda bulunan \u00e7ocuklar iki ayr\u0131 grup halinde pedagojik e\u011fitim g\u00f6rmektedirler. E\u011fitimler cumartesi ve pazar olmak \u00fczere\u00a0 saat 10:30 \u2013 13:30 aras\u0131d\u0131r.<\/p>\n<p>[h2] \u00c7al\u0131\u015fmalar\u0131m\u0131z\u0131n Pedagojik Ama\u00e7lar\u0131[\/h2]<\/p>\n<p>En \u00f6nemli noktalardan birisi, bu \u00e7al\u0131\u015fmalar do\u011frultusunda \u00e7ocuklara ki\u015filiklerini geli\u015ftirebilecek ve ya\u015flar\u0131na uygun bir \u015fekilde e\u011fitim alabilecekleri ortam\u0131 sa\u011flamakt\u0131r.<\/p>\n<p>Bir b\u00fct\u00fcnl\u00fck i\u00e7erisinde \u00e7ocuklar\u0131n geli\u015fimini sa\u011flayabilmek amac\u0131yla a\u011f\u0131rl\u0131k verdi\u011fimiz pedagojik noktalar:<\/p>\n<ul>\n<li>\u00c7ocuklar\u0131n kendi ki\u015filiklerini geli\u015ftirebilmeleri<\/li>\n<li>\u00c7ocuklar\u0131n \u0130slamiyet hakk\u0131nda ilk e\u011fitimlerini almalar\u0131<\/li>\n<li>Birlik ve beraberlik duygular\u0131n\u0131 gurup i\u00e7erisinde peki\u015ftirmeleri<\/li>\n<\/ul>\n<p>[h2] Pedagojik \u00c7al\u0131\u015fmalar\u0131m\u0131zdaki Y\u00f6ntemler[\/h2]<\/p>\n<p>Sunulacak olan e\u011fitim m\u00fcfredat\u0131 ve kapsam\u0131 e\u011fitimcilerimiz taraf\u0131ndan belirlenmekte ki \u00e7ocuklar\u0131n \u00f6\u011frenim tecr\u00fcbeleri bilin\u00e7li bir \u015fekilde desteklensin. Bu \u00e7al\u0131\u015fmalar i\u00e7in gerekli materyaller ile e\u011fitici oyunlar bizler taraf\u0131ndan tedarik edilmektedir.[\/vc_column_text][\/vc_column][vc_column width=&#8221;1\/2&#8243;][vc_column_text][h2]G\u00fcnl\u00fck Program[\/h2]<\/p>\n<p>\u00c7ocuklar\u0131n \u00f6zg\u00fcvenlerini temin etmek ve s\u0131n\u0131flar\u0131na daha kolay uyum sa\u011flayabilmeleri amac\u0131yla her g\u00fcne ayn\u0131 programla ba\u015flanmaktad\u0131r&#8230;<\/p>\n<p>\u0130lk ders saatlerinde \u00e7ocuklar oyun ve boyama etkinlikleri ile Kur\u2019an elifbas\u0131 hakk\u0131nda ilk e\u011fitimlerini alm\u0131\u015f oluyorlar. Bu konuda Prof. Dr. Mehmet Emin Ay\u2019\u0131n \u201eAyet \u00d6\u011freniyorum\u201c, \u201eRabbimi An\u0131yorum\u201c ve \u201eBoyamal\u0131 Oyunlu Kur\u2019an Elifbas\u0131\u201c kitaplar\u0131 kullan\u0131lmaktad\u0131r.Elbette \u00e7ocuklar salonlar\u0131nda hep birlikte kahvalt\u0131 yapma imkan\u0131n\u0131 da buluyorlar. Kahvalt\u0131 i\u00e7in her \u00e7ocuk kendi yiyecek ve i\u00e7eceklerini yanlar\u0131nda getirmektedirler.<\/p>\n<p>\u0130lahi, m\u00fczik ve oyun konular\u0131na y\u00f6nelik \u00e7ocuklara CD\u2019ler ve muhtelif oyunlar ile gerek klasik m\u00fczi\u011fe gerekse dini musikilere kar\u015f\u0131 ilgilerinin art\u0131r\u0131lmas\u0131 hedeflenmektedir. Bunun i\u00e7in \u00e7ocuklar ile ilahiler s\u00f6ylenmekte ve cem\u00e2te y\u00f6nelik programlarda sunulmaktad\u0131r.\u00a0\u00c7ocuklar \u00e7e\u015fitli rollere girme imkanlar\u0131 bulduklar\u0131 tiyatro g\u00f6sterilerinde drama ve tarihi eserler oynad\u0131klar\u0131 gibi \u0130slamiyet ve Peygamber Efendimiz (sav.) hakk\u0131nda da oyunlar sergilemektedirler.<\/p>\n<p>E\u011fitim y\u0131l\u0131 i\u00e7erisinde bir \u00e7ok dini ve milli bayramlarla, \u00f6rne\u011fin Ramazan ve Kurban bayram\u0131, \u00c7anakkale muharebesinin y\u0131l d\u00f6n\u00fcm\u00fc gibi \u00f6zel g\u00fcnlerle kar\u015f\u0131la\u015fmaktay\u0131z. Bu \u00f6zel g\u00fcnlerimize y\u00f6nelik \u00e7ocuklar\u0131m\u0131z farkl\u0131 etkinlikler haz\u0131rlayarak camimizin b\u00fcy\u00fck salonunda cem\u00e2timiz i\u00e7in haz\u0131rlanan programlarda sunmaktad\u0131rlar.<\/p>\n<p>Bu b\u00fct\u00fcn \u00e7al\u0131\u015fmalar\u0131n yan\u0131s\u0131ra \u00e7ocuklar kendileri i\u00e7in tasarlanan bah\u00e7elerinde de vakit ge\u00e7irme imkan\u0131n\u0131 da bulmaktad\u0131rlar.<\/p>\n<p>[h2]Ekip \u00e7al\u0131\u015fmas\u0131 ve velilerle ileti\u015fim[\/h2]<\/p>\n<p>B\u00fct\u00fcn e\u011fitimcilerimiz e\u011fitim konseptini benimsemi\u015f bir halde tecr\u00fcbelerini, motivasyonlar\u0131n\u0131 ve pedagojik \u00e7al\u0131\u015fmalardaki \u00f6zverilerini \u00e7ocuklar\u0131n ba\u015far\u0131l\u0131 e\u011fitimleri i\u00e7in harcamaktad\u0131rlar.\u00a0D\u00fczenli olarak tertiplenen toplant\u0131larda \u00e7al\u0131\u015fmalardaki b\u00fct\u00fcn noktalar g\u00f6zden ge\u00e7irilmektedir.\u00a0Hassasiyetle \u00fczerinde durdu\u011fumuz bir ba\u015fka nokta ise veliler ile yo\u011fun bir \u015fekilde ileti\u015fim i\u00e7erisinde bulunmakt\u0131r.\u00a0Veliler taraf\u0131ndan gelecek her t\u00fcrl\u00fc soru ve \u00f6neriler i\u00e7in her zaman ileti\u015fime haz\u0131r\u0131z.[\/vc_column_text][\/vc_column][\/vc_row]<\/p>\n","protected":false},"excerpt":{"rendered":"<p>[vc_row][vc_column width=&#8221;1\/2&#8243;][vc_single_image image=&#8221;1798&#8243; img_size=&#8221;large&#8221; style=&#8221;vc_box_shadow_3d&#8221;][\/vc_column][vc_column width=&#8221;1\/2&#8243;][vc_column_text][h2]\u00c7ocuklar\u0131m\u0131z gelece\u011fimizdir[\/h2] 6 ila 3  [&#8230;]<\/p>\n","protected":false},"author":1,"featured_media":0,"parent":12058,"menu_order":0,"comment_status":"closed","ping_status":"closed","template":"template_leftnav.php","meta":{"_acf_changed":false,"footnotes":""},"class_list":["post-12056","page","type-page","status-publish","hentry"],"acf":[],"yoast_head":"<!-- This site is optimized with the Yoast SEO plugin v27.3 - https:\/\/yoast.com\/product\/yoast-seo-wordpress\/ -->\n<title>Okul \u00f6ncesi e\u011fitim - DITIB K\u00f6ln Chorweiler Moschee<\/title>\n<meta name=\"robots\" content=\"index, follow, max-snippet:-1, max-image-preview:large, max-video-preview:-1\" \/>\n<link rel=\"canonical\" href=\"https:\/\/ditib-chorweiler.de\/etkinlikler\/okul-oencesi-egitim\/\" \/>\n<meta property=\"og:locale\" content=\"tr_TR\" \/>\n<meta property=\"og:type\" content=\"article\" \/>\n<meta property=\"og:title\" content=\"Okul \u00f6ncesi e\u011fitim - DITIB K\u00f6ln Chorweiler Moschee\" \/>\n<meta property=\"og:description\" content=\"[vc_row][vc_column width=&#8221;1\/2&#8243;][vc_single_image image=&#8221;1798&#8243; img_size=&#8221;large&#8221; style=&#8221;vc_box_shadow_3d&#8221;][\/vc_column][vc_column width=&#8221;1\/2&#8243;][vc_column_text][h2]\u00c7ocuklar\u0131m\u0131z gelece\u011fimizdir[\/h2] 6 ila 3 [...]\" \/>\n<meta property=\"og:url\" content=\"https:\/\/ditib-chorweiler.de\/etkinlikler\/okul-oencesi-egitim\/\" \/>\n<meta property=\"og:site_name\" content=\"DITIB K\u00f6ln Chorweiler Moschee\" \/>\n<meta name=\"twitter:card\" content=\"summary_large_image\" \/>\n<meta name=\"twitter:label1\" content=\"Tahmini okuma s\u00fcresi\" \/>\n\t<meta name=\"twitter:data1\" content=\"4 dakika\" \/>\n<script type=\"application\/ld+json\" class=\"yoast-schema-graph\">{\"@context\":\"https:\\\/\\\/schema.org\",\"@graph\":[{\"@type\":\"WebPage\",\"@id\":\"https:\\\/\\\/ditib-chorweiler.de\\\/etkinlikler\\\/okul-oencesi-egitim\\\/\",\"url\":\"https:\\\/\\\/ditib-chorweiler.de\\\/etkinlikler\\\/okul-oencesi-egitim\\\/\",\"name\":\"Okul \u00f6ncesi e\u011fitim - DITIB K\u00f6ln Chorweiler Moschee\",\"isPartOf\":{\"@id\":\"https:\\\/\\\/ditib-chorweiler.de\\\/#website\"},\"datePublished\":\"2018-10-02T17:56:27+00:00\",\"breadcrumb\":{\"@id\":\"https:\\\/\\\/ditib-chorweiler.de\\\/etkinlikler\\\/okul-oencesi-egitim\\\/#breadcrumb\"},\"inLanguage\":\"tr\",\"potentialAction\":[{\"@type\":\"ReadAction\",\"target\":[\"https:\\\/\\\/ditib-chorweiler.de\\\/etkinlikler\\\/okul-oencesi-egitim\\\/\"]}]},{\"@type\":\"BreadcrumbList\",\"@id\":\"https:\\\/\\\/ditib-chorweiler.de\\\/etkinlikler\\\/okul-oencesi-egitim\\\/#breadcrumb\",\"itemListElement\":[{\"@type\":\"ListItem\",\"position\":1,\"name\":\"Start\",\"item\":\"https:\\\/\\\/ditib-chorweiler.de\\\/\"},{\"@type\":\"ListItem\",\"position\":2,\"name\":\"Etkinlikler\",\"item\":\"https:\\\/\\\/ditib-chorweiler.de\\\/etkinlikler\\\/\"},{\"@type\":\"ListItem\",\"position\":3,\"name\":\"Okul \u00f6ncesi e\u011fitim\"}]},{\"@type\":\"WebSite\",\"@id\":\"https:\\\/\\\/ditib-chorweiler.de\\\/#website\",\"url\":\"https:\\\/\\\/ditib-chorweiler.de\\\/\",\"name\":\"DITIB K\u00f6ln Chorweiler Moschee\",\"description\":\"Ein Ort des Gebets, der Begegnung und der Gemeinschaft in K\u00f6ln-Chorweiler\",\"potentialAction\":[{\"@type\":\"SearchAction\",\"target\":{\"@type\":\"EntryPoint\",\"urlTemplate\":\"https:\\\/\\\/ditib-chorweiler.de\\\/?s={search_term_string}\"},\"query-input\":{\"@type\":\"PropertyValueSpecification\",\"valueRequired\":true,\"valueName\":\"search_term_string\"}}],\"inLanguage\":\"tr\"}]}<\/script>\n<!-- \/ Yoast SEO plugin. -->","yoast_head_json":{"title":"Okul \u00f6ncesi e\u011fitim - DITIB K\u00f6ln Chorweiler Moschee","robots":{"index":"index","follow":"follow","max-snippet":"max-snippet:-1","max-image-preview":"max-image-preview:large","max-video-preview":"max-video-preview:-1"},"canonical":"https:\/\/ditib-chorweiler.de\/etkinlikler\/okul-oencesi-egitim\/","og_locale":"tr_TR","og_type":"article","og_title":"Okul \u00f6ncesi e\u011fitim - DITIB K\u00f6ln Chorweiler Moschee","og_description":"[vc_row][vc_column width=&#8221;1\/2&#8243;][vc_single_image image=&#8221;1798&#8243; img_size=&#8221;large&#8221; style=&#8221;vc_box_shadow_3d&#8221;][\/vc_column][vc_column width=&#8221;1\/2&#8243;][vc_column_text][h2]\u00c7ocuklar\u0131m\u0131z gelece\u011fimizdir[\/h2] 6 ila 3 [...]","og_url":"https:\/\/ditib-chorweiler.de\/etkinlikler\/okul-oencesi-egitim\/","og_site_name":"DITIB K\u00f6ln Chorweiler Moschee","twitter_card":"summary_large_image","twitter_misc":{"Tahmini okuma s\u00fcresi":"4 dakika"},"schema":{"@context":"https:\/\/schema.org","@graph":[{"@type":"WebPage","@id":"https:\/\/ditib-chorweiler.de\/etkinlikler\/okul-oencesi-egitim\/","url":"https:\/\/ditib-chorweiler.de\/etkinlikler\/okul-oencesi-egitim\/","name":"Okul \u00f6ncesi e\u011fitim - DITIB K\u00f6ln Chorweiler Moschee","isPartOf":{"@id":"https:\/\/ditib-chorweiler.de\/#website"},"datePublished":"2018-10-02T17:56:27+00:00","breadcrumb":{"@id":"https:\/\/ditib-chorweiler.de\/etkinlikler\/okul-oencesi-egitim\/#breadcrumb"},"inLanguage":"tr","potentialAction":[{"@type":"ReadAction","target":["https:\/\/ditib-chorweiler.de\/etkinlikler\/okul-oencesi-egitim\/"]}]},{"@type":"BreadcrumbList","@id":"https:\/\/ditib-chorweiler.de\/etkinlikler\/okul-oencesi-egitim\/#breadcrumb","itemListElement":[{"@type":"ListItem","position":1,"name":"Start","item":"https:\/\/ditib-chorweiler.de\/"},{"@type":"ListItem","position":2,"name":"Etkinlikler","item":"https:\/\/ditib-chorweiler.de\/etkinlikler\/"},{"@type":"ListItem","position":3,"name":"Okul \u00f6ncesi e\u011fitim"}]},{"@type":"WebSite","@id":"https:\/\/ditib-chorweiler.de\/#website","url":"https:\/\/ditib-chorweiler.de\/","name":"DITIB K\u00f6ln Chorweiler Moschee","description":"Ein Ort des Gebets, der Begegnung und der Gemeinschaft in K\u00f6ln-Chorweiler","potentialAction":[{"@type":"SearchAction","target":{"@type":"EntryPoint","urlTemplate":"https:\/\/ditib-chorweiler.de\/?s={search_term_string}"},"query-input":{"@type":"PropertyValueSpecification","valueRequired":true,"valueName":"search_term_string"}}],"inLanguage":"tr"}]}},"_links":{"self":[{"href":"https:\/\/ditib-chorweiler.de\/tr\/wp-json\/wp\/v2\/pages\/12056","targetHints":{"allow":["GET"]}}],"collection":[{"href":"https:\/\/ditib-chorweiler.de\/tr\/wp-json\/wp\/v2\/pages"}],"about":[{"href":"https:\/\/ditib-chorweiler.de\/tr\/wp-json\/wp\/v2\/types\/page"}],"author":[{"embeddable":true,"href":"https:\/\/ditib-chorweiler.de\/tr\/wp-json\/wp\/v2\/users\/1"}],"replies":[{"embeddable":true,"href":"https:\/\/ditib-chorweiler.de\/tr\/wp-json\/wp\/v2\/comments?post=12056"}],"version-history":[{"count":1,"href":"https:\/\/ditib-chorweiler.de\/tr\/wp-json\/wp\/v2\/pages\/12056\/revisions"}],"predecessor-version":[{"id":12057,"href":"https:\/\/ditib-chorweiler.de\/tr\/wp-json\/wp\/v2\/pages\/12056\/revisions\/12057"}],"up":[{"embeddable":true,"href":"https:\/\/ditib-chorweiler.de\/tr\/wp-json\/wp\/v2\/pages\/12058"}],"wp:attachment":[{"href":"https:\/\/ditib-chorweiler.de\/tr\/wp-json\/wp\/v2\/media?parent=12056"}],"curies":[{"name":"wp","href":"https:\/\/api.w.org\/{rel}","templated":true}]}}