{"id":12060,"date":"2018-10-02T19:59:12","date_gmt":"2018-10-02T17:59:12","guid":{"rendered":"http:\/\/ditibchorweiler.de\/?page_id=12060"},"modified":"2018-10-02T19:59:12","modified_gmt":"2018-10-02T17:59:12","slug":"cami-ziyaretleri","status":"publish","type":"page","link":"https:\/\/ditib-chorweiler.de\/tr\/etkinlikler\/cami-ziyaretleri\/","title":{"rendered":"Cami Ziyaretleri"},"content":{"rendered":"<p>[vc_row][vc_column][vc_single_image image=&#8221;11178&#8243; img_size=&#8221;large&#8221; style=&#8221;vc_box_shadow_3d&#8221;][vc_column_text][h2]Bizi tan\u0131y\u0131n[\/h2]<\/p>\n<p>Chorweiler Merkez Camii okullar\u0131n, resmi makamlar\u0131n ve di\u011fer din mensuplar\u0131n\u0131n ziyaretlerine her zaman a\u00e7\u0131kt\u0131r. Camimizi ziyarete gelenler \u00e7ok etkilendiklerini ve bir daha gelmek istediklerini bildiriyorlar. Sizde detayl\u0131 ve bilgilendirici bir camii ziyareti ger\u00e7ekle\u015ftirmek istiyorsan\u0131z bizimle irtibata ge\u00e7iniz.<\/p>\n<p>[button url=&#8221;http:\/\/ditib-chorweiler.de\/Tr\/kontakt&#8221; \u00a0size=&#8221;medium&#8221; target=&#8221;_self&#8221;\u00a0style=&#8221;cherry&#8221; ]Bize Ula\u015f\u0131n[\/button][\/vc_column_text][\/vc_column][\/vc_row]<\/p>\n","protected":false},"excerpt":{"rendered":"<p>[vc_row][vc_column][vc_single_image image=&#8221;11178&#8243; img_size=&#8221;large&#8221; style=&#8221;vc_box_shadow_3d&#8221;][vc_column_text][h2]Bizi tan\u0131y\u0131n[\/h2] Chorweiler Merkez Camii okullar\u0131n, resmi  [&#8230;]<\/p>\n","protected":false},"author":1,"featured_media":0,"parent":12058,"menu_order":0,"comment_status":"closed","ping_status":"closed","template":"template_leftnav.php","meta":{"_acf_changed":false,"footnotes":""},"class_list":["post-12060","page","type-page","status-publish","hentry"],"acf":[],"yoast_head":"<!-- This site is optimized with the Yoast SEO plugin v27.3 - https:\/\/yoast.com\/product\/yoast-seo-wordpress\/ -->\n<title>Cami Ziyaretleri - DITIB K\u00f6ln Chorweiler Moschee<\/title>\n<meta name=\"robots\" content=\"index, follow, max-snippet:-1, max-image-preview:large, max-video-preview:-1\" \/>\n<link rel=\"canonical\" href=\"https:\/\/ditib-chorweiler.de\/etkinlikler\/cami-ziyaretleri\/\" \/>\n<meta property=\"og:locale\" content=\"tr_TR\" \/>\n<meta property=\"og:type\" content=\"article\" \/>\n<meta property=\"og:title\" content=\"Cami Ziyaretleri - DITIB K\u00f6ln Chorweiler Moschee\" \/>\n<meta property=\"og:description\" content=\"[vc_row][vc_column][vc_single_image image=&#8221;11178&#8243; img_size=&#8221;large&#8221; style=&#8221;vc_box_shadow_3d&#8221;][vc_column_text][h2]Bizi tan\u0131y\u0131n[\/h2] Chorweiler Merkez Camii okullar\u0131n, resmi [...]\" \/>\n<meta property=\"og:url\" content=\"https:\/\/ditib-chorweiler.de\/etkinlikler\/cami-ziyaretleri\/\" \/>\n<meta property=\"og:site_name\" content=\"DITIB K\u00f6ln Chorweiler Moschee\" \/>\n<meta name=\"twitter:card\" content=\"summary_large_image\" \/>\n<script type=\"application\/ld+json\" class=\"yoast-schema-graph\">{\"@context\":\"https:\\\/\\\/schema.org\",\"@graph\":[{\"@type\":\"WebPage\",\"@id\":\"https:\\\/\\\/ditib-chorweiler.de\\\/etkinlikler\\\/cami-ziyaretleri\\\/\",\"url\":\"https:\\\/\\\/ditib-chorweiler.de\\\/etkinlikler\\\/cami-ziyaretleri\\\/\",\"name\":\"Cami Ziyaretleri - DITIB K\u00f6ln Chorweiler Moschee\",\"isPartOf\":{\"@id\":\"https:\\\/\\\/ditib-chorweiler.de\\\/#website\"},\"datePublished\":\"2018-10-02T17:59:12+00:00\",\"breadcrumb\":{\"@id\":\"https:\\\/\\\/ditib-chorweiler.de\\\/etkinlikler\\\/cami-ziyaretleri\\\/#breadcrumb\"},\"inLanguage\":\"tr\",\"potentialAction\":[{\"@type\":\"ReadAction\",\"target\":[\"https:\\\/\\\/ditib-chorweiler.de\\\/etkinlikler\\\/cami-ziyaretleri\\\/\"]}]},{\"@type\":\"BreadcrumbList\",\"@id\":\"https:\\\/\\\/ditib-chorweiler.de\\\/etkinlikler\\\/cami-ziyaretleri\\\/#breadcrumb\",\"itemListElement\":[{\"@type\":\"ListItem\",\"position\":1,\"name\":\"Start\",\"item\":\"https:\\\/\\\/ditib-chorweiler.de\\\/\"},{\"@type\":\"ListItem\",\"position\":2,\"name\":\"Etkinlikler\",\"item\":\"https:\\\/\\\/ditib-chorweiler.de\\\/etkinlikler\\\/\"},{\"@type\":\"ListItem\",\"position\":3,\"name\":\"Cami Ziyaretleri\"}]},{\"@type\":\"WebSite\",\"@id\":\"https:\\\/\\\/ditib-chorweiler.de\\\/#website\",\"url\":\"https:\\\/\\\/ditib-chorweiler.de\\\/\",\"name\":\"DITIB K\u00f6ln Chorweiler Moschee\",\"description\":\"Ein Ort des Gebets, der Begegnung und der Gemeinschaft in K\u00f6ln-Chorweiler\",\"potentialAction\":[{\"@type\":\"SearchAction\",\"target\":{\"@type\":\"EntryPoint\",\"urlTemplate\":\"https:\\\/\\\/ditib-chorweiler.de\\\/?s={search_term_string}\"},\"query-input\":{\"@type\":\"PropertyValueSpecification\",\"valueRequired\":true,\"valueName\":\"search_term_string\"}}],\"inLanguage\":\"tr\"}]}<\/script>\n<!-- \/ Yoast SEO plugin. -->","yoast_head_json":{"title":"Cami Ziyaretleri - DITIB K\u00f6ln Chorweiler Moschee","robots":{"index":"index","follow":"follow","max-snippet":"max-snippet:-1","max-image-preview":"max-image-preview:large","max-video-preview":"max-video-preview:-1"},"canonical":"https:\/\/ditib-chorweiler.de\/etkinlikler\/cami-ziyaretleri\/","og_locale":"tr_TR","og_type":"article","og_title":"Cami Ziyaretleri - DITIB K\u00f6ln Chorweiler Moschee","og_description":"[vc_row][vc_column][vc_single_image image=&#8221;11178&#8243; img_size=&#8221;large&#8221; style=&#8221;vc_box_shadow_3d&#8221;][vc_column_text][h2]Bizi tan\u0131y\u0131n[\/h2] Chorweiler Merkez Camii okullar\u0131n, resmi [...]","og_url":"https:\/\/ditib-chorweiler.de\/etkinlikler\/cami-ziyaretleri\/","og_site_name":"DITIB K\u00f6ln Chorweiler Moschee","twitter_card":"summary_large_image","schema":{"@context":"https:\/\/schema.org","@graph":[{"@type":"WebPage","@id":"https:\/\/ditib-chorweiler.de\/etkinlikler\/cami-ziyaretleri\/","url":"https:\/\/ditib-chorweiler.de\/etkinlikler\/cami-ziyaretleri\/","name":"Cami Ziyaretleri - DITIB K\u00f6ln Chorweiler Moschee","isPartOf":{"@id":"https:\/\/ditib-chorweiler.de\/#website"},"datePublished":"2018-10-02T17:59:12+00:00","breadcrumb":{"@id":"https:\/\/ditib-chorweiler.de\/etkinlikler\/cami-ziyaretleri\/#breadcrumb"},"inLanguage":"tr","potentialAction":[{"@type":"ReadAction","target":["https:\/\/ditib-chorweiler.de\/etkinlikler\/cami-ziyaretleri\/"]}]},{"@type":"BreadcrumbList","@id":"https:\/\/ditib-chorweiler.de\/etkinlikler\/cami-ziyaretleri\/#breadcrumb","itemListElement":[{"@type":"ListItem","position":1,"name":"Start","item":"https:\/\/ditib-chorweiler.de\/"},{"@type":"ListItem","position":2,"name":"Etkinlikler","item":"https:\/\/ditib-chorweiler.de\/etkinlikler\/"},{"@type":"ListItem","position":3,"name":"Cami Ziyaretleri"}]},{"@type":"WebSite","@id":"https:\/\/ditib-chorweiler.de\/#website","url":"https:\/\/ditib-chorweiler.de\/","name":"DITIB K\u00f6ln Chorweiler Moschee","description":"Ein Ort des Gebets, der Begegnung und der Gemeinschaft in K\u00f6ln-Chorweiler","potentialAction":[{"@type":"SearchAction","target":{"@type":"EntryPoint","urlTemplate":"https:\/\/ditib-chorweiler.de\/?s={search_term_string}"},"query-input":{"@type":"PropertyValueSpecification","valueRequired":true,"valueName":"search_term_string"}}],"inLanguage":"tr"}]}},"_links":{"self":[{"href":"https:\/\/ditib-chorweiler.de\/tr\/wp-json\/wp\/v2\/pages\/12060","targetHints":{"allow":["GET"]}}],"collection":[{"href":"https:\/\/ditib-chorweiler.de\/tr\/wp-json\/wp\/v2\/pages"}],"about":[{"href":"https:\/\/ditib-chorweiler.de\/tr\/wp-json\/wp\/v2\/types\/page"}],"author":[{"embeddable":true,"href":"https:\/\/ditib-chorweiler.de\/tr\/wp-json\/wp\/v2\/users\/1"}],"replies":[{"embeddable":true,"href":"https:\/\/ditib-chorweiler.de\/tr\/wp-json\/wp\/v2\/comments?post=12060"}],"version-history":[{"count":1,"href":"https:\/\/ditib-chorweiler.de\/tr\/wp-json\/wp\/v2\/pages\/12060\/revisions"}],"predecessor-version":[{"id":12061,"href":"https:\/\/ditib-chorweiler.de\/tr\/wp-json\/wp\/v2\/pages\/12060\/revisions\/12061"}],"up":[{"embeddable":true,"href":"https:\/\/ditib-chorweiler.de\/tr\/wp-json\/wp\/v2\/pages\/12058"}],"wp:attachment":[{"href":"https:\/\/ditib-chorweiler.de\/tr\/wp-json\/wp\/v2\/media?parent=12060"}],"curies":[{"name":"wp","href":"https:\/\/api.w.org\/{rel}","templated":true}]}}