{"id":12063,"date":"2018-10-02T20:01:13","date_gmt":"2018-10-02T18:01:13","guid":{"rendered":"http:\/\/ditibchorweiler.de\/?page_id=12063"},"modified":"2018-10-02T20:01:13","modified_gmt":"2018-10-02T18:01:13","slug":"dernek","status":"publish","type":"page","link":"https:\/\/ditib-chorweiler.de\/tr\/dernek\/","title":{"rendered":"Dernek"},"content":{"rendered":"<p>[vc_row][vc_column][vc_column_text]<!--:--><!--:Tr-->[callout2]Camii ve K\u00fclt\u00fcr Merkezimiz M\u00fcsl\u00fcmanlar\u0131n ibadetlerini rahat\u00e7a ifa edebilece\u011fi bir mekand\u0131r. Bunun d\u0131\u015f\u0131nda gen\u00e7lere, baylara, bayanlara ve ya\u015fl\u0131lara y\u00f6nelik e\u011fitim ve k\u00fclt\u00fcrel faaliyetlerimiz vard\u0131r. Cemaatimizin kendi k\u00fclt\u00fcrel kimliklerini yitirmeden Alman toplumuna uyum saglamas\u0131 \u00f6nceliklerimizdendir. Merkezimizin kap\u0131lar\u0131 sadece T\u00fcrk ve M\u00fcsl\u00fcmanlara de\u011fil bilakis herkese a\u00e7\u0131kt\u0131r.[\/callout2]<\/p>\n<p>[h2]Prensipler[\/h2]<br \/>\nD\u0130T\u0130B ve Derneklerinin ba\u011fl\u0131 oldu\u011fu prensipler:<\/p>\n<p>[arrow_list]<\/p>\n<p>[list_item]D\u0130T\u0130B Alman Anayasa ve kanunlar\u0131na ba\u011fl\u0131 olarak faaliyetlerini s\u00fcrd\u00fcr\u00fcr. Demokrasi ve \u00f6zg\u00fcrl\u00fck yanl\u0131s\u0131 bir kurulu\u015ftur.[\/list_item]<\/p>\n<p>[list_item]D\u0130T\u0130B Partiler \u00fcst\u00fc bir kurulu\u015ftur ve her t\u00fcrl\u00fc parti \u00e7al\u0131\u015fmalar\u0131na mekanlar\u0131nda m\u00fcsaade etmez.[\/list_item]<\/p>\n<p>[list_item]Dostluk ortam\u0131 olu\u015fmas\u0131na \u00e7ok \u00f6nem verir. Tolerans, sab\u0131r, ho\u015fg\u00f6r\u00fc ve hangi dinden olursa olsun insanlarla uyum i\u00e7erisinde olmak \u0130slam dininin bizden istedi\u011fi ve D\u0130T\u0130B&#8217; in ger\u00e7ekle\u015ftirmeye \u00e7al\u0131\u015ft\u0131\u011f\u0131 en \u00f6nemli husustur.[\/list_item]<\/p>\n<p>[list_item]\u015eiddetin her t\u00fcrl\u00fcs\u00fcne ve \u015fiddete \u00e7a\u011fr\u0131 yap\u0131lmas\u0131na kar\u015f\u0131d\u0131r.[\/list_item]<\/p>\n<p>[list_item]\u00dcyelerin hepsine e\u015fit mesafede yakla\u015f\u0131r ve hepsinin haklar\u0131 e\u015fittir. \u00dcyelere ve herkese kar\u015f\u0131 \u015feffaft\u0131r.[\/list_item]<\/p>\n<p>[list_item]D\u0130T\u0130B dini, k\u00fclt\u00fcrel, sportif ve topluma faydal\u0131 faaliyetlerde bulunur ve bu faaliyetler g\u00f6n\u00fcll\u00fc olarak y\u00fcr\u00fct\u00fcl\u00fcr.[\/list_item]<\/p>\n<p>[\/arrow_list]<\/p>\n<p>&nbsp;<\/p>\n<p>[h3]Ama\u00e7lar ve Hedefler[\/h3]<br \/>\nD\u0130T\u0130B ve Derneklerinin Ama\u00e7 ve Hedefleri:<\/p>\n<p>[arrow_list]<\/p>\n<p>[list_item]Dini hizmetlerin verilmesi ve desteklenmesi.[\/list_item]<\/p>\n<p>[list_item]Dinleraras\u0131 ili\u015fkilerin desteklenmesi.[\/list_item]<\/p>\n<p>[list_item]K\u00fclt\u00fcrel faaliyetlerin desteklenmesi.[\/list_item]<\/p>\n<p>[list_item]De\u011fi\u015fik din ve k\u00fclt\u00fcrlerin bir arada ya\u015famas\u0131n\u0131n desteklenmesi. Toleransl\u0131 ve anlay\u0131\u015fl\u0131 olunmas\u0131.[\/list_item]<\/p>\n<p>[list_item]\u00dcyelere sosyal dan\u0131\u015fma ve hizmetler verilmesi.[\/list_item]<\/p>\n<p>[list_item]Dini, K\u00fclt\u00fcrel ve sosyal aktivitelerin koordinasyon ve desteklenmesi.[\/list_item]<\/p>\n<p>[list_item]Uyum \u00e7al\u0131\u015fmalar\u0131n\u0131n koordinasyon ve desteklenmesi.[\/list_item]<\/p>\n<p>[list_item]G\u00f6\u00e7menlerin Almanca dilini \u00f6\u011frenmelerinin koordinasyon ve desteklenmesi.[\/list_item]<\/p>\n<p>[list_item]Gen\u00e7lik ve Spor faaliyetlerinin desteklenmesi.[\/list_item]<\/p>\n<p>[list_item]Ya\u015fl\u0131lara y\u00f6nelik faaliyetlerin desteklenmesi.[\/list_item]<\/p>\n<p>[list_item]E\u011fitim&#8217;in desteklenmesi.[\/list_item]<\/p>\n<p>[list_item]Do\u011fal afet ma\u011fdurlar\u0131na y\u00f6nelik yard\u0131m organizeleri.[\/list_item]<\/p>\n<p>[list_item]Hac ibadeti i\u00e7in dan\u0131\u015fma ve yard\u0131mc\u0131 olunmas\u0131.[\/list_item]<\/p>\n<p>[list_item]Bayanlara y\u00f6nelik faaliyetlerin desteklenmesi ve bayanlar\u0131n \u00f6zel sorunlar\u0131yla ilgilenilmesi.[\/list_item]<br \/>\n[\/arrow_list][\/vc_column_text][\/vc_column][\/vc_row]<\/p>\n","protected":false},"excerpt":{"rendered":"<p>[vc_row][vc_column][vc_column_text][callout2]Camii ve K\u00fclt\u00fcr Merkezimiz M\u00fcsl\u00fcmanlar\u0131n ibadetlerini rahat\u00e7a ifa edebilece\u011fi bir  [&#8230;]<\/p>\n","protected":false},"author":1,"featured_media":0,"parent":0,"menu_order":0,"comment_status":"closed","ping_status":"closed","template":"template_leftnav.php","meta":{"_acf_changed":false,"footnotes":""},"class_list":["post-12063","page","type-page","status-publish","hentry"],"acf":[],"yoast_head":"<!-- This site is optimized with the Yoast SEO plugin v27.3 - https:\/\/yoast.com\/product\/yoast-seo-wordpress\/ -->\n<title>Dernek - DITIB K\u00f6ln Chorweiler Moschee<\/title>\n<meta name=\"robots\" content=\"index, follow, max-snippet:-1, max-image-preview:large, max-video-preview:-1\" \/>\n<link rel=\"canonical\" href=\"https:\/\/ditib-chorweiler.de\/dernek\/\" \/>\n<meta property=\"og:locale\" content=\"tr_TR\" \/>\n<meta property=\"og:type\" content=\"article\" \/>\n<meta property=\"og:title\" content=\"Dernek - DITIB K\u00f6ln Chorweiler Moschee\" \/>\n<meta property=\"og:description\" content=\"[vc_row][vc_column][vc_column_text][callout2]Camii ve K\u00fclt\u00fcr Merkezimiz M\u00fcsl\u00fcmanlar\u0131n ibadetlerini rahat\u00e7a ifa edebilece\u011fi bir [...]\" \/>\n<meta property=\"og:url\" content=\"https:\/\/ditib-chorweiler.de\/dernek\/\" \/>\n<meta property=\"og:site_name\" content=\"DITIB K\u00f6ln Chorweiler Moschee\" \/>\n<meta name=\"twitter:card\" content=\"summary_large_image\" \/>\n<meta name=\"twitter:label1\" content=\"Tahmini okuma s\u00fcresi\" \/>\n\t<meta name=\"twitter:data1\" content=\"2 dakika\" \/>\n<script type=\"application\/ld+json\" class=\"yoast-schema-graph\">{\"@context\":\"https:\\\/\\\/schema.org\",\"@graph\":[{\"@type\":\"WebPage\",\"@id\":\"https:\\\/\\\/ditib-chorweiler.de\\\/dernek\\\/\",\"url\":\"https:\\\/\\\/ditib-chorweiler.de\\\/dernek\\\/\",\"name\":\"Dernek - DITIB K\u00f6ln Chorweiler Moschee\",\"isPartOf\":{\"@id\":\"https:\\\/\\\/ditib-chorweiler.de\\\/#website\"},\"datePublished\":\"2018-10-02T18:01:13+00:00\",\"breadcrumb\":{\"@id\":\"https:\\\/\\\/ditib-chorweiler.de\\\/dernek\\\/#breadcrumb\"},\"inLanguage\":\"tr\",\"potentialAction\":[{\"@type\":\"ReadAction\",\"target\":[\"https:\\\/\\\/ditib-chorweiler.de\\\/dernek\\\/\"]}]},{\"@type\":\"BreadcrumbList\",\"@id\":\"https:\\\/\\\/ditib-chorweiler.de\\\/dernek\\\/#breadcrumb\",\"itemListElement\":[{\"@type\":\"ListItem\",\"position\":1,\"name\":\"Start\",\"item\":\"https:\\\/\\\/ditib-chorweiler.de\\\/\"},{\"@type\":\"ListItem\",\"position\":2,\"name\":\"Dernek\"}]},{\"@type\":\"WebSite\",\"@id\":\"https:\\\/\\\/ditib-chorweiler.de\\\/#website\",\"url\":\"https:\\\/\\\/ditib-chorweiler.de\\\/\",\"name\":\"DITIB K\u00f6ln Chorweiler Moschee\",\"description\":\"Ein Ort des Gebets, der Begegnung und der Gemeinschaft in K\u00f6ln-Chorweiler\",\"potentialAction\":[{\"@type\":\"SearchAction\",\"target\":{\"@type\":\"EntryPoint\",\"urlTemplate\":\"https:\\\/\\\/ditib-chorweiler.de\\\/?s={search_term_string}\"},\"query-input\":{\"@type\":\"PropertyValueSpecification\",\"valueRequired\":true,\"valueName\":\"search_term_string\"}}],\"inLanguage\":\"tr\"}]}<\/script>\n<!-- \/ Yoast SEO plugin. -->","yoast_head_json":{"title":"Dernek - DITIB K\u00f6ln Chorweiler Moschee","robots":{"index":"index","follow":"follow","max-snippet":"max-snippet:-1","max-image-preview":"max-image-preview:large","max-video-preview":"max-video-preview:-1"},"canonical":"https:\/\/ditib-chorweiler.de\/dernek\/","og_locale":"tr_TR","og_type":"article","og_title":"Dernek - DITIB K\u00f6ln Chorweiler Moschee","og_description":"[vc_row][vc_column][vc_column_text][callout2]Camii ve K\u00fclt\u00fcr Merkezimiz M\u00fcsl\u00fcmanlar\u0131n ibadetlerini rahat\u00e7a ifa edebilece\u011fi bir [...]","og_url":"https:\/\/ditib-chorweiler.de\/dernek\/","og_site_name":"DITIB K\u00f6ln Chorweiler Moschee","twitter_card":"summary_large_image","twitter_misc":{"Tahmini okuma s\u00fcresi":"2 dakika"},"schema":{"@context":"https:\/\/schema.org","@graph":[{"@type":"WebPage","@id":"https:\/\/ditib-chorweiler.de\/dernek\/","url":"https:\/\/ditib-chorweiler.de\/dernek\/","name":"Dernek - DITIB K\u00f6ln Chorweiler Moschee","isPartOf":{"@id":"https:\/\/ditib-chorweiler.de\/#website"},"datePublished":"2018-10-02T18:01:13+00:00","breadcrumb":{"@id":"https:\/\/ditib-chorweiler.de\/dernek\/#breadcrumb"},"inLanguage":"tr","potentialAction":[{"@type":"ReadAction","target":["https:\/\/ditib-chorweiler.de\/dernek\/"]}]},{"@type":"BreadcrumbList","@id":"https:\/\/ditib-chorweiler.de\/dernek\/#breadcrumb","itemListElement":[{"@type":"ListItem","position":1,"name":"Start","item":"https:\/\/ditib-chorweiler.de\/"},{"@type":"ListItem","position":2,"name":"Dernek"}]},{"@type":"WebSite","@id":"https:\/\/ditib-chorweiler.de\/#website","url":"https:\/\/ditib-chorweiler.de\/","name":"DITIB K\u00f6ln Chorweiler Moschee","description":"Ein Ort des Gebets, der Begegnung und der Gemeinschaft in K\u00f6ln-Chorweiler","potentialAction":[{"@type":"SearchAction","target":{"@type":"EntryPoint","urlTemplate":"https:\/\/ditib-chorweiler.de\/?s={search_term_string}"},"query-input":{"@type":"PropertyValueSpecification","valueRequired":true,"valueName":"search_term_string"}}],"inLanguage":"tr"}]}},"_links":{"self":[{"href":"https:\/\/ditib-chorweiler.de\/tr\/wp-json\/wp\/v2\/pages\/12063","targetHints":{"allow":["GET"]}}],"collection":[{"href":"https:\/\/ditib-chorweiler.de\/tr\/wp-json\/wp\/v2\/pages"}],"about":[{"href":"https:\/\/ditib-chorweiler.de\/tr\/wp-json\/wp\/v2\/types\/page"}],"author":[{"embeddable":true,"href":"https:\/\/ditib-chorweiler.de\/tr\/wp-json\/wp\/v2\/users\/1"}],"replies":[{"embeddable":true,"href":"https:\/\/ditib-chorweiler.de\/tr\/wp-json\/wp\/v2\/comments?post=12063"}],"version-history":[{"count":1,"href":"https:\/\/ditib-chorweiler.de\/tr\/wp-json\/wp\/v2\/pages\/12063\/revisions"}],"predecessor-version":[{"id":12064,"href":"https:\/\/ditib-chorweiler.de\/tr\/wp-json\/wp\/v2\/pages\/12063\/revisions\/12064"}],"wp:attachment":[{"href":"https:\/\/ditib-chorweiler.de\/tr\/wp-json\/wp\/v2\/media?parent=12063"}],"curies":[{"name":"wp","href":"https:\/\/api.w.org\/{rel}","templated":true}]}}