{"id":12067,"date":"2018-10-02T20:03:46","date_gmt":"2018-10-02T18:03:46","guid":{"rendered":"http:\/\/ditibchorweiler.de\/?page_id=12067"},"modified":"2018-10-02T20:03:46","modified_gmt":"2018-10-02T18:03:46","slug":"imam","status":"publish","type":"page","link":"https:\/\/ditib-chorweiler.de\/tr\/dernek\/imam\/","title":{"rendered":"\u0130mam"},"content":{"rendered":"<p>[frame style=&#8221;modern&#8221; image_path=&#8221;http:\/\/ditib-chorweiler.de\/wp-content\/uploads\/2018\/05\/MehmetKorkut.jpg&#8221; \u00a0size=&#8221;portrait_thumb&#8221;]<\/p>\n<p>[h3]Mehmet Korkut[\/h3]<br \/>\n[h5]Din G\u00f6revlisi[\/h5]<br \/>\n1974 Do\u011fumlu<br \/>\nBursa, T\u00fcrkiye<br \/>\nEvli, 3 \u00e7ocuk sahibi<\/p>\n<p>Bursa \u00dcftade kuran kursunda haf\u0131zl\u0131\u011f\u0131m\u0131 tamamlad\u0131m. Bursa \u0130mam Hatip lisesi ve Uluda\u011f \u00fcniversitesi ilahiyat fak\u00fcltesi mezunuyum (1999). \u00dclkenin \u00e7e\u015fitli yerlerinde \u0130mam hatiplik kuran kursu hocal\u0131\u011f\u0131 ve il\u00e7e vaizli\u011fi yapt\u0131m. Diyanet i\u015fleri ba\u015fkanl\u0131\u011f\u0131nca m\u00fcft\u00fcl\u00fck hizmetlerinde bulundum. Son kadro yerim Bursa Mudanya m\u00fcft\u00fcl\u00fc\u011f\u00fcnde dir. Temmuz 2017 den itibaren uzun s\u00fcreli olarak D\u0130T\u0130B Chorweiler Camiinin din g\u00f6revlisiyim.<\/p>\n","protected":false},"excerpt":{"rendered":"<p>[frame style=&#8221;modern&#8221; image_path=&#8221;http:\/\/ditib-chorweiler.de\/wp-content\/uploads\/2018\/05\/MehmetKorkut.jpg&#8221; \u00a0size=&#8221;portrait_thumb&#8221;] [h3]Mehmet Korkut[\/h3] [h5]Din G\u00f6revlisi[\/h5] 1974 Do\u011fumlu  [&#8230;]<\/p>\n","protected":false},"author":1,"featured_media":0,"parent":12063,"menu_order":0,"comment_status":"closed","ping_status":"closed","template":"template_leftnav.php","meta":{"_acf_changed":false,"footnotes":""},"class_list":["post-12067","page","type-page","status-publish","hentry"],"acf":[],"yoast_head":"<!-- This site is optimized with the Yoast SEO plugin v27.3 - https:\/\/yoast.com\/product\/yoast-seo-wordpress\/ -->\n<title>\u0130mam - DITIB K\u00f6ln Chorweiler Moschee<\/title>\n<meta name=\"robots\" content=\"index, follow, max-snippet:-1, max-image-preview:large, max-video-preview:-1\" \/>\n<link rel=\"canonical\" href=\"https:\/\/ditib-chorweiler.de\/dernek\/imam\/\" \/>\n<meta property=\"og:locale\" content=\"tr_TR\" \/>\n<meta property=\"og:type\" content=\"article\" \/>\n<meta property=\"og:title\" content=\"\u0130mam - DITIB K\u00f6ln Chorweiler Moschee\" \/>\n<meta property=\"og:description\" content=\"[frame style=&#8221;modern&#8221; image_path=&#8221;http:\/\/ditib-chorweiler.de\/wp-content\/uploads\/2018\/05\/MehmetKorkut.jpg&#8221; \u00a0size=&#8221;portrait_thumb&#8221;] [h3]Mehmet Korkut[\/h3] [h5]Din G\u00f6revlisi[\/h5] 1974 Do\u011fumlu [...]\" \/>\n<meta property=\"og:url\" content=\"https:\/\/ditib-chorweiler.de\/dernek\/imam\/\" \/>\n<meta property=\"og:site_name\" content=\"DITIB K\u00f6ln Chorweiler Moschee\" \/>\n<meta name=\"twitter:card\" content=\"summary_large_image\" \/>\n<meta name=\"twitter:label1\" content=\"Tahmini okuma s\u00fcresi\" \/>\n\t<meta name=\"twitter:data1\" content=\"1 dakika\" \/>\n<script type=\"application\/ld+json\" class=\"yoast-schema-graph\">{\"@context\":\"https:\\\/\\\/schema.org\",\"@graph\":[{\"@type\":\"WebPage\",\"@id\":\"https:\\\/\\\/ditib-chorweiler.de\\\/dernek\\\/imam\\\/\",\"url\":\"https:\\\/\\\/ditib-chorweiler.de\\\/dernek\\\/imam\\\/\",\"name\":\"\u0130mam - DITIB K\u00f6ln Chorweiler Moschee\",\"isPartOf\":{\"@id\":\"https:\\\/\\\/ditib-chorweiler.de\\\/#website\"},\"datePublished\":\"2018-10-02T18:03:46+00:00\",\"breadcrumb\":{\"@id\":\"https:\\\/\\\/ditib-chorweiler.de\\\/dernek\\\/imam\\\/#breadcrumb\"},\"inLanguage\":\"tr\",\"potentialAction\":[{\"@type\":\"ReadAction\",\"target\":[\"https:\\\/\\\/ditib-chorweiler.de\\\/dernek\\\/imam\\\/\"]}]},{\"@type\":\"BreadcrumbList\",\"@id\":\"https:\\\/\\\/ditib-chorweiler.de\\\/dernek\\\/imam\\\/#breadcrumb\",\"itemListElement\":[{\"@type\":\"ListItem\",\"position\":1,\"name\":\"Start\",\"item\":\"https:\\\/\\\/ditib-chorweiler.de\\\/\"},{\"@type\":\"ListItem\",\"position\":2,\"name\":\"Dernek\",\"item\":\"https:\\\/\\\/ditib-chorweiler.de\\\/dernek\\\/\"},{\"@type\":\"ListItem\",\"position\":3,\"name\":\"\u0130mam\"}]},{\"@type\":\"WebSite\",\"@id\":\"https:\\\/\\\/ditib-chorweiler.de\\\/#website\",\"url\":\"https:\\\/\\\/ditib-chorweiler.de\\\/\",\"name\":\"DITIB K\u00f6ln Chorweiler Moschee\",\"description\":\"Ein Ort des Gebets, der Begegnung und der Gemeinschaft in K\u00f6ln-Chorweiler\",\"potentialAction\":[{\"@type\":\"SearchAction\",\"target\":{\"@type\":\"EntryPoint\",\"urlTemplate\":\"https:\\\/\\\/ditib-chorweiler.de\\\/?s={search_term_string}\"},\"query-input\":{\"@type\":\"PropertyValueSpecification\",\"valueRequired\":true,\"valueName\":\"search_term_string\"}}],\"inLanguage\":\"tr\"}]}<\/script>\n<!-- \/ Yoast SEO plugin. -->","yoast_head_json":{"title":"\u0130mam - DITIB K\u00f6ln Chorweiler Moschee","robots":{"index":"index","follow":"follow","max-snippet":"max-snippet:-1","max-image-preview":"max-image-preview:large","max-video-preview":"max-video-preview:-1"},"canonical":"https:\/\/ditib-chorweiler.de\/dernek\/imam\/","og_locale":"tr_TR","og_type":"article","og_title":"\u0130mam - DITIB K\u00f6ln Chorweiler Moschee","og_description":"[frame style=&#8221;modern&#8221; image_path=&#8221;http:\/\/ditib-chorweiler.de\/wp-content\/uploads\/2018\/05\/MehmetKorkut.jpg&#8221; \u00a0size=&#8221;portrait_thumb&#8221;] [h3]Mehmet Korkut[\/h3] [h5]Din G\u00f6revlisi[\/h5] 1974 Do\u011fumlu [...]","og_url":"https:\/\/ditib-chorweiler.de\/dernek\/imam\/","og_site_name":"DITIB K\u00f6ln Chorweiler Moschee","twitter_card":"summary_large_image","twitter_misc":{"Tahmini okuma s\u00fcresi":"1 dakika"},"schema":{"@context":"https:\/\/schema.org","@graph":[{"@type":"WebPage","@id":"https:\/\/ditib-chorweiler.de\/dernek\/imam\/","url":"https:\/\/ditib-chorweiler.de\/dernek\/imam\/","name":"\u0130mam - DITIB K\u00f6ln Chorweiler Moschee","isPartOf":{"@id":"https:\/\/ditib-chorweiler.de\/#website"},"datePublished":"2018-10-02T18:03:46+00:00","breadcrumb":{"@id":"https:\/\/ditib-chorweiler.de\/dernek\/imam\/#breadcrumb"},"inLanguage":"tr","potentialAction":[{"@type":"ReadAction","target":["https:\/\/ditib-chorweiler.de\/dernek\/imam\/"]}]},{"@type":"BreadcrumbList","@id":"https:\/\/ditib-chorweiler.de\/dernek\/imam\/#breadcrumb","itemListElement":[{"@type":"ListItem","position":1,"name":"Start","item":"https:\/\/ditib-chorweiler.de\/"},{"@type":"ListItem","position":2,"name":"Dernek","item":"https:\/\/ditib-chorweiler.de\/dernek\/"},{"@type":"ListItem","position":3,"name":"\u0130mam"}]},{"@type":"WebSite","@id":"https:\/\/ditib-chorweiler.de\/#website","url":"https:\/\/ditib-chorweiler.de\/","name":"DITIB K\u00f6ln Chorweiler Moschee","description":"Ein Ort des Gebets, der Begegnung und der Gemeinschaft in K\u00f6ln-Chorweiler","potentialAction":[{"@type":"SearchAction","target":{"@type":"EntryPoint","urlTemplate":"https:\/\/ditib-chorweiler.de\/?s={search_term_string}"},"query-input":{"@type":"PropertyValueSpecification","valueRequired":true,"valueName":"search_term_string"}}],"inLanguage":"tr"}]}},"_links":{"self":[{"href":"https:\/\/ditib-chorweiler.de\/tr\/wp-json\/wp\/v2\/pages\/12067","targetHints":{"allow":["GET"]}}],"collection":[{"href":"https:\/\/ditib-chorweiler.de\/tr\/wp-json\/wp\/v2\/pages"}],"about":[{"href":"https:\/\/ditib-chorweiler.de\/tr\/wp-json\/wp\/v2\/types\/page"}],"author":[{"embeddable":true,"href":"https:\/\/ditib-chorweiler.de\/tr\/wp-json\/wp\/v2\/users\/1"}],"replies":[{"embeddable":true,"href":"https:\/\/ditib-chorweiler.de\/tr\/wp-json\/wp\/v2\/comments?post=12067"}],"version-history":[{"count":1,"href":"https:\/\/ditib-chorweiler.de\/tr\/wp-json\/wp\/v2\/pages\/12067\/revisions"}],"predecessor-version":[{"id":12068,"href":"https:\/\/ditib-chorweiler.de\/tr\/wp-json\/wp\/v2\/pages\/12067\/revisions\/12068"}],"up":[{"embeddable":true,"href":"https:\/\/ditib-chorweiler.de\/tr\/wp-json\/wp\/v2\/pages\/12063"}],"wp:attachment":[{"href":"https:\/\/ditib-chorweiler.de\/tr\/wp-json\/wp\/v2\/media?parent=12067"}],"curies":[{"name":"wp","href":"https:\/\/api.w.org\/{rel}","templated":true}]}}