{"id":12069,"date":"2018-10-02T20:04:20","date_gmt":"2018-10-02T18:04:20","guid":{"rendered":"http:\/\/ditibchorweiler.de\/?page_id=12069"},"modified":"2018-10-02T20:04:20","modified_gmt":"2018-10-02T18:04:20","slug":"kurulus-tarihce","status":"publish","type":"page","link":"https:\/\/ditib-chorweiler.de\/tr\/dernek\/kurulus-tarihce\/","title":{"rendered":"Kurulu\u015f &#038; Tarih\u00e7e"},"content":{"rendered":"<p>[vc_row equal_height=&#8221;yes&#8221;][vc_column][vc_single_image image=&#8221;1590&#8243; img_size=&#8221;full&#8221; style=&#8221;vc_box_shadow&#8221;][\/vc_column][\/vc_row][vc_row][vc_column][vc_column_text][h2]K\u00f6ln Chorweilerin Camisi[\/h2]<\/p>\n<p>3 Ocak 2003 tarihinde kurulan D\u0130T\u0130B T\u00fcrk \u0130slam Cemiyeti Chorweiler, K\u00f6ln-Feldkassel Sanayi B\u00f6lgesindeki 1998 yap\u0131ml\u0131 \u015firket binas\u0131n\u0131 8 Eyl\u00fcl 2005 tarihinde sat\u0131n alarak 3 y\u0131ll\u0131k tasar\u0131m ve in\u015faattan sonra 30 A\u011fustos 2008 tarihinde D\u0130T\u0130B Chorweiler Merkez Camii ve K\u00fclt\u00fcr Merkezi&#8217;nin a\u00e7\u0131l\u0131\u015f\u0131n\u0131 yapm\u0131\u015f ve b\u00f6ylece Chorweiler M\u00fcsl\u00fcmanlar\u0131&#8217;n\u0131n 30 y\u0131ll\u0131k camii yapma \u00e7abas\u0131n\u0131 ve hasretini sona erdirmi\u015ftir.[\/vc_column_text][\/vc_column][\/vc_row]<\/p>\n","protected":false},"excerpt":{"rendered":"<p>[vc_row equal_height=&#8221;yes&#8221;][vc_column][vc_single_image image=&#8221;1590&#8243; img_size=&#8221;full&#8221; style=&#8221;vc_box_shadow&#8221;][\/vc_column][\/vc_row][vc_row][vc_column][vc_column_text][h2]K\u00f6ln Chorweilerin Camisi[\/h2] 3 Ocak 2003  [&#8230;]<\/p>\n","protected":false},"author":1,"featured_media":0,"parent":12063,"menu_order":0,"comment_status":"closed","ping_status":"closed","template":"template_leftnav.php","meta":{"_acf_changed":false,"footnotes":""},"class_list":["post-12069","page","type-page","status-publish","hentry"],"acf":[],"yoast_head":"<!-- This site is optimized with the Yoast SEO plugin v27.3 - https:\/\/yoast.com\/product\/yoast-seo-wordpress\/ -->\n<title>Kurulu\u015f &amp; Tarih\u00e7e - DITIB K\u00f6ln Chorweiler Moschee<\/title>\n<meta name=\"robots\" content=\"index, follow, max-snippet:-1, max-image-preview:large, max-video-preview:-1\" \/>\n<link rel=\"canonical\" href=\"https:\/\/ditib-chorweiler.de\/dernek\/kurulus-tarihce\/\" \/>\n<meta property=\"og:locale\" content=\"tr_TR\" \/>\n<meta property=\"og:type\" content=\"article\" \/>\n<meta property=\"og:title\" content=\"Kurulu\u015f &amp; Tarih\u00e7e - DITIB K\u00f6ln Chorweiler Moschee\" \/>\n<meta property=\"og:description\" content=\"[vc_row equal_height=&#8221;yes&#8221;][vc_column][vc_single_image image=&#8221;1590&#8243; img_size=&#8221;full&#8221; style=&#8221;vc_box_shadow&#8221;][\/vc_column][\/vc_row][vc_row][vc_column][vc_column_text][h2]K\u00f6ln Chorweilerin Camisi[\/h2] 3 Ocak 2003 [...]\" \/>\n<meta property=\"og:url\" content=\"https:\/\/ditib-chorweiler.de\/dernek\/kurulus-tarihce\/\" \/>\n<meta property=\"og:site_name\" content=\"DITIB K\u00f6ln Chorweiler Moschee\" \/>\n<meta name=\"twitter:card\" content=\"summary_large_image\" \/>\n<meta name=\"twitter:label1\" content=\"Tahmini okuma s\u00fcresi\" \/>\n\t<meta name=\"twitter:data1\" content=\"1 dakika\" \/>\n<script type=\"application\/ld+json\" class=\"yoast-schema-graph\">{\"@context\":\"https:\\\/\\\/schema.org\",\"@graph\":[{\"@type\":\"WebPage\",\"@id\":\"https:\\\/\\\/ditib-chorweiler.de\\\/dernek\\\/kurulus-tarihce\\\/\",\"url\":\"https:\\\/\\\/ditib-chorweiler.de\\\/dernek\\\/kurulus-tarihce\\\/\",\"name\":\"Kurulu\u015f & Tarih\u00e7e - DITIB K\u00f6ln Chorweiler Moschee\",\"isPartOf\":{\"@id\":\"https:\\\/\\\/ditib-chorweiler.de\\\/#website\"},\"datePublished\":\"2018-10-02T18:04:20+00:00\",\"breadcrumb\":{\"@id\":\"https:\\\/\\\/ditib-chorweiler.de\\\/dernek\\\/kurulus-tarihce\\\/#breadcrumb\"},\"inLanguage\":\"tr\",\"potentialAction\":[{\"@type\":\"ReadAction\",\"target\":[\"https:\\\/\\\/ditib-chorweiler.de\\\/dernek\\\/kurulus-tarihce\\\/\"]}]},{\"@type\":\"BreadcrumbList\",\"@id\":\"https:\\\/\\\/ditib-chorweiler.de\\\/dernek\\\/kurulus-tarihce\\\/#breadcrumb\",\"itemListElement\":[{\"@type\":\"ListItem\",\"position\":1,\"name\":\"Start\",\"item\":\"https:\\\/\\\/ditib-chorweiler.de\\\/\"},{\"@type\":\"ListItem\",\"position\":2,\"name\":\"Dernek\",\"item\":\"https:\\\/\\\/ditib-chorweiler.de\\\/dernek\\\/\"},{\"@type\":\"ListItem\",\"position\":3,\"name\":\"Kurulu\u015f &#038; Tarih\u00e7e\"}]},{\"@type\":\"WebSite\",\"@id\":\"https:\\\/\\\/ditib-chorweiler.de\\\/#website\",\"url\":\"https:\\\/\\\/ditib-chorweiler.de\\\/\",\"name\":\"DITIB K\u00f6ln Chorweiler Moschee\",\"description\":\"Ein Ort des Gebets, der Begegnung und der Gemeinschaft in K\u00f6ln-Chorweiler\",\"potentialAction\":[{\"@type\":\"SearchAction\",\"target\":{\"@type\":\"EntryPoint\",\"urlTemplate\":\"https:\\\/\\\/ditib-chorweiler.de\\\/?s={search_term_string}\"},\"query-input\":{\"@type\":\"PropertyValueSpecification\",\"valueRequired\":true,\"valueName\":\"search_term_string\"}}],\"inLanguage\":\"tr\"}]}<\/script>\n<!-- \/ Yoast SEO plugin. -->","yoast_head_json":{"title":"Kurulu\u015f & Tarih\u00e7e - DITIB K\u00f6ln Chorweiler Moschee","robots":{"index":"index","follow":"follow","max-snippet":"max-snippet:-1","max-image-preview":"max-image-preview:large","max-video-preview":"max-video-preview:-1"},"canonical":"https:\/\/ditib-chorweiler.de\/dernek\/kurulus-tarihce\/","og_locale":"tr_TR","og_type":"article","og_title":"Kurulu\u015f & Tarih\u00e7e - DITIB K\u00f6ln Chorweiler Moschee","og_description":"[vc_row equal_height=&#8221;yes&#8221;][vc_column][vc_single_image image=&#8221;1590&#8243; img_size=&#8221;full&#8221; style=&#8221;vc_box_shadow&#8221;][\/vc_column][\/vc_row][vc_row][vc_column][vc_column_text][h2]K\u00f6ln Chorweilerin Camisi[\/h2] 3 Ocak 2003 [...]","og_url":"https:\/\/ditib-chorweiler.de\/dernek\/kurulus-tarihce\/","og_site_name":"DITIB K\u00f6ln Chorweiler Moschee","twitter_card":"summary_large_image","twitter_misc":{"Tahmini okuma s\u00fcresi":"1 dakika"},"schema":{"@context":"https:\/\/schema.org","@graph":[{"@type":"WebPage","@id":"https:\/\/ditib-chorweiler.de\/dernek\/kurulus-tarihce\/","url":"https:\/\/ditib-chorweiler.de\/dernek\/kurulus-tarihce\/","name":"Kurulu\u015f & Tarih\u00e7e - DITIB K\u00f6ln Chorweiler Moschee","isPartOf":{"@id":"https:\/\/ditib-chorweiler.de\/#website"},"datePublished":"2018-10-02T18:04:20+00:00","breadcrumb":{"@id":"https:\/\/ditib-chorweiler.de\/dernek\/kurulus-tarihce\/#breadcrumb"},"inLanguage":"tr","potentialAction":[{"@type":"ReadAction","target":["https:\/\/ditib-chorweiler.de\/dernek\/kurulus-tarihce\/"]}]},{"@type":"BreadcrumbList","@id":"https:\/\/ditib-chorweiler.de\/dernek\/kurulus-tarihce\/#breadcrumb","itemListElement":[{"@type":"ListItem","position":1,"name":"Start","item":"https:\/\/ditib-chorweiler.de\/"},{"@type":"ListItem","position":2,"name":"Dernek","item":"https:\/\/ditib-chorweiler.de\/dernek\/"},{"@type":"ListItem","position":3,"name":"Kurulu\u015f &#038; Tarih\u00e7e"}]},{"@type":"WebSite","@id":"https:\/\/ditib-chorweiler.de\/#website","url":"https:\/\/ditib-chorweiler.de\/","name":"DITIB K\u00f6ln Chorweiler Moschee","description":"Ein Ort des Gebets, der Begegnung und der Gemeinschaft in K\u00f6ln-Chorweiler","potentialAction":[{"@type":"SearchAction","target":{"@type":"EntryPoint","urlTemplate":"https:\/\/ditib-chorweiler.de\/?s={search_term_string}"},"query-input":{"@type":"PropertyValueSpecification","valueRequired":true,"valueName":"search_term_string"}}],"inLanguage":"tr"}]}},"_links":{"self":[{"href":"https:\/\/ditib-chorweiler.de\/tr\/wp-json\/wp\/v2\/pages\/12069","targetHints":{"allow":["GET"]}}],"collection":[{"href":"https:\/\/ditib-chorweiler.de\/tr\/wp-json\/wp\/v2\/pages"}],"about":[{"href":"https:\/\/ditib-chorweiler.de\/tr\/wp-json\/wp\/v2\/types\/page"}],"author":[{"embeddable":true,"href":"https:\/\/ditib-chorweiler.de\/tr\/wp-json\/wp\/v2\/users\/1"}],"replies":[{"embeddable":true,"href":"https:\/\/ditib-chorweiler.de\/tr\/wp-json\/wp\/v2\/comments?post=12069"}],"version-history":[{"count":1,"href":"https:\/\/ditib-chorweiler.de\/tr\/wp-json\/wp\/v2\/pages\/12069\/revisions"}],"predecessor-version":[{"id":12070,"href":"https:\/\/ditib-chorweiler.de\/tr\/wp-json\/wp\/v2\/pages\/12069\/revisions\/12070"}],"up":[{"embeddable":true,"href":"https:\/\/ditib-chorweiler.de\/tr\/wp-json\/wp\/v2\/pages\/12063"}],"wp:attachment":[{"href":"https:\/\/ditib-chorweiler.de\/tr\/wp-json\/wp\/v2\/media?parent=12069"}],"curies":[{"name":"wp","href":"https:\/\/api.w.org\/{rel}","templated":true}]}}