{"id":12103,"date":"2018-10-02T20:15:42","date_gmt":"2018-10-02T18:15:42","guid":{"rendered":"http:\/\/ditibchorweiler.de\/?page_id=12103"},"modified":"2020-11-25T16:27:41","modified_gmt":"2020-11-25T15:27:41","slug":"kuenye","status":"publish","type":"page","link":"https:\/\/ditib-chorweiler.de\/tr\/kuenye\/","title":{"rendered":"K\u00fcnye"},"content":{"rendered":"<p>DITIB &#8211; T\u00fcrkisch Islamische Gemeinde zu Chorweiler e.V.<br \/>\nMorsestr. 9a<br \/>\n50769 K\u00f6ln<\/p>\n<p>Telefon: +49 221 99 88 77 1<br \/>\nFax:\u00a0+49 221 99 88 77 2<br \/>\nE-Mail:\u00a0<a href=\"mailto:info@ditib-chorweiler.de\">info[at]ditib-chorweiler.de<\/a><br \/>\nInternet:\u00a0<a href=\"http:\/\/www.ditib-chorweiler.de\">www.ditib-chorweiler.de<\/a><\/p>\n<p>[h3]<strong>Vertretungsberechtigter Vorstand:<\/strong>[\/h3]<\/p>\n<p>Vorsitzender:<br \/>\nIbrahim Altun<\/p>\n<p>Stellvertretende Vorsitzende:<br \/>\nM\u00fcnevver Bekta\u015f<br \/>\nBekir \u0130ncek\u00f6se<\/p>\n<p>Buchhalter:<br \/>\nSercan Hac\u0131kerimo\u011flu<\/p>\n<p>Mitglied:<br \/>\nNasuhi Karabacak<\/p>\n<p>Sekret\u00e4r:<br \/>\nSercan Lar\u00e7in<\/p>\n<p>Vorsitzende der Frauenabteilung:<br \/>\nKadriye Karabacak<\/p>\n<p>Vorsitzender des Elternrats:<br \/>\nYusuf Kocak\u00f6se<\/p>\n<p>Vorsitzender der Jugendabteilung:<br \/>\nBilal Ayd\u0131n<\/p>\n<p><strong>Registergericht:<\/strong> Amtsgericht K\u00f6ln<br \/>\n<strong>Registernummer:<\/strong> VR 14119<\/p>\n<p>[hr_shadow]<\/p>\n<p>[callout2]Inhaltlich Verantwortlicher gem\u00e4\u00df \u00a7 10 Absatz 3 MDStV: Vorstand der DITIB-Chorweiler (Anschrift wie oben) Haftungshinweis: Trotz sorgf\u00e4ltiger inhaltlicher Kontrolle \u00fcbernehmen wir keine Haftung f\u00fcr die Inhalte externer Links. F\u00fcr den Inhalt der verlinkten Seiten sind ausschlie\u00dflich deren Betreiber verantwortlich.[\/callout2]<\/p>\n<p>[callout1]<strong>Copyright: <\/strong>Das Copyright der Seiten auf dem Server\u00a0<a href=\"http:\/\/www.ditib.de\/\">http:\/\/www.ditib-chorweiler.de<\/a> liegt beim Verein DITIB &#8211; T\u00fcrkisch Islamische Gemeinde zu Chorweiler e.V.\u00a0\u00a0\u00a0Die \u00a0Wiedergabe mit Quellenangabe istvorbehaltlich anderslautender Bestimmungen gestattet. Ist f\u00fcr die Wiedergabe bestimmterText- und Multimedia-Daten eine vorherige Genehmigung einzuholen, so hebt diese dieobenstehende allgemeine Genehmigung auf; auf etwaige Nutzungseinschr\u00e4nkungen wirddeutlich hingewiesen. Disclaimer \/ Haftungsausschluss Der Verein DITIB &#8211; T\u00fcrkisch Islamische Gemeinde zu Chorweiler e.V.\u00a0 bietet diesen Server(<a href=\"http:\/\/www.ditib.de\/\">http:\/\/www.ditib-chorweiler.de<\/a>) an, damit sich die \u00d6ffentlichkeit leichter \u00fcber seine Aktivit\u00e4teninformieren kann. Unser Ziel ist es, aktuelle und genaue Informationen bereitzustellen.Wenn wir von Fehlern erfahren, werden wir versuchen, diese zu korrigieren. Der DITIB &#8211; T\u00fcrkisch Islamische Gemeinde zu Chorweil\u00a0er e.V. \u00a0\u00fcbernimmt jedoch keinerleiVerantwortung oder Haftung f\u00fcr die Angaben auf dieser Website. Insbesondere \u00fcbernimmt der Verein kein Gew\u00e4hr f\u00fcr die Aktualit\u00e4t, Korrektheit, Vollst\u00e4ndigkeit oder Qualit\u00e4t der bereitgestellten Informationen. Haftungsanspr\u00fcche gegen den Verein, welche sich auf Sch\u00e4den materieller oder ideeller Art beziehen, die durch die Nutzung oder Nichtnutzung der dargebotenen Informationen bzw. durch die Nutzung fehlerhafter und unvollst\u00e4ndiger Informationen verursacht wurden, sind grunds\u00e4tzlich ausgeschlossen, sofern seitens des Autors kein nachweislich vors\u00e4tzliches oder grob fahrl\u00e4ssiges Verschulden vorliegt. Alle Angebote sind freibleibend und unverbindlich. Der Verein beh\u00e4lt es sich ausdr\u00fccklichvor, Teile der Seiten oder das gesamte Angebot ohne gesonderte Ank\u00fcndigung zuver\u00e4ndern, zu erg\u00e4nzen, zu l\u00f6schen oder die Ver\u00f6ffentlichung zeitweise oder endg\u00fcltigeinzustellen. aus auf diese Seite verwiesen wurde. Sofern Teile oder einzelne Formulierungen dieses Textes der geltenden Rechtslage nicht, nicht mehr oder nicht vollst\u00e4ndig entsprechen sollten, bleiben die \u00fcbrigen Teile des Dokumentes in ihrem Inhalt und ihrer G\u00fcltigkeit davon unber\u00fchrt. Die Angaben sind: * nur Informationen allgemeiner Art, die nicht auf die besonderen Bed\u00fcrfnisse bestimmter Personen oder Einrichtungen abgestimmt sind; * nicht notwendigerweise umfassend, komplett, genau oder aktuell; * manchmal mit externen Websites verbunden, die der DITIB &#8211; T\u00fcrkisch Islamische Gemeinde zu Chorweiler e.V.\u00a0 nicht beeinflussen kann und f\u00fcr die er keine Verantwortung \u00fcbernimmt. Es ist nicht beabsichtigt, mit diesem Haftungsausschluss gegen geltendes nationales Recht zu versto\u00dfen noch die Haftung f\u00fcr Materien auszuschlie\u00dfen, f\u00fcr die nach diesem Recht die Haftung nicht ausgeschlossen werden darf.[\/callout1]<\/p>\n","protected":false},"excerpt":{"rendered":"<p>DITIB &#8211; T\u00fcrkisch Islamische Gemeinde zu Chorweiler e.V. Morsestr. 9a  [&#8230;]<\/p>\n","protected":false},"author":1,"featured_media":0,"parent":0,"menu_order":0,"comment_status":"closed","ping_status":"closed","template":"","meta":{"_acf_changed":false,"footnotes":""},"class_list":["post-12103","page","type-page","status-publish","hentry"],"acf":[],"yoast_head":"<!-- This site is optimized with the Yoast SEO plugin v27.3 - https:\/\/yoast.com\/product\/yoast-seo-wordpress\/ -->\n<title>K\u00fcnye - DITIB K\u00f6ln Chorweiler Moschee<\/title>\n<meta name=\"robots\" content=\"index, follow, max-snippet:-1, max-image-preview:large, max-video-preview:-1\" \/>\n<link rel=\"canonical\" href=\"https:\/\/ditib-chorweiler.de\/kuenye\/\" \/>\n<meta property=\"og:locale\" content=\"tr_TR\" \/>\n<meta property=\"og:type\" content=\"article\" \/>\n<meta property=\"og:title\" content=\"K\u00fcnye - DITIB K\u00f6ln Chorweiler Moschee\" \/>\n<meta property=\"og:description\" content=\"DITIB &#8211; T\u00fcrkisch Islamische Gemeinde zu Chorweiler e.V. Morsestr. 9a [...]\" \/>\n<meta property=\"og:url\" content=\"https:\/\/ditib-chorweiler.de\/kuenye\/\" \/>\n<meta property=\"og:site_name\" content=\"DITIB K\u00f6ln Chorweiler Moschee\" \/>\n<meta property=\"article:modified_time\" content=\"2020-11-25T15:27:41+00:00\" \/>\n<meta name=\"twitter:card\" content=\"summary_large_image\" \/>\n<meta name=\"twitter:label1\" content=\"Tahmini okuma s\u00fcresi\" \/>\n\t<meta name=\"twitter:data1\" content=\"3 dakika\" \/>\n<script type=\"application\/ld+json\" class=\"yoast-schema-graph\">{\"@context\":\"https:\\\/\\\/schema.org\",\"@graph\":[{\"@type\":\"WebPage\",\"@id\":\"https:\\\/\\\/ditib-chorweiler.de\\\/kuenye\\\/\",\"url\":\"https:\\\/\\\/ditib-chorweiler.de\\\/kuenye\\\/\",\"name\":\"K\u00fcnye - DITIB K\u00f6ln Chorweiler Moschee\",\"isPartOf\":{\"@id\":\"https:\\\/\\\/ditib-chorweiler.de\\\/#website\"},\"datePublished\":\"2018-10-02T18:15:42+00:00\",\"dateModified\":\"2020-11-25T15:27:41+00:00\",\"breadcrumb\":{\"@id\":\"https:\\\/\\\/ditib-chorweiler.de\\\/kuenye\\\/#breadcrumb\"},\"inLanguage\":\"tr\",\"potentialAction\":[{\"@type\":\"ReadAction\",\"target\":[\"https:\\\/\\\/ditib-chorweiler.de\\\/kuenye\\\/\"]}]},{\"@type\":\"BreadcrumbList\",\"@id\":\"https:\\\/\\\/ditib-chorweiler.de\\\/kuenye\\\/#breadcrumb\",\"itemListElement\":[{\"@type\":\"ListItem\",\"position\":1,\"name\":\"Start\",\"item\":\"https:\\\/\\\/ditib-chorweiler.de\\\/\"},{\"@type\":\"ListItem\",\"position\":2,\"name\":\"K\u00fcnye\"}]},{\"@type\":\"WebSite\",\"@id\":\"https:\\\/\\\/ditib-chorweiler.de\\\/#website\",\"url\":\"https:\\\/\\\/ditib-chorweiler.de\\\/\",\"name\":\"DITIB K\u00f6ln Chorweiler Moschee\",\"description\":\"Ein Ort des Gebets, der Begegnung und der Gemeinschaft in K\u00f6ln-Chorweiler\",\"potentialAction\":[{\"@type\":\"SearchAction\",\"target\":{\"@type\":\"EntryPoint\",\"urlTemplate\":\"https:\\\/\\\/ditib-chorweiler.de\\\/?s={search_term_string}\"},\"query-input\":{\"@type\":\"PropertyValueSpecification\",\"valueRequired\":true,\"valueName\":\"search_term_string\"}}],\"inLanguage\":\"tr\"}]}<\/script>\n<!-- \/ Yoast SEO plugin. -->","yoast_head_json":{"title":"K\u00fcnye - DITIB K\u00f6ln Chorweiler Moschee","robots":{"index":"index","follow":"follow","max-snippet":"max-snippet:-1","max-image-preview":"max-image-preview:large","max-video-preview":"max-video-preview:-1"},"canonical":"https:\/\/ditib-chorweiler.de\/kuenye\/","og_locale":"tr_TR","og_type":"article","og_title":"K\u00fcnye - DITIB K\u00f6ln Chorweiler Moschee","og_description":"DITIB &#8211; T\u00fcrkisch Islamische Gemeinde zu Chorweiler e.V. Morsestr. 9a [...]","og_url":"https:\/\/ditib-chorweiler.de\/kuenye\/","og_site_name":"DITIB K\u00f6ln Chorweiler Moschee","article_modified_time":"2020-11-25T15:27:41+00:00","twitter_card":"summary_large_image","twitter_misc":{"Tahmini okuma s\u00fcresi":"3 dakika"},"schema":{"@context":"https:\/\/schema.org","@graph":[{"@type":"WebPage","@id":"https:\/\/ditib-chorweiler.de\/kuenye\/","url":"https:\/\/ditib-chorweiler.de\/kuenye\/","name":"K\u00fcnye - DITIB K\u00f6ln Chorweiler Moschee","isPartOf":{"@id":"https:\/\/ditib-chorweiler.de\/#website"},"datePublished":"2018-10-02T18:15:42+00:00","dateModified":"2020-11-25T15:27:41+00:00","breadcrumb":{"@id":"https:\/\/ditib-chorweiler.de\/kuenye\/#breadcrumb"},"inLanguage":"tr","potentialAction":[{"@type":"ReadAction","target":["https:\/\/ditib-chorweiler.de\/kuenye\/"]}]},{"@type":"BreadcrumbList","@id":"https:\/\/ditib-chorweiler.de\/kuenye\/#breadcrumb","itemListElement":[{"@type":"ListItem","position":1,"name":"Start","item":"https:\/\/ditib-chorweiler.de\/"},{"@type":"ListItem","position":2,"name":"K\u00fcnye"}]},{"@type":"WebSite","@id":"https:\/\/ditib-chorweiler.de\/#website","url":"https:\/\/ditib-chorweiler.de\/","name":"DITIB K\u00f6ln Chorweiler Moschee","description":"Ein Ort des Gebets, der Begegnung und der Gemeinschaft in K\u00f6ln-Chorweiler","potentialAction":[{"@type":"SearchAction","target":{"@type":"EntryPoint","urlTemplate":"https:\/\/ditib-chorweiler.de\/?s={search_term_string}"},"query-input":{"@type":"PropertyValueSpecification","valueRequired":true,"valueName":"search_term_string"}}],"inLanguage":"tr"}]}},"_links":{"self":[{"href":"https:\/\/ditib-chorweiler.de\/tr\/wp-json\/wp\/v2\/pages\/12103","targetHints":{"allow":["GET"]}}],"collection":[{"href":"https:\/\/ditib-chorweiler.de\/tr\/wp-json\/wp\/v2\/pages"}],"about":[{"href":"https:\/\/ditib-chorweiler.de\/tr\/wp-json\/wp\/v2\/types\/page"}],"author":[{"embeddable":true,"href":"https:\/\/ditib-chorweiler.de\/tr\/wp-json\/wp\/v2\/users\/1"}],"replies":[{"embeddable":true,"href":"https:\/\/ditib-chorweiler.de\/tr\/wp-json\/wp\/v2\/comments?post=12103"}],"version-history":[{"count":2,"href":"https:\/\/ditib-chorweiler.de\/tr\/wp-json\/wp\/v2\/pages\/12103\/revisions"}],"predecessor-version":[{"id":12693,"href":"https:\/\/ditib-chorweiler.de\/tr\/wp-json\/wp\/v2\/pages\/12103\/revisions\/12693"}],"wp:attachment":[{"href":"https:\/\/ditib-chorweiler.de\/tr\/wp-json\/wp\/v2\/media?parent=12103"}],"curies":[{"name":"wp","href":"https:\/\/api.w.org\/{rel}","templated":true}]}}