{"id":12624,"date":"2020-04-06T20:21:00","date_gmt":"2020-04-06T18:21:00","guid":{"rendered":"https:\/\/ditib-chorweiler.de\/?page_id=12624"},"modified":"2020-04-06T20:23:11","modified_gmt":"2020-04-06T18:23:11","slug":"korona-zamaninda-online-faaliyetlerimiz","status":"publish","type":"page","link":"https:\/\/ditib-chorweiler.de\/tr\/korona-zamaninda-online-faaliyetlerimiz\/","title":{"rendered":"Korona Zaman\u0131nda Online Faaliyetlerimiz"},"content":{"rendered":"<p>[vc_row][vc_column][vc_column_text]\u0130\u00e7erisinden ge\u00e7mekte oldu\u011fumuz bu zor zamanlarda cami faaliyetlerimizi m\u00fcmk\u00fcn oldu\u011funca devam ettirmekteyiz. Camimizde cemaatle namaz k\u0131lma imkan\u0131 halihaz\u0131rda m\u00fcmk\u00fcn de\u011fildir ve cuma namaz\u0131 eda edilememektedir. \u0130mkanlar dahilinde online olarak \u015fu faaliyetlerimize devam etmekteyiz:<\/p>\n<ul>\n<li>\n<h5>Hafta sonu devam eden din dersleri<\/h5>\n<p>Online ders ortamlar\u0131nda derslerimiz aral\u0131ks\u0131z olarak devam etmektedir. \u00d6\u011frenci ve velilerimiz ders saatleri ve program\u0131 hakk\u0131nda bilgilendirilmi\u015flerdir.<\/li>\n<\/ul>\n<ul>\n<li>\n<h5>Gen\u00e7lere y\u00f6nelik sohbet ve vaazlar<\/h5>\n<p>Online olarak devam etmekte olan sohbet ve vaazlar i\u00e7in sorumlu olan ki\u015filer ve irtibat bilgileri a\u015fa\u011f\u0131dad\u0131r:<\/p>\n<ul>\n<li>bilalaydin2@gmail.com erkek gen\u00e7ler i\u00e7in her cuma g\u00fcn\u00fc saat 19:30&#8217;da<\/li>\n<li>reyhangclu@gmail.com k\u0131z gen\u00e7ler i\u00e7in her pazar g\u00fcn\u00fc saat 14:30&#8217;da<\/li>\n<\/ul>\n<\/li>\n<li>\n<h5>Yeti\u015fkin beyefendilere y\u00f6nelik sohbet ve vaazlar<\/h5>\n<p>Yeti\u015fkin beyefendiler her per\u015fembe saat 19:30&#8217;da online sohbet ortam\u0131nda bulu\u015fmaktad\u0131r<strong><em>.<br \/>\n<\/em><\/strong>\u0130rtibat:<strong><em><br \/>\n<\/em><\/strong><\/p>\n<ul>\n<li>korkutberlin@hotmail.com<\/li>\n<\/ul>\n<\/li>\n<li><strong>Yeti\u015fkin bayanlara y\u00f6nelik \u0130htisas Kursu<\/strong><br \/>\n\u0130htisas Kursumuz sal\u0131 g\u00fcnleri saat 19&#8217;da yap\u0131lmaktad\u0131r. \u0130rtibat:<\/p>\n<ul>\n<li>reyhangclu@gmail.com<\/li>\n<\/ul>\n<\/li>\n<li>\n<h5>Yeti\u015fkin bayanlara y\u00f6nelik sohbet ve vaazlar<\/h5>\n<p>Yeti\u015fkin bayanlar her \u00e7ar\u015famba saat 18:00&#8217;da online sohbet ortam\u0131nda bulu\u015fmaktad\u0131r<strong><em>.<br \/>\n<\/em><\/strong>\u0130rtibat:<strong><em><br \/>\n<\/em><\/strong><\/p>\n<ul>\n<li>reyhangclu@gmail.com<\/li>\n<\/ul>\n<\/li>\n<li>\n<h5>\u0130htiya\u00e7 sahibi olanlara y\u00f6nelik al\u0131\u015fveri\u015f yard\u0131m\u0131nda bulunmaktay\u0131z. A\u015fa\u011f\u0131daki afi\u015fde bilgiler bulunmaktad\u0131r.<\/h5>\n<\/li>\n<\/ul>\n<p>[\/vc_column_text][\/vc_column][\/vc_row][vc_row][vc_column][vc_single_image image=&#8221;12622&#8243; img_size=&#8221;large&#8221; alignment=&#8221;center&#8221;][\/vc_column][\/vc_row]<\/p>\n","protected":false},"excerpt":{"rendered":"<p>[vc_row][vc_column][vc_column_text]\u0130\u00e7erisinden ge\u00e7mekte oldu\u011fumuz bu zor zamanlarda cami faaliyetlerimizi m\u00fcmk\u00fcn oldu\u011funca  [&#8230;]<\/p>\n","protected":false},"author":2,"featured_media":12616,"parent":0,"menu_order":0,"comment_status":"closed","ping_status":"closed","template":"","meta":{"_acf_changed":false,"footnotes":""},"class_list":["post-12624","page","type-page","status-publish","has-post-thumbnail","hentry"],"acf":[],"yoast_head":"<!-- This site is optimized with the Yoast SEO plugin v27.3 - https:\/\/yoast.com\/product\/yoast-seo-wordpress\/ -->\n<title>Korona Zaman\u0131nda Online Faaliyetlerimiz - DITIB K\u00f6ln Chorweiler Moschee<\/title>\n<meta name=\"robots\" content=\"index, follow, max-snippet:-1, max-image-preview:large, max-video-preview:-1\" \/>\n<link rel=\"canonical\" href=\"https:\/\/ditib-chorweiler.de\/korona-zamaninda-online-faaliyetlerimiz\/\" \/>\n<meta property=\"og:locale\" content=\"tr_TR\" \/>\n<meta property=\"og:type\" content=\"article\" \/>\n<meta property=\"og:title\" content=\"Korona Zaman\u0131nda Online Faaliyetlerimiz - DITIB K\u00f6ln Chorweiler Moschee\" \/>\n<meta property=\"og:description\" content=\"[vc_row][vc_column][vc_column_text]\u0130\u00e7erisinden ge\u00e7mekte oldu\u011fumuz bu zor zamanlarda cami faaliyetlerimizi m\u00fcmk\u00fcn oldu\u011funca [...]\" \/>\n<meta property=\"og:url\" content=\"https:\/\/ditib-chorweiler.de\/korona-zamaninda-online-faaliyetlerimiz\/\" \/>\n<meta property=\"og:site_name\" content=\"DITIB K\u00f6ln Chorweiler Moschee\" \/>\n<meta property=\"article:modified_time\" content=\"2020-04-06T18:23:11+00:00\" \/>\n<meta property=\"og:image\" content=\"https:\/\/ditib-chorweiler.de\/wp-content\/uploads\/2020\/04\/2.jpeg\" \/>\n\t<meta property=\"og:image:width\" content=\"1200\" \/>\n\t<meta property=\"og:image:height\" content=\"750\" \/>\n\t<meta property=\"og:image:type\" content=\"image\/jpeg\" \/>\n<meta name=\"twitter:card\" content=\"summary_large_image\" \/>\n<meta name=\"twitter:label1\" content=\"Tahmini okuma s\u00fcresi\" \/>\n\t<meta name=\"twitter:data1\" content=\"1 dakika\" \/>\n<script type=\"application\/ld+json\" class=\"yoast-schema-graph\">{\"@context\":\"https:\\\/\\\/schema.org\",\"@graph\":[{\"@type\":\"WebPage\",\"@id\":\"https:\\\/\\\/ditib-chorweiler.de\\\/korona-zamaninda-online-faaliyetlerimiz\\\/\",\"url\":\"https:\\\/\\\/ditib-chorweiler.de\\\/korona-zamaninda-online-faaliyetlerimiz\\\/\",\"name\":\"Korona Zaman\u0131nda Online Faaliyetlerimiz - DITIB K\u00f6ln Chorweiler Moschee\",\"isPartOf\":{\"@id\":\"https:\\\/\\\/ditib-chorweiler.de\\\/#website\"},\"primaryImageOfPage\":{\"@id\":\"https:\\\/\\\/ditib-chorweiler.de\\\/korona-zamaninda-online-faaliyetlerimiz\\\/#primaryimage\"},\"image\":{\"@id\":\"https:\\\/\\\/ditib-chorweiler.de\\\/korona-zamaninda-online-faaliyetlerimiz\\\/#primaryimage\"},\"thumbnailUrl\":\"https:\\\/\\\/ditib-chorweiler.de\\\/wp-content\\\/uploads\\\/2020\\\/04\\\/2.jpeg\",\"datePublished\":\"2020-04-06T18:21:00+00:00\",\"dateModified\":\"2020-04-06T18:23:11+00:00\",\"breadcrumb\":{\"@id\":\"https:\\\/\\\/ditib-chorweiler.de\\\/korona-zamaninda-online-faaliyetlerimiz\\\/#breadcrumb\"},\"inLanguage\":\"tr\",\"potentialAction\":[{\"@type\":\"ReadAction\",\"target\":[\"https:\\\/\\\/ditib-chorweiler.de\\\/korona-zamaninda-online-faaliyetlerimiz\\\/\"]}]},{\"@type\":\"ImageObject\",\"inLanguage\":\"tr\",\"@id\":\"https:\\\/\\\/ditib-chorweiler.de\\\/korona-zamaninda-online-faaliyetlerimiz\\\/#primaryimage\",\"url\":\"https:\\\/\\\/ditib-chorweiler.de\\\/wp-content\\\/uploads\\\/2020\\\/04\\\/2.jpeg\",\"contentUrl\":\"https:\\\/\\\/ditib-chorweiler.de\\\/wp-content\\\/uploads\\\/2020\\\/04\\\/2.jpeg\",\"width\":1200,\"height\":750},{\"@type\":\"BreadcrumbList\",\"@id\":\"https:\\\/\\\/ditib-chorweiler.de\\\/korona-zamaninda-online-faaliyetlerimiz\\\/#breadcrumb\",\"itemListElement\":[{\"@type\":\"ListItem\",\"position\":1,\"name\":\"Start\",\"item\":\"https:\\\/\\\/ditib-chorweiler.de\\\/\"},{\"@type\":\"ListItem\",\"position\":2,\"name\":\"Korona Zaman\u0131nda Online Faaliyetlerimiz\"}]},{\"@type\":\"WebSite\",\"@id\":\"https:\\\/\\\/ditib-chorweiler.de\\\/#website\",\"url\":\"https:\\\/\\\/ditib-chorweiler.de\\\/\",\"name\":\"DITIB K\u00f6ln Chorweiler Moschee\",\"description\":\"Ein Ort des Gebets, der Begegnung und der Gemeinschaft in K\u00f6ln-Chorweiler\",\"potentialAction\":[{\"@type\":\"SearchAction\",\"target\":{\"@type\":\"EntryPoint\",\"urlTemplate\":\"https:\\\/\\\/ditib-chorweiler.de\\\/?s={search_term_string}\"},\"query-input\":{\"@type\":\"PropertyValueSpecification\",\"valueRequired\":true,\"valueName\":\"search_term_string\"}}],\"inLanguage\":\"tr\"}]}<\/script>\n<!-- \/ Yoast SEO plugin. -->","yoast_head_json":{"title":"Korona Zaman\u0131nda Online Faaliyetlerimiz - DITIB K\u00f6ln Chorweiler Moschee","robots":{"index":"index","follow":"follow","max-snippet":"max-snippet:-1","max-image-preview":"max-image-preview:large","max-video-preview":"max-video-preview:-1"},"canonical":"https:\/\/ditib-chorweiler.de\/korona-zamaninda-online-faaliyetlerimiz\/","og_locale":"tr_TR","og_type":"article","og_title":"Korona Zaman\u0131nda Online Faaliyetlerimiz - DITIB K\u00f6ln Chorweiler Moschee","og_description":"[vc_row][vc_column][vc_column_text]\u0130\u00e7erisinden ge\u00e7mekte oldu\u011fumuz bu zor zamanlarda cami faaliyetlerimizi m\u00fcmk\u00fcn oldu\u011funca [...]","og_url":"https:\/\/ditib-chorweiler.de\/korona-zamaninda-online-faaliyetlerimiz\/","og_site_name":"DITIB K\u00f6ln Chorweiler Moschee","article_modified_time":"2020-04-06T18:23:11+00:00","og_image":[{"width":1200,"height":750,"url":"https:\/\/ditib-chorweiler.de\/wp-content\/uploads\/2020\/04\/2.jpeg","type":"image\/jpeg"}],"twitter_card":"summary_large_image","twitter_misc":{"Tahmini okuma s\u00fcresi":"1 dakika"},"schema":{"@context":"https:\/\/schema.org","@graph":[{"@type":"WebPage","@id":"https:\/\/ditib-chorweiler.de\/korona-zamaninda-online-faaliyetlerimiz\/","url":"https:\/\/ditib-chorweiler.de\/korona-zamaninda-online-faaliyetlerimiz\/","name":"Korona Zaman\u0131nda Online Faaliyetlerimiz - DITIB K\u00f6ln Chorweiler Moschee","isPartOf":{"@id":"https:\/\/ditib-chorweiler.de\/#website"},"primaryImageOfPage":{"@id":"https:\/\/ditib-chorweiler.de\/korona-zamaninda-online-faaliyetlerimiz\/#primaryimage"},"image":{"@id":"https:\/\/ditib-chorweiler.de\/korona-zamaninda-online-faaliyetlerimiz\/#primaryimage"},"thumbnailUrl":"https:\/\/ditib-chorweiler.de\/wp-content\/uploads\/2020\/04\/2.jpeg","datePublished":"2020-04-06T18:21:00+00:00","dateModified":"2020-04-06T18:23:11+00:00","breadcrumb":{"@id":"https:\/\/ditib-chorweiler.de\/korona-zamaninda-online-faaliyetlerimiz\/#breadcrumb"},"inLanguage":"tr","potentialAction":[{"@type":"ReadAction","target":["https:\/\/ditib-chorweiler.de\/korona-zamaninda-online-faaliyetlerimiz\/"]}]},{"@type":"ImageObject","inLanguage":"tr","@id":"https:\/\/ditib-chorweiler.de\/korona-zamaninda-online-faaliyetlerimiz\/#primaryimage","url":"https:\/\/ditib-chorweiler.de\/wp-content\/uploads\/2020\/04\/2.jpeg","contentUrl":"https:\/\/ditib-chorweiler.de\/wp-content\/uploads\/2020\/04\/2.jpeg","width":1200,"height":750},{"@type":"BreadcrumbList","@id":"https:\/\/ditib-chorweiler.de\/korona-zamaninda-online-faaliyetlerimiz\/#breadcrumb","itemListElement":[{"@type":"ListItem","position":1,"name":"Start","item":"https:\/\/ditib-chorweiler.de\/"},{"@type":"ListItem","position":2,"name":"Korona Zaman\u0131nda Online Faaliyetlerimiz"}]},{"@type":"WebSite","@id":"https:\/\/ditib-chorweiler.de\/#website","url":"https:\/\/ditib-chorweiler.de\/","name":"DITIB K\u00f6ln Chorweiler Moschee","description":"Ein Ort des Gebets, der Begegnung und der Gemeinschaft in K\u00f6ln-Chorweiler","potentialAction":[{"@type":"SearchAction","target":{"@type":"EntryPoint","urlTemplate":"https:\/\/ditib-chorweiler.de\/?s={search_term_string}"},"query-input":{"@type":"PropertyValueSpecification","valueRequired":true,"valueName":"search_term_string"}}],"inLanguage":"tr"}]}},"_links":{"self":[{"href":"https:\/\/ditib-chorweiler.de\/tr\/wp-json\/wp\/v2\/pages\/12624","targetHints":{"allow":["GET"]}}],"collection":[{"href":"https:\/\/ditib-chorweiler.de\/tr\/wp-json\/wp\/v2\/pages"}],"about":[{"href":"https:\/\/ditib-chorweiler.de\/tr\/wp-json\/wp\/v2\/types\/page"}],"author":[{"embeddable":true,"href":"https:\/\/ditib-chorweiler.de\/tr\/wp-json\/wp\/v2\/users\/2"}],"replies":[{"embeddable":true,"href":"https:\/\/ditib-chorweiler.de\/tr\/wp-json\/wp\/v2\/comments?post=12624"}],"version-history":[{"count":3,"href":"https:\/\/ditib-chorweiler.de\/tr\/wp-json\/wp\/v2\/pages\/12624\/revisions"}],"predecessor-version":[{"id":12627,"href":"https:\/\/ditib-chorweiler.de\/tr\/wp-json\/wp\/v2\/pages\/12624\/revisions\/12627"}],"wp:featuredmedia":[{"embeddable":true,"href":"https:\/\/ditib-chorweiler.de\/tr\/wp-json\/wp\/v2\/media\/12616"}],"wp:attachment":[{"href":"https:\/\/ditib-chorweiler.de\/tr\/wp-json\/wp\/v2\/media?parent=12624"}],"curies":[{"name":"wp","href":"https:\/\/api.w.org\/{rel}","templated":true}]}}