{"id":13312,"date":"2026-04-13T18:32:33","date_gmt":"2026-04-13T16:32:33","guid":{"rendered":"https:\/\/ditib-chorweiler.de\/?page_id=13312"},"modified":"2026-04-13T21:56:30","modified_gmt":"2026-04-13T19:56:30","slug":"kurban-2026-tr","status":"publish","type":"page","link":"https:\/\/ditib-chorweiler.de\/tr\/kurban-2026-tr\/","title":{"rendered":"Kurban Ba\u011f\u0131\u015f\u0131 2026 TR"},"content":{"rendered":"<p><div class=\"fusion-fullwidth fullwidth-box fusion-builder-row-1 fusion-flex-container has-pattern-background has-mask-background nonhundred-percent-fullwidth non-hundred-percent-height-scrolling\" style=\"--awb-border-radius-top-left:0px;--awb-border-radius-top-right:0px;--awb-border-radius-bottom-right:0px;--awb-border-radius-bottom-left:0px;--awb-padding-top:0px;--awb-padding-bottom:0px;--awb-margin-top:0px;--awb-flex-wrap:wrap;\" ><div class=\"fusion-builder-row fusion-row fusion-flex-align-items-flex-start fusion-flex-content-wrap\" style=\"max-width:calc( 1200px + 0px );margin-left: calc(-0px \/ 2 );margin-right: calc(-0px \/ 2 );\"><div class=\"fusion-layout-column fusion_builder_column fusion-builder-column-0 fusion_builder_column_1_1 1_1 fusion-flex-column\" style=\"--awb-bg-blend:overlay;--awb-bg-size:cover;--awb-box-shadow:0px 6px 36px 0px hsla(var(--awb-color7-h),var(--awb-color7-s),var(--awb-color7-l),calc( var(--awb-color7-a) - 90% ));;--awb-width-large:100%;--awb-margin-top-large:0px;--awb-spacing-right-large:0px;--awb-margin-bottom-large:20px;--awb-spacing-left-large:0px;--awb-width-medium:100%;--awb-spacing-right-medium:0px;--awb-spacing-left-medium:0px;--awb-width-small:100%;--awb-spacing-right-small:0px;--awb-spacing-left-small:0px;\"><div class=\"fusion-column-wrapper fusion-column-has-shadow fusion-flex-justify-content-flex-start fusion-content-layout-column\"><div class=\"fusion-image-element \" style=\"text-align:center;--awb-liftup-border-radius:8px;--awb-caption-title-font-family:var(--h2_typography-font-family);--awb-caption-title-font-weight:var(--h2_typography-font-weight);--awb-caption-title-font-style:var(--h2_typography-font-style);--awb-caption-title-size:var(--h2_typography-font-size);--awb-caption-title-transform:var(--h2_typography-text-transform);--awb-caption-title-line-height:var(--h2_typography-line-height);--awb-caption-title-letter-spacing:var(--h2_typography-letter-spacing);\"><div class=\"awb-image-frame awb-image-frame-1 imageframe-liftup imageframe-1\"><span class=\" fusion-imageframe imageframe-none imageframe-1\" style=\"border-radius:8px;\"><img decoding=\"async\" width=\"1807\" height=\"638\" title=\"kurban-galeri-10 (1)\" src=\"https:\/\/ditib-chorweiler.de\/wp-content\/uploads\/2026\/04\/kurban-galeri-10-1-e1776024585877.jpg\" alt class=\"img-responsive wp-image-13313\" srcset=\"https:\/\/ditib-chorweiler.de\/wp-content\/uploads\/2026\/04\/kurban-galeri-10-1-e1776024585877-200x71.jpg 200w, https:\/\/ditib-chorweiler.de\/wp-content\/uploads\/2026\/04\/kurban-galeri-10-1-e1776024585877-400x141.jpg 400w, https:\/\/ditib-chorweiler.de\/wp-content\/uploads\/2026\/04\/kurban-galeri-10-1-e1776024585877-600x212.jpg 600w, https:\/\/ditib-chorweiler.de\/wp-content\/uploads\/2026\/04\/kurban-galeri-10-1-e1776024585877-800x282.jpg 800w, https:\/\/ditib-chorweiler.de\/wp-content\/uploads\/2026\/04\/kurban-galeri-10-1-e1776024585877-1200x424.jpg 1200w, https:\/\/ditib-chorweiler.de\/wp-content\/uploads\/2026\/04\/kurban-galeri-10-1-e1776024585877.jpg 1807w\" sizes=\"(max-width: 640px) 100vw, 1807px\" \/><\/span><\/div><\/div><\/div><\/div><\/div><\/div><div class=\"fusion-fullwidth fullwidth-box fusion-builder-row-2 fusion-flex-container has-pattern-background has-mask-background nonhundred-percent-fullwidth non-hundred-percent-height-scrolling\" style=\"--awb-border-radius-top-left:0px;--awb-border-radius-top-right:0px;--awb-border-radius-bottom-right:0px;--awb-border-radius-bottom-left:0px;--awb-padding-top:0px;--awb-padding-bottom:0px;--awb-margin-bottom:0px;--awb-flex-wrap:wrap;\" ><div class=\"fusion-builder-row fusion-row fusion-flex-align-items-flex-start fusion-flex-content-wrap\" style=\"max-width:1248px;margin-left: calc(-4% \/ 2 );margin-right: calc(-4% \/ 2 );\"><div class=\"fusion-layout-column fusion_builder_column fusion-builder-column-1 fusion_builder_column_1_1 1_1 fusion-flex-column\" style=\"--awb-padding-top:0%;--awb-padding-right:8%;--awb-padding-bottom:3%;--awb-padding-left:8%;--awb-overflow:hidden;--awb-bg-color:var(--awb-color1);--awb-bg-color-hover:var(--awb-color1);--awb-bg-size:cover;--awb-box-shadow:0px 4px 34px 0px hsla(var(--awb-color7-h),var(--awb-color7-s),var(--awb-color7-l),calc( var(--awb-color7-a) - 93% ));;--awb-border-radius:8px 8px 8px 8px;--awb-width-large:100%;--awb-margin-top-large:0px;--awb-spacing-right-large:1.92%;--awb-margin-bottom-large:0px;--awb-spacing-left-large:1.92%;--awb-width-medium:100%;--awb-order-medium:0;--awb-spacing-right-medium:1.92%;--awb-spacing-left-medium:1.92%;--awb-width-small:100%;--awb-order-small:0;--awb-spacing-right-small:1.92%;--awb-spacing-left-small:1.92%;\" data-scroll-devices=\"small-visibility,medium-visibility,large-visibility\"><div class=\"fusion-column-wrapper fusion-column-has-shadow fusion-flex-justify-content-flex-start fusion-content-layout-column\"><div class=\"fusion-title title fusion-title-1 fusion-sep-none fusion-title-text fusion-title-size-two\" style=\"--awb-text-color:var(--awb-color5);--awb-margin-top-small:10px;--awb-margin-right-small:0px;--awb-margin-bottom-small:10px;--awb-margin-left-small:0px;\"><h2 class=\"fusion-title-heading title-heading-left\" style=\"font-family:&quot;Fedra Sans Bold&quot;;font-style:normal;font-weight:400;margin:0;\"><p>Kurban\u0131n\u0131 Payla\u015f<br \/>\nKarde\u015finle Yak\u0131nla\u015f<\/p><\/h2><\/div><div class=\"fusion-text fusion-text-1\" style=\"--awb-text-font-family:&quot;Fedra Sans Bold&quot;;--awb-text-font-style:normal;--awb-text-font-weight:400;\"><p>\u201c\u015eimdi sen Rabbine kulluk et ve kurban kes.\u201d (Kevser, 2)<\/p>\n<\/div><div class=\"fusion-text fusion-text-2 fusion-text-no-margin\" style=\"--awb-margin-bottom:0px;--awb-text-font-family:&quot;Fedra Sans Normal&quot;;--awb-text-font-style:normal;--awb-text-font-weight:400;\"><p>Vekaleten kurban ba\u011f\u0131\u015f\u0131n\u0131z\u0131 ger\u00e7ekle\u015ftirirken, ad\u0131na kesim yap\u0131lmas\u0131n\u0131 istedi\u011finiz ki\u015finin bilgilerini girmeniz gerekmektedir. A\u00e7\u0131klama k\u0131sm\u0131nda yer alan isimler ad\u0131na kesim ger\u00e7ekle\u015ftirilmemektedir.<\/p>\n<p>Kurban\u0131n\u0131z\u0131n kesilece\u011fi \u00fclke Vakf\u0131m\u0131z taraf\u0131ndan yap\u0131lan planlamalar do\u011frultusunda belirlenmekte olup, s\u00f6z konusu \u00fclkenin \u015fartlar\u0131na ve o b\u00f6lgedeki hayvan t\u00fcr\u00fcne g\u00f6re kurban\u0131n\u0131z k\u00fc\u00e7\u00fckba\u015f veya b\u00fcy\u00fckba\u015f olarak kesilebilmektedir. Bu kapsamda ba\u011f\u0131\u015f s\u0131ras\u0131nda \u00fclke veya k\u00fc\u00e7\u00fckba\u015f\/b\u00fcy\u00fckba\u015f tercihi yap\u0131lamamaktad\u0131r.<\/p>\n<p>Kurban hisse bedeline t\u00fcm masraflar dahildir.<\/p>\n<\/div><\/div><\/div><\/div><\/div><div class=\"fusion-fullwidth fullwidth-box fusion-builder-row-3 fusion-flex-container has-pattern-background has-mask-background nonhundred-percent-fullwidth non-hundred-percent-height-scrolling\" style=\"--awb-border-radius-top-left:0px;--awb-border-radius-top-right:0px;--awb-border-radius-bottom-right:0px;--awb-border-radius-bottom-left:0px;--awb-padding-top:0%;--awb-padding-right:0px;--awb-padding-bottom:0%;--awb-padding-left:0px;--awb-flex-wrap:wrap;\" ><div class=\"fusion-builder-row fusion-row fusion-flex-align-items-flex-start fusion-flex-content-wrap\" style=\"max-width:1248px;margin-left: calc(-4% \/ 2 );margin-right: calc(-4% \/ 2 );\"><div class=\"fusion-layout-column fusion_builder_column fusion-builder-column-2 fusion_builder_column_1_1 1_1 fusion-flex-column\" style=\"--awb-bg-size:cover;--awb-width-large:100%;--awb-margin-top-large:0px;--awb-spacing-right-large:1.92%;--awb-margin-bottom-large:20px;--awb-spacing-left-large:1.92%;--awb-width-medium:100%;--awb-order-medium:0;--awb-spacing-right-medium:1.92%;--awb-spacing-left-medium:1.92%;--awb-width-small:100%;--awb-order-small:0;--awb-spacing-right-small:1.92%;--awb-spacing-left-small:1.92%;\" data-scroll-devices=\"small-visibility,medium-visibility,large-visibility\"><div class=\"fusion-column-wrapper fusion-column-has-shadow fusion-flex-justify-content-flex-start fusion-content-layout-column\"><!-- twingle -->\n<script type=\"text\/javascript\">\n\t(function() {\n\t\tvar u=\"https:\/\/spenden.twingle.de\/embed\/ditib-turkisch-islamische-gemeinde-zu-chorweiler-e-v\/kurban-tr\/tw69dbf46d01e47\/widget?lang=tr\";\n\t\tvar id = '_' + Math.random().toString(36).substr(2, 9);\n\t\tvar d=document, g=d.createElement('script'), s=d.getElementsByTagName('script')[0], t=d.createElement('div');\n        t.id = 'twingle-public-embed-' + id;\n        document.currentScript.after(t);\n\t\tg.type='text\/javascript'; g.async=true; g.id='tw-' + id; g.defer=true; g.src=u; s.parentNode.insertBefore(g,s);\n\t})();\n<\/script>\n<!-- twingle --><\/div><\/div><\/div><\/div><\/p>\n","protected":false},"excerpt":{"rendered":"","protected":false},"author":1,"featured_media":13313,"parent":0,"menu_order":0,"comment_status":"closed","ping_status":"closed","template":"100-width.php","meta":{"_acf_changed":false,"footnotes":""},"class_list":["post-13312","page","type-page","status-publish","has-post-thumbnail","hentry"],"acf":[],"yoast_head":"<!-- This site is optimized with the Yoast SEO plugin v27.3 - https:\/\/yoast.com\/product\/yoast-seo-wordpress\/ -->\n<title>Kurban Ba\u011f\u0131\u015f\u0131 2026 TR - DITIB K\u00f6ln Chorweiler Moschee<\/title>\n<meta name=\"robots\" content=\"index, follow, max-snippet:-1, max-image-preview:large, max-video-preview:-1\" \/>\n<link rel=\"canonical\" href=\"https:\/\/ditib-chorweiler.de\/tr\/kurban-2026-tr\/\" \/>\n<meta property=\"og:locale\" content=\"tr_TR\" \/>\n<meta property=\"og:type\" content=\"article\" \/>\n<meta property=\"og:title\" content=\"Kurban Ba\u011f\u0131\u015f\u0131 2026 TR - DITIB K\u00f6ln Chorweiler Moschee\" \/>\n<meta property=\"og:url\" content=\"https:\/\/ditib-chorweiler.de\/tr\/kurban-2026-tr\/\" \/>\n<meta property=\"og:site_name\" content=\"DITIB K\u00f6ln Chorweiler Moschee\" \/>\n<meta property=\"article:modified_time\" content=\"2026-04-13T19:56:30+00:00\" \/>\n<meta property=\"og:image\" content=\"https:\/\/ditib-chorweiler.de\/wp-content\/uploads\/2026\/04\/kurban-galeri-10-1-e1776024585877.jpg\" \/>\n\t<meta property=\"og:image:width\" content=\"1807\" \/>\n\t<meta property=\"og:image:height\" content=\"638\" \/>\n\t<meta property=\"og:image:type\" content=\"image\/jpeg\" \/>\n<meta name=\"twitter:card\" content=\"summary_large_image\" \/>\n<meta name=\"twitter:label1\" content=\"Tahmini okuma s\u00fcresi\" \/>\n\t<meta name=\"twitter:data1\" content=\"1 dakika\" \/>\n<script type=\"application\/ld+json\" class=\"yoast-schema-graph\">{\"@context\":\"https:\\\/\\\/schema.org\",\"@graph\":[{\"@type\":\"WebPage\",\"@id\":\"https:\\\/\\\/ditib-chorweiler.de\\\/tr\\\/kurban-2026-tr\\\/\",\"url\":\"https:\\\/\\\/ditib-chorweiler.de\\\/tr\\\/kurban-2026-tr\\\/\",\"name\":\"Kurban Ba\u011f\u0131\u015f\u0131 2026 TR - DITIB K\u00f6ln Chorweiler Moschee\",\"isPartOf\":{\"@id\":\"https:\\\/\\\/ditib-chorweiler.de\\\/#website\"},\"primaryImageOfPage\":{\"@id\":\"https:\\\/\\\/ditib-chorweiler.de\\\/tr\\\/kurban-2026-tr\\\/#primaryimage\"},\"image\":{\"@id\":\"https:\\\/\\\/ditib-chorweiler.de\\\/tr\\\/kurban-2026-tr\\\/#primaryimage\"},\"thumbnailUrl\":\"https:\\\/\\\/ditib-chorweiler.de\\\/wp-content\\\/uploads\\\/2026\\\/04\\\/kurban-galeri-10-1-e1776024585877.jpg\",\"datePublished\":\"2026-04-13T16:32:33+00:00\",\"dateModified\":\"2026-04-13T19:56:30+00:00\",\"breadcrumb\":{\"@id\":\"https:\\\/\\\/ditib-chorweiler.de\\\/tr\\\/kurban-2026-tr\\\/#breadcrumb\"},\"inLanguage\":\"tr\",\"potentialAction\":[{\"@type\":\"ReadAction\",\"target\":[\"https:\\\/\\\/ditib-chorweiler.de\\\/tr\\\/kurban-2026-tr\\\/\"]}]},{\"@type\":\"ImageObject\",\"inLanguage\":\"tr\",\"@id\":\"https:\\\/\\\/ditib-chorweiler.de\\\/tr\\\/kurban-2026-tr\\\/#primaryimage\",\"url\":\"https:\\\/\\\/ditib-chorweiler.de\\\/wp-content\\\/uploads\\\/2026\\\/04\\\/kurban-galeri-10-1-e1776024585877.jpg\",\"contentUrl\":\"https:\\\/\\\/ditib-chorweiler.de\\\/wp-content\\\/uploads\\\/2026\\\/04\\\/kurban-galeri-10-1-e1776024585877.jpg\",\"width\":1807,\"height\":638},{\"@type\":\"BreadcrumbList\",\"@id\":\"https:\\\/\\\/ditib-chorweiler.de\\\/tr\\\/kurban-2026-tr\\\/#breadcrumb\",\"itemListElement\":[{\"@type\":\"ListItem\",\"position\":1,\"name\":\"Start\",\"item\":\"https:\\\/\\\/ditib-chorweiler.de\\\/\"},{\"@type\":\"ListItem\",\"position\":2,\"name\":\"Kurban Ba\u011f\u0131\u015f\u0131 2026 TR\"}]},{\"@type\":\"WebSite\",\"@id\":\"https:\\\/\\\/ditib-chorweiler.de\\\/#website\",\"url\":\"https:\\\/\\\/ditib-chorweiler.de\\\/\",\"name\":\"DITIB K\u00f6ln Chorweiler Moschee\",\"description\":\"Ein Ort des Gebets, der Begegnung und der Gemeinschaft in K\u00f6ln-Chorweiler\",\"potentialAction\":[{\"@type\":\"SearchAction\",\"target\":{\"@type\":\"EntryPoint\",\"urlTemplate\":\"https:\\\/\\\/ditib-chorweiler.de\\\/?s={search_term_string}\"},\"query-input\":{\"@type\":\"PropertyValueSpecification\",\"valueRequired\":true,\"valueName\":\"search_term_string\"}}],\"inLanguage\":\"tr\"}]}<\/script>\n<!-- \/ Yoast SEO plugin. -->","yoast_head_json":{"title":"Kurban Ba\u011f\u0131\u015f\u0131 2026 TR - DITIB K\u00f6ln Chorweiler Moschee","robots":{"index":"index","follow":"follow","max-snippet":"max-snippet:-1","max-image-preview":"max-image-preview:large","max-video-preview":"max-video-preview:-1"},"canonical":"https:\/\/ditib-chorweiler.de\/tr\/kurban-2026-tr\/","og_locale":"tr_TR","og_type":"article","og_title":"Kurban Ba\u011f\u0131\u015f\u0131 2026 TR - DITIB K\u00f6ln Chorweiler Moschee","og_url":"https:\/\/ditib-chorweiler.de\/tr\/kurban-2026-tr\/","og_site_name":"DITIB K\u00f6ln Chorweiler Moschee","article_modified_time":"2026-04-13T19:56:30+00:00","og_image":[{"width":1807,"height":638,"url":"https:\/\/ditib-chorweiler.de\/wp-content\/uploads\/2026\/04\/kurban-galeri-10-1-e1776024585877.jpg","type":"image\/jpeg"}],"twitter_card":"summary_large_image","twitter_misc":{"Tahmini okuma s\u00fcresi":"1 dakika"},"schema":{"@context":"https:\/\/schema.org","@graph":[{"@type":"WebPage","@id":"https:\/\/ditib-chorweiler.de\/tr\/kurban-2026-tr\/","url":"https:\/\/ditib-chorweiler.de\/tr\/kurban-2026-tr\/","name":"Kurban Ba\u011f\u0131\u015f\u0131 2026 TR - DITIB K\u00f6ln Chorweiler Moschee","isPartOf":{"@id":"https:\/\/ditib-chorweiler.de\/#website"},"primaryImageOfPage":{"@id":"https:\/\/ditib-chorweiler.de\/tr\/kurban-2026-tr\/#primaryimage"},"image":{"@id":"https:\/\/ditib-chorweiler.de\/tr\/kurban-2026-tr\/#primaryimage"},"thumbnailUrl":"https:\/\/ditib-chorweiler.de\/wp-content\/uploads\/2026\/04\/kurban-galeri-10-1-e1776024585877.jpg","datePublished":"2026-04-13T16:32:33+00:00","dateModified":"2026-04-13T19:56:30+00:00","breadcrumb":{"@id":"https:\/\/ditib-chorweiler.de\/tr\/kurban-2026-tr\/#breadcrumb"},"inLanguage":"tr","potentialAction":[{"@type":"ReadAction","target":["https:\/\/ditib-chorweiler.de\/tr\/kurban-2026-tr\/"]}]},{"@type":"ImageObject","inLanguage":"tr","@id":"https:\/\/ditib-chorweiler.de\/tr\/kurban-2026-tr\/#primaryimage","url":"https:\/\/ditib-chorweiler.de\/wp-content\/uploads\/2026\/04\/kurban-galeri-10-1-e1776024585877.jpg","contentUrl":"https:\/\/ditib-chorweiler.de\/wp-content\/uploads\/2026\/04\/kurban-galeri-10-1-e1776024585877.jpg","width":1807,"height":638},{"@type":"BreadcrumbList","@id":"https:\/\/ditib-chorweiler.de\/tr\/kurban-2026-tr\/#breadcrumb","itemListElement":[{"@type":"ListItem","position":1,"name":"Start","item":"https:\/\/ditib-chorweiler.de\/"},{"@type":"ListItem","position":2,"name":"Kurban Ba\u011f\u0131\u015f\u0131 2026 TR"}]},{"@type":"WebSite","@id":"https:\/\/ditib-chorweiler.de\/#website","url":"https:\/\/ditib-chorweiler.de\/","name":"DITIB K\u00f6ln Chorweiler Moschee","description":"Ein Ort des Gebets, der Begegnung und der Gemeinschaft in K\u00f6ln-Chorweiler","potentialAction":[{"@type":"SearchAction","target":{"@type":"EntryPoint","urlTemplate":"https:\/\/ditib-chorweiler.de\/?s={search_term_string}"},"query-input":{"@type":"PropertyValueSpecification","valueRequired":true,"valueName":"search_term_string"}}],"inLanguage":"tr"}]}},"_links":{"self":[{"href":"https:\/\/ditib-chorweiler.de\/tr\/wp-json\/wp\/v2\/pages\/13312","targetHints":{"allow":["GET"]}}],"collection":[{"href":"https:\/\/ditib-chorweiler.de\/tr\/wp-json\/wp\/v2\/pages"}],"about":[{"href":"https:\/\/ditib-chorweiler.de\/tr\/wp-json\/wp\/v2\/types\/page"}],"author":[{"embeddable":true,"href":"https:\/\/ditib-chorweiler.de\/tr\/wp-json\/wp\/v2\/users\/1"}],"replies":[{"embeddable":true,"href":"https:\/\/ditib-chorweiler.de\/tr\/wp-json\/wp\/v2\/comments?post=13312"}],"version-history":[{"count":6,"href":"https:\/\/ditib-chorweiler.de\/tr\/wp-json\/wp\/v2\/pages\/13312\/revisions"}],"predecessor-version":[{"id":13319,"href":"https:\/\/ditib-chorweiler.de\/tr\/wp-json\/wp\/v2\/pages\/13312\/revisions\/13319"}],"wp:featuredmedia":[{"embeddable":true,"href":"https:\/\/ditib-chorweiler.de\/tr\/wp-json\/wp\/v2\/media\/13313"}],"wp:attachment":[{"href":"https:\/\/ditib-chorweiler.de\/tr\/wp-json\/wp\/v2\/media?parent=13312"}],"curies":[{"name":"wp","href":"https:\/\/api.w.org\/{rel}","templated":true}]}}